{"id":187,"date":"2010-10-13T18:48:39","date_gmt":"2010-10-13T18:48:39","guid":{"rendered":"http:\/\/fotoplus.com\/acesso\/?page_id=187"},"modified":"2010-10-13T18:48:39","modified_gmt":"2010-10-13T18:48:39","slug":"diarios-oficiais-da-uniao-e-dos-estados","status":"publish","type":"page","link":"https:\/\/www.fotoplus.com\/acesso\/?page_id=187","title":{"rendered":"Di\u00e1rios Oficiais"},"content":{"rendered":"<div>\n<p>Diversos editores de Di\u00e1rios Oficiais de estados brasileiros e da Uni\u00e3o disponibilizam edi\u00e7\u00f5es online. Alguns portais re\u00fanem links que permitem f\u00e1cil acesso. Aqui est\u00e3o listados inicialmente portais e a seguir links diretos.<\/p>\n<p><strong>| Portais |<\/strong><\/p>\n<p><strong><a title=\"JusBrasil\" href=\"http:\/\/fotoplus.com\/acesso\/?p=191\" target=\"_self\">JusBrasil Di\u00e1rios Oficiais<\/a><\/strong><\/p>\n<p>&nbsp;<\/p>\n<p>| <strong>Regionais<\/strong> |<\/p>\n<p><a title=\"Di\u00e1rio Oficial da Cidade de S\u00e3o Paulo\" href=\"http:\/\/www.fotoplus.com\/acesso\/?p=420\"><strong>Di\u00e1rio Oficial da Cidade de S\u00e3o Paulo<\/strong><\/a><\/p>\n<\/div>\n","protected":false},"excerpt":{"rendered":"<p>Diversos editores de Di\u00e1rios Oficiais de estados brasileiros e da Uni\u00e3o disponibilizam edi\u00e7\u00f5es online. Alguns portais re\u00fanem links que permitem f\u00e1cil acesso. Aqui est\u00e3o listados inicialmente portais e a seguir links diretos. | Portais | JusBrasil Di\u00e1rios Oficiais &nbsp; | Regionais | Di\u00e1rio Oficial da Cidade de S\u00e3o Paulo<\/p>\n","protected":false},"author":1,"featured_media":0,"parent":10,"menu_order":1,"comment_status":"closed","ping_status":"closed","template":"","meta":{"footnotes":""},"class_list":["post-187","page","type-page","status-publish","hentry"],"_links":{"self":[{"href":"https:\/\/www.fotoplus.com\/acesso\/index.php?rest_route=\/wp\/v2\/pages\/187","targetHints":{"allow":["GET"]}}],"collection":[{"href":"https:\/\/www.fotoplus.com\/acesso\/index.php?rest_route=\/wp\/v2\/pages"}],"about":[{"href":"https:\/\/www.fotoplus.com\/acesso\/index.php?rest_route=\/wp\/v2\/types\/page"}],"author":[{"embeddable":true,"href":"https:\/\/www.fotoplus.com\/acesso\/index.php?rest_route=\/wp\/v2\/users\/1"}],"replies":[{"embeddable":true,"href":"https:\/\/www.fotoplus.com\/acesso\/index.php?rest_route=%2Fwp%2Fv2%2Fcomments&post=187"}],"version-history":[{"count":0,"href":"https:\/\/www.fotoplus.com\/acesso\/index.php?rest_route=\/wp\/v2\/pages\/187\/revisions"}],"up":[{"embeddable":true,"href":"https:\/\/www.fotoplus.com\/acesso\/index.php?rest_route=\/wp\/v2\/pages\/10"}],"wp:attachment":[{"href":"https:\/\/www.fotoplus.com\/acesso\/index.php?rest_route=%2Fwp%2Fv2%2Fmedia&parent=187"}],"curies":[{"name":"wp","href":"https:\/\/api.w.org\/{rel}","templated":true}]}}