{"id":251,"date":"2010-11-04T20:26:34","date_gmt":"2010-11-04T20:26:34","guid":{"rendered":"http:\/\/fotoplus.com\/acesso\/?page_id=251"},"modified":"2026-03-29T22:49:16","modified_gmt":"2026-03-30T01:49:16","slug":"artes-visuais","status":"publish","type":"page","link":"https:\/\/www.fotoplus.com\/acesso\/?page_id=251","title":{"rendered":"Artes visuais"},"content":{"rendered":"\n<p>Institui\u00e7\u00f5es de mem\u00f3ria de diferentes escopos, fundos pessoais e outras cole\u00e7\u00f5es de artes visuais brasileiras come\u00e7aram timidamente a disponibilizar seus acervos online com atraso em rela\u00e7\u00e3o a outros segmentos.<\/p>\n\n\n\n<p><strong>Projetos tem\u00e1ticos<\/strong><\/p>\n\n\n\n<ul class=\"wp-block-list\">\n<li><strong><a href=\"http:\/\/fotoplus.com\/acesso\/?p=627\">Instituto de Arte Contempor\u00e2nea-IAC<\/a>\u00a0<\/strong>(SP)<\/li>\n\n\n\n<li><strong><a href=\"http:\/\/e http:\/\/fotoplus.com\/acesso\/?p=712\">Museu Mariano Proc\u00f3pio<\/a><\/strong> (MG)<\/li>\n\n\n\n<li><strong><a title=\"Projeto Portinari\" href=\"http:\/\/fotoplus.com\/acesso\/?p=253\" target=\"_self\" rel=\"noopener noreferrer\">Projeto Portinari<\/a><br><br><\/strong><br><strong>Museus: acervos online<\/strong><br><\/li>\n\n\n\n<li><strong>MAC-USP<\/strong> (Museu de Arte Contempor\u00e2nea-USP)<\/li>\n\n\n\n<li><strong>MAM-SP<\/strong> (Museu de Arte Modernra)<\/li>\n\n\n\n<li><strong>MASP<\/strong> (SP)<\/li>\n\n\n\n<li><strong><a href=\"https:\/\/www.fotoplus.com\/acesso\/?p=1307\">Museu do Ipiranga<\/a><\/strong> (Museu Paulista-USP)<\/li>\n\n\n\n<li><a href=\"http:\/\/fotoplus.com\/acesso\/?p=654\"><strong>Museu Lasar Segall<\/strong><\/a> (SP)<br><\/li>\n<\/ul>\n\n\n\n<p><strong>Portais de publica\u00e7\u00f5es modernistas e vanguardas<\/strong><\/p>\n\n\n\n<ul class=\"wp-block-list\">\n<li><a href=\"http:\/\/www.fotoplus.com\/acesso\/?p=735\">The Modernist Journals Project <\/a>(EUA)<\/li>\n\n\n\n<li><a href=\"http:\/\/fotoplus.com\/acesso\/?p=789\">Monoskop: avant-garde and modernist magazines<\/a> (EUA)<br><\/li>\n<\/ul>\n\n\n\n<p><strong>Portais de publica\u00e7\u00f5es<\/strong> (museus, etc)<\/p>\n\n\n\n<ul class=\"wp-block-list\">\n<li><a href=\"http:\/\/www.fotoplus.com\/acesso\/?p=1023\">SESC Digital (SP)<\/a>: artes visuais, etc<\/li>\n<\/ul>\n\n\n\n<p><\/p>\n","protected":false},"excerpt":{"rendered":"<p>Institui\u00e7\u00f5es de mem\u00f3ria de diferentes escopos, fundos pessoais e outras cole\u00e7\u00f5es de artes visuais brasileiras come\u00e7aram timidamente a disponibilizar seus acervos online com atraso em rela\u00e7\u00e3o a outros segmentos. Projetos tem\u00e1ticos Portais de publica\u00e7\u00f5es modernistas e vanguardas Portais de publica\u00e7\u00f5es (museus, etc)<\/p>\n","protected":false},"author":1,"featured_media":0,"parent":0,"menu_order":0,"comment_status":"closed","ping_status":"closed","template":"","meta":{"footnotes":""},"class_list":["post-251","page","type-page","status-publish","hentry"],"_links":{"self":[{"href":"https:\/\/www.fotoplus.com\/acesso\/index.php?rest_route=\/wp\/v2\/pages\/251","targetHints":{"allow":["GET"]}}],"collection":[{"href":"https:\/\/www.fotoplus.com\/acesso\/index.php?rest_route=\/wp\/v2\/pages"}],"about":[{"href":"https:\/\/www.fotoplus.com\/acesso\/index.php?rest_route=\/wp\/v2\/types\/page"}],"author":[{"embeddable":true,"href":"https:\/\/www.fotoplus.com\/acesso\/index.php?rest_route=\/wp\/v2\/users\/1"}],"replies":[{"embeddable":true,"href":"https:\/\/www.fotoplus.com\/acesso\/index.php?rest_route=%2Fwp%2Fv2%2Fcomments&post=251"}],"version-history":[{"count":9,"href":"https:\/\/www.fotoplus.com\/acesso\/index.php?rest_route=\/wp\/v2\/pages\/251\/revisions"}],"predecessor-version":[{"id":1322,"href":"https:\/\/www.fotoplus.com\/acesso\/index.php?rest_route=\/wp\/v2\/pages\/251\/revisions\/1322"}],"wp:attachment":[{"href":"https:\/\/www.fotoplus.com\/acesso\/index.php?rest_route=%2Fwp%2Fv2%2Fmedia&parent=251"}],"curies":[{"name":"wp","href":"https:\/\/api.w.org\/{rel}","templated":true}]}}