{"id":65,"date":"2010-09-28T14:58:03","date_gmt":"2010-09-28T14:58:03","guid":{"rendered":"http:\/\/fotoplus.com\/acesso\/?page_id=65"},"modified":"2010-09-28T14:58:03","modified_gmt":"2010-09-28T14:58:03","slug":"legislacao","status":"publish","type":"page","link":"https:\/\/www.fotoplus.com\/acesso\/?page_id=65","title":{"rendered":"Legisla\u00e7\u00e3o"},"content":{"rendered":"<p>Grande n\u00famero de portais legislativos oferecem bases de dados sobre sua esfera de atua\u00e7\u00e3o, nem todas por\u00e9m com recupera\u00e7\u00e3o de textos na \u00edntegra. Veja tamb\u00e9m <strong><a title=\"Di\u00e1rios Oficiais\" href=\"http:\/\/fotoplus.com\/acesso\/?page_id=187\" target=\"_self\">Di\u00e1rios Oficiai<\/a><\/strong>s.<\/p>\n<p>.<strong><a title=\"S\u00e3o Paulo (cidade) - SP - Cadastro de Leis\" href=\" http:\/\/fotoplus.com\/acesso\/?p=67\" target=\"_self\">S\u00e3o Paulo (cidade) &#8211; SP &#8211; portal Prefeitura de S\u00e3o Paulo<\/a><\/strong><\/p>\n","protected":false},"excerpt":{"rendered":"<p>Grande n\u00famero de portais legislativos oferecem bases de dados sobre sua esfera de atua\u00e7\u00e3o, nem todas por\u00e9m com recupera\u00e7\u00e3o de textos na \u00edntegra. Veja tamb\u00e9m Di\u00e1rios Oficiais. .S\u00e3o Paulo (cidade) &#8211; SP &#8211; portal Prefeitura de S\u00e3o Paulo<\/p>\n","protected":false},"author":1,"featured_media":0,"parent":0,"menu_order":0,"comment_status":"closed","ping_status":"closed","template":"","meta":{"footnotes":""},"class_list":["post-65","page","type-page","status-publish","hentry"],"_links":{"self":[{"href":"https:\/\/www.fotoplus.com\/acesso\/index.php?rest_route=\/wp\/v2\/pages\/65","targetHints":{"allow":["GET"]}}],"collection":[{"href":"https:\/\/www.fotoplus.com\/acesso\/index.php?rest_route=\/wp\/v2\/pages"}],"about":[{"href":"https:\/\/www.fotoplus.com\/acesso\/index.php?rest_route=\/wp\/v2\/types\/page"}],"author":[{"embeddable":true,"href":"https:\/\/www.fotoplus.com\/acesso\/index.php?rest_route=\/wp\/v2\/users\/1"}],"replies":[{"embeddable":true,"href":"https:\/\/www.fotoplus.com\/acesso\/index.php?rest_route=%2Fwp%2Fv2%2Fcomments&post=65"}],"version-history":[{"count":0,"href":"https:\/\/www.fotoplus.com\/acesso\/index.php?rest_route=\/wp\/v2\/pages\/65\/revisions"}],"wp:attachment":[{"href":"https:\/\/www.fotoplus.com\/acesso\/index.php?rest_route=%2Fwp%2Fv2%2Fmedia&parent=65"}],"curies":[{"name":"wp","href":"https:\/\/api.w.org\/{rel}","templated":true}]}}