{"id":935,"date":"2020-06-11T00:45:39","date_gmt":"2020-06-11T03:45:39","guid":{"rendered":"http:\/\/www.fotoplus.com\/acesso\/?page_id=935"},"modified":"2025-03-12T10:30:46","modified_gmt":"2025-03-12T13:30:46","slug":"decolonizando-o-livro-libro-book-livre-fotografico","status":"publish","type":"page","link":"https:\/\/www.fotoplus.com\/acesso\/?page_id=935","title":{"rendered":"Decolonizando o livro\/libro\/book\/livre\/Buch (fotogr\u00e1fico)"},"content":{"rendered":"\n<p>Embora totalmente fora do escopo do projeto <strong>Acesso<\/strong>, esta p\u00e1gina apresenta portais de livros (em geral, mas com destaque para fotogr\u00e1ficos) de t\u00edtulos em formatos eletr\u00f4nicos, bem como portais de livrarias, editoras, livreiros em especial de livros usados (libros leidos&#8230;).<\/p>\n\n\n\n<p>Procura-se quebrar a grande filtragem existente de circula\u00e7\u00e3o de obras &#8211; f\u00edsicas ou eletr\u00f4nicas fora dos grandes polos de influ\u00eancia &#8211; EUA, Europa Ocidental em especial. Inclui assim de editores alternativos a aficionados hackers.<\/p>\n\n\n\n<p>Os links aqui remetem diretamente \u00e0s p\u00e1ginas, sem coment\u00e1rios adicionais.<br><\/p>\n\n\n\n<p>Veja tamb\u00e9m<br>&gt; <a href=\"http:\/\/www.fotoplus.com\/acesso\/?p=991\">Bibliotecas acad\u00eamicas \u2013 Brasil<\/a><br>&gt; <a href=\"http:\/\/www.fotoplus.com\/acesso\/?page_id=241\">Outros pa\u00edses<\/a> (bibliotecas&#8230;)<\/p>\n\n\n\n<hr class=\"wp-block-separator has-css-opacity\"\/>\n\n\n\n<p class=\"has-medium-font-size\"><br><strong>Mega portais | Livrarias | Sebos | Produ\u00e7\u00e3o Acad\u00eamica<\/strong><br><\/p>\n\n\n\n<hr class=\"wp-block-separator has-css-opacity\"\/>\n\n\n\n<h2 class=\"wp-block-heading\"><strong>Mega portais<\/strong><\/h2>\n\n\n\n<p>Acesso seguro, sem problemas de v\u00edrus, a livros em formatos pdf, epub etc. Implica, exceto &#8216;de forma torta&#8217; ao Archive.org, a c\u00f3pias com quebra de direitos autorais.<\/p>\n\n\n\n<p><strong>. Archive.org  <\/strong>(1996)- <a rel=\"noreferrer noopener\" aria-label=\" (abre numa nova aba)\" href=\"http:\/\/archive.org\" target=\"_blank\">http:\/\/archive.org<\/a>  (veja verbete na <a rel=\"noreferrer noopener\" aria-label=\"Wiki (abre numa nova aba)\" href=\"https:\/\/en.wikipedia.org\/wiki\/Internet_Archive\" target=\"_blank\">Wiki<\/a>*)<br>Com destaque para produ\u00e7\u00e3o em ingl\u00eas &#8211; EUA, Inglaterra-, com atualiza\u00e7\u00e3o regular, traz surpreendente conjunto de peri\u00f3dicos hist\u00f3ricos em fotografia e bibliografia em hist\u00f3ria da fotografia  e fotolivros a partir da d\u00e9cada de 1970.  A cobertura \u00e9 abrangente, de t\u00edtulos acad\u00eamicos a edi\u00e7\u00f5es populares, de escopo os mais diversos. <br>Portal associado ao site<em><strong> <\/strong><\/em><strong>Internet Machin<\/strong>e, inclui ainda acesso a fotos, filmes etc. <br><br>.<strong>Dom\u00ednio P\u00fablico<\/strong> (Brasil, 2003-corrente) &#8211; <a rel=\"noreferrer noopener\" href=\"http:\/\/www.dominiopublico.gov.br\" target=\"_blank\">http:\/\/www.dominiopublico.gov.br<\/a><br>Iniciativa do governo federal reunindo itens em diversos suportes: texto, imagem, v\u00eddeo etc.<br><br>.<strong>HathiTrust<\/strong>: digital Library (2008) &#8211; <a rel=\"noreferrer noopener\" href=\"http:\/\/hathitrust.org\/\" target=\"_blank\">http:\/\/hathitrust.org\/<\/a><br>Cons\u00f3rcio universit\u00e1rio, parcialmente acess\u00edvel, com sele\u00e7\u00e3o significativa frente a outros portais.<\/p>\n\n\n\n<p>.<strong>LibGen &#8211;<\/strong><a rel=\"noreferrer noopener\" aria-label=\"http:\/\/libgen.is\/ (abre numa nova aba)\" href=\"http:\/\/libgen.is\/\" target=\"_blank\">http:\/\/libgen.is\/<\/a><br><br>.<strong>LibriVoz <\/strong>(2005) &#8211; <a rel=\"noreferrer noopener\" aria-label=\" (abre numa nova aba)\" href=\"http:\/\/librivox.org\" target=\"_blank\">http:\/\/librivox.org<\/a><br>Quase 14.ooo livros em \u00e1udio, em 01.2020, &#8220;lidos&#8221; por volunt\u00e1rios.<\/p>\n\n\n\n<p>.<strong>Memory  of World &#8211; <\/strong><a rel=\"noreferrer noopener\" aria-label=\"https:\/\/library.memoryoftheworld.org (abre numa nova aba)\" href=\"https:\/\/library.memoryoftheworld.org\" target=\"_blank\">https:\/\/library.memoryoftheworld.org<\/a><br>Site com produ\u00e7\u00e3o te\u00f3rica, em geral mais recente,  em ci\u00eancias humanas, em l\u00edngua inglesa.<\/p>\n\n\n\n<p>.<strong>Monoskop <\/strong>(EUA) &#8211; <a href=\"https:\/\/monoskop.org\" target=\"_blank\" rel=\"noreferrer noopener\">https:\/\/monoskop.org<\/a> <br>Mais do que mero portal com listas de publica\u00e7\u00f5es, Monoskop \u00e9 um servi\u00e7o amplo de refer\u00eancias sobre autores em artes e humanidades.<br><br>.<strong>National Digital Library of Ind<\/strong>i<strong>a<\/strong> &#8211; NDLI (\u00cdndia) &#8211; <a href=\"https:\/\/ndl.iitkgp.ac.in\/\" target=\"_blank\" rel=\"noreferrer noopener\">https:\/\/ndl.iitkgp.ac.in\/<\/a><br>&#8220;One Library All of India&#8221; (n\u00e3o \u00e9 tudo isso, mas agrega portais conhecidos no Ocidentes e outros nem tanto)<br><br>.<strong>OAPEN<\/strong>: online library and publication platform (HL, 2008-2010*) &#8211;<a href=\"https:\/\/oapen.org\/\" target=\"_blank\" rel=\"noreferrer noopener\"> https:\/\/oapen.org\/<\/a><\/p>\n\n\n\n<p>.<strong>OceanoPDF<\/strong>: <a href=\"https:\/\/oceanofpdf.com\/\" target=\"_blank\" rel=\"noreferrer noopener\">https:\/\/oceanofpdf.com\/<\/a><\/p>\n\n\n\n<p>.<strong>Project Gutenberg:<\/strong> e-books &#8211; <a rel=\"noreferrer noopener\" aria-label=\"https:\/\/www.gutenberg.org\/ (abre numa nova aba)\" href=\"https:\/\/www.gutenberg.org\/\" target=\"_blank\">https:\/\/www.gutenberg.org\/<\/a><br><br>.<strong>Z Library<\/strong>: <a rel=\"noreferrer noopener\" href=\"https:\/\/b-ok.lat\/\" target=\"_blank\">https:\/\/b-ok.lat\/<\/a><br>5.730.867 livros (2020.11.13)<\/p>\n\n\n\n<hr class=\"wp-block-separator has-css-opacity\"\/>\n\n\n\n<p class=\"has-medium-font-size\"><br><strong>Mega portais | Livrarias | Sebos | Produ\u00e7\u00e3o Acad\u00eamica<\/strong><br><\/p>\n\n\n\n<h2 class=\"wp-block-heading\">Livrarias : portais<\/h2>\n\n\n\n<p class=\"has-medium-font-size\"><strong>Am\u00e9rica Latina<\/strong><br><\/p>\n\n\n\n<p>.<strong>Livraria Cultura<\/strong> (Brasil) &#8211; <a rel=\"noreferrer noopener\" aria-label=\"http:\/\/www.livrariacultural.com.br (abre numa nova aba)\" href=\"http:\/\/www.livrariacultural.com.br\" target=\"_blank\">http:\/\/www.livrariacultural.com.br<\/a><br> Entregas internacionais para fora do Brasil funcionam.<\/p>\n\n\n\n<p><\/p>\n\n\n\n<h2 class=\"wp-block-heading\">Livros usados <\/h2>\n\n\n\n<p class=\"has-medium-font-size\"><strong>Am\u00e9rica Latina<\/strong><\/p>\n\n\n\n<p><strong> .Estante Virtual <\/strong>(Brasil) &#8211; <a rel=\"noreferrer noopener\" aria-label=\"http:\/\/www.estantevirtual.com.br (abre numa nova aba)\" href=\"http:\/\/www.estantevirtual.com.br\" target=\"_blank\">http:\/\/www.estantevirtual.com.br<\/a> <\/p>\n\n\n\n<p>.<strong>Libros Chevengur<\/strong> (Chile) &#8211;  <a rel=\"noreferrer noopener\" aria-label=\"https:\/\/libroschevengur.com  (abre numa nova aba)\" href=\"https:\/\/libroschevengur.com\" target=\"_blank\">https:\/\/libroschevengur.com <\/a><\/p>\n\n\n\n<p><strong>.Mercado Livre <\/strong>(Brasil) &#8211; <a rel=\"noreferrer noopener\" aria-label=\"http:\/\/www.mercadolivre.com.br  (abre numa nova aba)\" href=\"http:\/\/www.mercadolivre.com.br\" target=\"_blank\">http:\/\/www.mercadolivre.com.br <\/a><br>Boas surpresas, ainda que raras no entanto. Infelizmente os sites regionais &#8211; Argentina&#8230;.- n\u00e3o aceitam usu\u00e1rios do Brasil.<\/p>\n\n\n\n<p>.<strong>Portal dos Livreiros<\/strong> (Brasil) &#8211; <a href=\"http:\/\/www.portaldoslivreiros.com.br\" target=\"_blank\" rel=\"noreferrer noopener\">http:\/\/www.portaldoslivreiros.com.br<\/a><\/p>\n\n\n\n<p><\/p>\n\n\n\n<hr class=\"wp-block-separator has-css-opacity is-style-wide\"\/>\n\n\n\n<h2 class=\"wp-block-heading\">Produ\u00e7\u00e3o acad\u00eamica: portais de agrega\u00e7\u00e3o<\/h2>\n\n\n\n<p>Veja tamb\u00e9m:<br><a href=\"http:\/\/www.fotoplus.com\/acesso\/?p=991\">Bibliotecas acad\u00eamicas \u2013 Brasil<\/a><br>Reposit\u00f3rios digitais &#8211; Brail<\/p>\n\n\n\n<h2 class=\"wp-block-heading\"><br>.Am\u00e9rica Latina<\/h2>\n\n\n\n<p>&gt;&gt; <strong>Apesar de interligadas<\/strong>, as bases CAPES BTD, Sucupira e IBICT n\u00e3o se sobrep\u00f5em completamente.<br><br>.<strong>CAPES<\/strong>: <strong>Banco de teses e disserta\u00e7\u00f5es<\/strong> (Brasil): <a rel=\"noreferrer noopener\" href=\"http:\/\/catalogodeteses.capes.gov.br\" target=\"_blank\">http:\/\/catalogodeteses.capes.gov.br<\/a><br><br>.<strong>CAPES<\/strong>: <strong>Plataforma Sucupira<\/strong> (Brasil): <a rel=\"noreferrer noopener\" href=\"https:\/\/sucupira.capes.gov.br\/sucupira\/\" target=\"_blank\">https:\/\/sucupira.capes.gov.br\/sucupira\/<\/a> <br>interligada ao BTD Capes, oferece op\u00e7\u00e3o de download<br><br><strong>.IBICT:<\/strong> <strong>BDTD (Brasil) <\/strong>-Biblioteca Digital Brasileira de Teses e Disserta\u00e7\u00f5es ***<br><a rel=\"noreferrer noopener\" href=\"http:\/\/bdtd.ibict.br\" target=\"_blank\">http:\/\/bdtd.ibict.br<\/a> (link direto)<\/p>\n\n\n\n<p><\/p>\n\n\n\n<p><strong>Portais de teses latino-americanas<\/strong> (iniciativas similares em diversos pa\u00edses)<br><strong>UPC (Peru<\/strong>) &#8211; Universidad Peruana de Ciencias Aplicadas: <a href=\"http:\/\/Universidad Peruana de Ciencias Aplicadas\" target=\"_blank\" rel=\"noreferrer noopener\">.https:\/\/repositorioacademico.upc.edu.pe\/handle\/10757\/622567<\/a><\/p>\n\n\n\n<p><br><\/p>\n\n\n\n<h2 class=\"wp-block-heading\">.Am\u00e9rica do Norte<\/h2>\n\n\n\n<p>.<strong>Open Access Theses and Dissertations<\/strong> (EUA)   &#8211; <a rel=\"noreferrer noopener\" aria-label=\"https:\/\/oatd.org\/ (abre numa nova aba)\" href=\"https:\/\/oatd.org\/\" target=\"_blank\">https:\/\/oatd.org\/<\/a><br>&#8220;&#8230; best possible resource for finding open access graduate theses and dissertations published around the world&#8221;, cobrindo cerca de 1.100 universidades e centros de pesquisa (2020), num total de pouco mais de 5 milh\u00f5es de registros. <\/p>\n\n\n\n<p><\/p>\n\n\n\n<p><\/p>\n\n\n\n<h2 class=\"wp-block-heading\"><strong>.Europa<\/strong><\/h2>\n\n\n\n<p><strong>.Cairn.info (<\/strong>Fran\u00e7a) &#8211; <a rel=\"noreferrer noopener\" href=\"http:\/\/www.cairn.info\" target=\"_blank\">http:\/\/www.cairn.info<\/a> <br>Ci\u00eancias humanas e sociais, criado em 2005. Acesso parcial gratuito, mas aberto com assinatura: UFF e UNICAMP (2020.08.04)<br><br><strong>.Core <\/strong>(Inglaterra) &#8211; <a rel=\"noreferrer noopener\" aria-label=\"https:\/\/core.ac.uk\/ (abre numa nova aba)\" href=\"https:\/\/core.ac.uk\/\" target=\"_blank\">https:\/\/core.ac.uk\/<\/a> (<strong>open access) <\/strong><br>197 milh\u00f5es de itens (2020.07.15)<\/p>\n\n\n\n<p>.<strong>Halnet <\/strong>(Fran\u00e7a) &#8211;<a rel=\"noreferrer noopener\" aria-label=\"https:\/\/hal.archives-ouvertes.fr (abre numa nova aba)\" href=\"https:\/\/hal.archives-ouvertes.fr\" target=\"_blank\">https:\/\/hal.archives-ouvertes.fr <\/a> (<strong>open access<\/strong>)<\/p>\n\n\n\n<p>.<strong>Pers\u00e9e <\/strong>(Fran\u00e7a) &#8211; <a rel=\"noreferrer noopener\" href=\"https:\/\/www.persee.fr\/\" target=\"_blank\">https:\/\/www.persee.fr\/<\/a> (2020.08.01)<br>Cerca de 858 mil itens de publica\u00e7\u00f5es acad\u00eamicas (2020)<\/p>\n\n\n\n<p>.<strong>Theses.fr<\/strong> (Fran\u00e7a) &#8211; <a rel=\"noreferrer noopener\" href=\"https:\/\/www.theses.fr\" target=\"_blank\">https:\/\/www.theses.fr <\/a>(2020.08.01)<br>Estabelecida em 2011.<\/p>\n\n\n\n<p><\/p>\n\n\n\n<hr class=\"wp-block-separator has-css-opacity\"\/>\n\n\n\n<h2 class=\"wp-block-heading\">Produ\u00e7\u00e3o acad\u00eamica: redes sociais<\/h2>\n\n\n\n<p><strong>.Academia.edu<\/strong>: <a rel=\"noreferrer noopener\" href=\"https:\/\/www.academia.edu\/\" target=\"_blank\">https:\/\/www.academia.edu\/<\/a> (exige login) (*2008)<br>.compartilhamento de artigos<\/p>\n\n\n\n<p>.<strong>Research.net<\/strong>: <a rel=\"noreferrer noopener\" href=\"https:\/\/www.researchgate.net\/\" target=\"_blank\">https:\/\/www.researchgate.net\/<\/a> (exige login) (*2008)<\/p>\n\n\n\n<p><\/p>\n\n\n\n<hr class=\"wp-block-separator has-css-opacity\"\/>\n\n\n\n<h2 class=\"wp-block-heading\">Produ\u00e7\u00e3o acad\u00eamica: peri\u00f3dicos<br><\/h2>\n\n\n\n<p><strong>.Portal de peri\u00f3dicos CAPES\/MEC<\/strong> (Brasil)<br><a rel=\"noreferrer noopener\" aria-label=\"https:\/\/www.periodicos.capes.gov.br\/ (abre numa nova aba)\" href=\"https:\/\/www.periodicos.capes.gov.br\/\" target=\"_blank\">https:\/\/www.periodicos.capes.gov.br\/<\/a><br><br>.<strong>Portal de peri\u00f3dicos UFMG <\/strong>(Brasil)<br><a href=\"https:\/\/periodicos.ufmg.br\/\" target=\"_blank\" rel=\"noreferrer noopener\">https:\/\/periodicos.ufmg.br\/<\/a><\/p>\n\n\n\n<div style=\"height:100px\" aria-hidden=\"true\" class=\"wp-block-spacer\"><\/div>\n\n\n\n<hr class=\"wp-block-separator has-css-opacity is-style-wide\"\/>\n\n\n\n<h2 class=\"wp-block-heading\"><br>Portais institucionais<\/h2>\n\n\n\n<hr class=\"wp-block-separator has-css-opacity\"\/>\n\n\n\n<h2 class=\"wp-block-heading\">.Am\u00e9rica do Norte<\/h2>\n\n\n\n<h5 class=\"wp-block-heading\">.<strong>Canad\u00e1<\/strong><\/h5>\n\n\n\n<p><a rel=\"noreferrer noopener\" href=\"https:\/\/e-artexte.ca\/\" target=\"_blank\"><strong>.E-Artexte<\/strong>:<\/a> cat\u00e1logo e reposit\u00f3rio sobre publica\u00e7\u00f5es canadenses de arte (Canad\u00e1)<\/p>\n\n\n\n<p><\/p>\n\n\n\n<hr class=\"wp-block-separator has-css-opacity\"\/>\n\n\n\n<h2 class=\"wp-block-heading\">.Am\u00e9rica Latina<\/h2>\n\n\n\n<h5 class=\"wp-block-heading\">.Col\u00f4mbia<\/h5>\n\n\n\n<p><a href=\"http:\/\/babel.banrepcultural.org\/cdm\" target=\"_blank\" rel=\"noreferrer noopener\" aria-label=\"Banco de la Rep\u00fablica: biblioteca virtual (abre numa nova aba)\">Banco de la Rep\u00fablica: biblioteca virtual<\/a> (Col\u00f4mbia) (link direto)<br>Grande conjunto de edi\u00e7\u00f5es patrocinadas<br><\/p>\n\n\n\n<h5 class=\"wp-block-heading\">.Equador<\/h5>\n\n\n\n<p><strong>IAEN <\/strong>&#8211; <a rel=\"noreferrer noopener\" href=\"http:\/\/repositorio.iaen.edu.ec\/\" target=\"_blank\">Instituto de Altos Estudios Nacionales <\/a>(p\u00f3s-gradua\u00e7\u00e3o) (Equador) (link direto)<br>Veja listagem de <a rel=\"noreferrer noopener\" href=\"http:\/\/repositorio.iaen.edu.ec\/jspui\/image\/repositorios_digitales.html\" target=\"_blank\"><strong>reposit\u00f3rios digitais equatoriano<\/strong>s<\/a> (2020.07.29)<\/p>\n\n\n\n<p><strong><a rel=\"noreferrer noopener\" href=\"http:\/\/biblioteca.culturaypatrimonio.gob.ec\" target=\"_blank\">YUYAY KAMUKUNA:<\/a><\/strong> red de bibliotecas del Ministerio de Cultura y Patrimonio del Ecuador (Equador) (link direto)<br>Abrangente, mas exige paci\u00eancia. Inclui produ\u00e7\u00e3o acad\u00eamica para download 2020.07.30)<\/p>\n\n\n\n<p><\/p>\n\n\n\n<h5 class=\"wp-block-heading\">.M\u00e9xico<\/h5>\n\n\n\n<p><strong>INEHRM: <\/strong><a href=\"https:\/\/inehrm.gob.mx\/es\/inehrm\/Libros_Digitales\">Instituto Nacional de Estudios Hist\u00f3ricos de las Revoluciones de M\u00e9xico<\/a> (M\u00e9xico) (link direto)<br>pequeno conjunto de livros em interface de busca limitada (2020.07.15) <br><br><\/p>\n","protected":false},"excerpt":{"rendered":"<p>Embora totalmente fora do escopo do projeto Acesso, esta p\u00e1gina apresenta portais de livros (em geral, mas com destaque para fotogr\u00e1ficos) de t\u00edtulos em formatos eletr\u00f4nicos, bem como portais de livrarias, editoras, livreiros em especial de livros usados (libros leidos&#8230;). Procura-se quebrar a grande filtragem existente de circula\u00e7\u00e3o de obras &#8211; f\u00edsicas ou eletr\u00f4nicas fora &hellip; <a href=\"https:\/\/www.fotoplus.com\/acesso\/?page_id=935\" class=\"more-link\">Continue lendo<span class=\"screen-reader-text\"> &#8220;Decolonizando o livro\/libro\/book\/livre\/Buch (fotogr\u00e1fico)&#8221;<\/span><\/a><\/p>\n","protected":false},"author":1,"featured_media":0,"parent":211,"menu_order":0,"comment_status":"closed","ping_status":"closed","template":"","meta":{"footnotes":""},"class_list":["post-935","page","type-page","status-publish","hentry"],"_links":{"self":[{"href":"https:\/\/www.fotoplus.com\/acesso\/index.php?rest_route=\/wp\/v2\/pages\/935","targetHints":{"allow":["GET"]}}],"collection":[{"href":"https:\/\/www.fotoplus.com\/acesso\/index.php?rest_route=\/wp\/v2\/pages"}],"about":[{"href":"https:\/\/www.fotoplus.com\/acesso\/index.php?rest_route=\/wp\/v2\/types\/page"}],"author":[{"embeddable":true,"href":"https:\/\/www.fotoplus.com\/acesso\/index.php?rest_route=\/wp\/v2\/users\/1"}],"replies":[{"embeddable":true,"href":"https:\/\/www.fotoplus.com\/acesso\/index.php?rest_route=%2Fwp%2Fv2%2Fcomments&post=935"}],"version-history":[{"count":71,"href":"https:\/\/www.fotoplus.com\/acesso\/index.php?rest_route=\/wp\/v2\/pages\/935\/revisions"}],"predecessor-version":[{"id":1301,"href":"https:\/\/www.fotoplus.com\/acesso\/index.php?rest_route=\/wp\/v2\/pages\/935\/revisions\/1301"}],"up":[{"embeddable":true,"href":"https:\/\/www.fotoplus.com\/acesso\/index.php?rest_route=\/wp\/v2\/pages\/211"}],"wp:attachment":[{"href":"https:\/\/www.fotoplus.com\/acesso\/index.php?rest_route=%2Fwp%2Fv2%2Fmedia&parent=935"}],"curies":[{"name":"wp","href":"https:\/\/api.w.org\/{rel}","templated":true}]}}