{"id":193,"date":"2018-12-30T02:12:38","date_gmt":"2018-12-30T02:12:38","guid":{"rendered":"http:\/\/www.fotoplus.com\/duas\/?page_id=193"},"modified":"2019-01-02T04:53:20","modified_gmt":"2019-01-02T04:53:20","slug":"keith-f-davis-1952","status":"publish","type":"page","link":"https:\/\/www.fotoplus.com\/duas\/?page_id=193","title":{"rendered":"Keith F. Davis (1952)"},"content":{"rendered":"<p>Historiador, nascido em 1952, ativo em Kansas City .<br \/>\nEntre 1979 e 2005 organizou a Hallmark Photographic Collection, mantida pela Hallmark Cards. Desde 2005 atua como curador de fotografia no <a href=\"https:\/\/www.nelson-atkins.org\/\" target=\"_blank\" rel=\"noopener\">Nelson-Atkins Museum of Art<\/a>, na mesma cidade, que recebeu a cole\u00e7\u00e3o mencionada em doa\u00e7\u00e3o.<\/p>\n<p>&nbsp;<\/p>\n<p><strong>Perfis<\/strong><\/p>\n<ul>\n<li><strong>Missouri Photojournalism Hall of Fame<\/strong><br \/>\n<a href=\"http:\/\/www.photojournalismhalloffame.org\/keith-f-davis\" target=\"_blank\" rel=\"noopener\">http:\/\/www.photojournalismhalloffame.org\/keith-f-davis<\/a> \u00a0\u00a0 (RM\/2018.12.29)<\/li>\n<\/ul>\n<p>&nbsp;<\/p>\n<p><strong>Obras em destaque<\/strong><\/p>\n<p>&nbsp;<\/p>\n<p>&#8212;<\/p>\n","protected":false},"excerpt":{"rendered":"<p>Historiador, nascido em 1952, ativo em Kansas City . Entre 1979 e 2005 organizou a Hallmark Photographic Collection, mantida pela Hallmark Cards. Desde 2005 atua como curador de fotografia no Nelson-Atkins Museum of Art, na mesma cidade, que recebeu a cole\u00e7\u00e3o mencionada em doa\u00e7\u00e3o. &nbsp; Perfis Missouri Photojournalism Hall of Fame http:\/\/www.photojournalismhalloffame.org\/keith-f-davis \u00a0\u00a0 (RM\/2018.12.29) &nbsp; &hellip; <a href=\"https:\/\/www.fotoplus.com\/duas\/?page_id=193\" class=\"more-link\">Continue lendo<span class=\"screen-reader-text\"> &#8220;Keith F. Davis (1952)&#8221;<\/span><\/a><\/p>\n","protected":false},"author":1,"featured_media":0,"parent":40,"menu_order":0,"comment_status":"closed","ping_status":"closed","template":"","meta":{"footnotes":""},"class_list":["post-193","page","type-page","status-publish","hentry"],"_links":{"self":[{"href":"https:\/\/www.fotoplus.com\/duas\/index.php?rest_route=\/wp\/v2\/pages\/193","targetHints":{"allow":["GET"]}}],"collection":[{"href":"https:\/\/www.fotoplus.com\/duas\/index.php?rest_route=\/wp\/v2\/pages"}],"about":[{"href":"https:\/\/www.fotoplus.com\/duas\/index.php?rest_route=\/wp\/v2\/types\/page"}],"author":[{"embeddable":true,"href":"https:\/\/www.fotoplus.com\/duas\/index.php?rest_route=\/wp\/v2\/users\/1"}],"replies":[{"embeddable":true,"href":"https:\/\/www.fotoplus.com\/duas\/index.php?rest_route=%2Fwp%2Fv2%2Fcomments&post=193"}],"version-history":[{"count":4,"href":"https:\/\/www.fotoplus.com\/duas\/index.php?rest_route=\/wp\/v2\/pages\/193\/revisions"}],"predecessor-version":[{"id":219,"href":"https:\/\/www.fotoplus.com\/duas\/index.php?rest_route=\/wp\/v2\/pages\/193\/revisions\/219"}],"up":[{"embeddable":true,"href":"https:\/\/www.fotoplus.com\/duas\/index.php?rest_route=\/wp\/v2\/pages\/40"}],"wp:attachment":[{"href":"https:\/\/www.fotoplus.com\/duas\/index.php?rest_route=%2Fwp%2Fv2%2Fmedia&parent=193"}],"curies":[{"name":"wp","href":"https:\/\/api.w.org\/{rel}","templated":true}]}}