{"id":2,"date":"2016-05-10T03:48:21","date_gmt":"2016-05-10T03:48:21","guid":{"rendered":"http:\/\/wp452m.a10-52-158-154.qa.plesk.ru\/wordpress\/?page_id=2"},"modified":"2022-07-31T06:40:17","modified_gmt":"2022-07-31T06:40:17","slug":"sample-page","status":"publish","type":"page","link":"https:\/\/www.fotoplus.com\/duas\/?page_id=2","title":{"rendered":"Editorial"},"content":{"rendered":"<p>Ok, voc\u00ea venceu!<\/p>\n<p>O t\u00edtulo do blog evoca &#8220;um filme franc\u00eas&#8221;, como est\u00e1 em seu trailer de 1967, realizado por Jean-Luc Godard. E revela o Godard que eu descobrira na d\u00e9cada de 1980 como uma experimenta\u00e7\u00e3o audiovisual que me tocava.<\/p>\n<p><em>Duas ou tr\u00eas coisas<\/em>&#8230; n\u00e3o tem essa pretens\u00e3o, apenas a de ser um espa\u00e7o para exerc\u00edcio da escrita (e algumas notas sobre historiografia). N\u00e3o aquela formal, que voc\u00ea vai encontrar em <a href=\"http:\/\/FotoPlus\" target=\"_blank\" rel=\"noopener\"><em>FotoPlus<\/em><\/a>, tanto no perfil no <a href=\"http:\/\/issuu.com\/fotoplusbrasil\" target=\"_blank\" rel=\"noopener\"><em>Issuu<\/em><\/a> ou nos textos dispon\u00edveis ainda no perfil <a href=\"http:\/\/fotoplus.com\/rico\/rmbiocv.htm\" target=\"_blank\" rel=\"noopener\">biogr\u00e1fico<\/a> no site ou no antigo informativo <a href=\"http:\/\/fotoplus.com\/fpb\/\"><em>P\u00e1ginas Negras<\/em><\/a> (1997-2003). Ainda que nestas \u00faltimas imperasse um informalismo, as notas tinham outra ambi\u00e7\u00e3o, muito ao gosto da internet 1.0.<\/p>\n<p>Aqui, a ideia \u00e9 despretensiosa: aproveitar pensamentos que surgem ao longo da pr\u00e1tica regular de documenta\u00e7\u00e3o, e mesmo pesquisa, que talvez nunca encontrem lugar num artigo formal. Assim <em>Duas ou tr\u00eas coisas <\/em>\u00e9 abrigo. Sem ambi\u00e7\u00e3o autoral, nem da busca por audi\u00eancia, apenas garatujas, notas, sem compromissos.<\/p>\n<p>Maio de 2018 &#8230;<\/p>\n","protected":false},"excerpt":{"rendered":"<p>Ok, voc\u00ea venceu! O t\u00edtulo do blog evoca &#8220;um filme franc\u00eas&#8221;, como est\u00e1 em seu trailer de 1967, realizado por Jean-Luc Godard. E revela o Godard que eu descobrira na d\u00e9cada de 1980 como uma experimenta\u00e7\u00e3o audiovisual que me tocava. Duas ou tr\u00eas coisas&#8230; n\u00e3o tem essa pretens\u00e3o, apenas a de ser um espa\u00e7o para &hellip; <a href=\"https:\/\/www.fotoplus.com\/duas\/?page_id=2\" class=\"more-link\">Continue lendo<span class=\"screen-reader-text\"> &#8220;Editorial&#8221;<\/span><\/a><\/p>\n","protected":false},"author":1,"featured_media":0,"parent":0,"menu_order":0,"comment_status":"closed","ping_status":"open","template":"","meta":{"footnotes":""},"class_list":["post-2","page","type-page","status-publish","hentry"],"_links":{"self":[{"href":"https:\/\/www.fotoplus.com\/duas\/index.php?rest_route=\/wp\/v2\/pages\/2","targetHints":{"allow":["GET"]}}],"collection":[{"href":"https:\/\/www.fotoplus.com\/duas\/index.php?rest_route=\/wp\/v2\/pages"}],"about":[{"href":"https:\/\/www.fotoplus.com\/duas\/index.php?rest_route=\/wp\/v2\/types\/page"}],"author":[{"embeddable":true,"href":"https:\/\/www.fotoplus.com\/duas\/index.php?rest_route=\/wp\/v2\/users\/1"}],"replies":[{"embeddable":true,"href":"https:\/\/www.fotoplus.com\/duas\/index.php?rest_route=%2Fwp%2Fv2%2Fcomments&post=2"}],"version-history":[{"count":6,"href":"https:\/\/www.fotoplus.com\/duas\/index.php?rest_route=\/wp\/v2\/pages\/2\/revisions"}],"predecessor-version":[{"id":1092,"href":"https:\/\/www.fotoplus.com\/duas\/index.php?rest_route=\/wp\/v2\/pages\/2\/revisions\/1092"}],"wp:attachment":[{"href":"https:\/\/www.fotoplus.com\/duas\/index.php?rest_route=%2Fwp%2Fv2%2Fmedia&parent=2"}],"curies":[{"name":"wp","href":"https:\/\/api.w.org\/{rel}","templated":true}]}}