{"id":23,"date":"2018-12-12T03:38:06","date_gmt":"2018-12-12T03:38:06","guid":{"rendered":"http:\/\/www.fotoplus.com\/duas\/?page_id=23"},"modified":"2021-09-23T06:13:23","modified_gmt":"2021-09-23T06:13:23","slug":"historias-da-fotografia-revistas","status":"publish","type":"page","link":"https:\/\/www.fotoplus.com\/duas\/?page_id=23","title":{"rendered":"Revistas (HdF)"},"content":{"rendered":"\n<p><strong>Veja tamb\u00e9m<\/strong><br><a href=\"http:\/\/www.fotoplus.com\/duas\/?page_id=978\">Revistas acad\u00eamicas relacionadas <\/a>(Brasil)<\/p>\n\n\n<p>\u00a0<\/p>\n<p><strong>\u00c9tudes Photographiques &#8211;\u00a0 Soci\u00e9t\u00e9 Fran\u00e7aise de Photographie\u00a0<\/strong><br \/>(Europa, Paris, 1996-2017)<br \/><a href=\"https:\/\/journals.openedition.org\/etudesphotographiques\/index.html\" target=\"_blank\" rel=\"noopener noreferrer\">https:\/\/journals.openedition.org\/etudesphotographiques<\/a><br \/>Editor-chefe: 2007-2013 &#8211; Thierry Gervais<br \/>Exemplares dispon\u00edveis online para leitura (sem imagens); completas, em PDF, mediante OpenEdition<br \/>(RM\/2018.12.11)<\/p>\n<p>\u00a0<strong>History of Photography <\/strong><br \/>(EUA, Inglaterra, trimestral, 1977-corrente)<br \/><a href=\"https:\/\/www.tandfonline.com\/toc\/thph20\/current\" target=\"_blank\" rel=\"noopener noreferrer\">https:\/\/www.tandfonline.com\/toc\/thph20\/current<\/a><br \/>Apenas abstracts, com acesso online pago.<br \/>Dispon\u00edvel no portal acad\u00eamico da USP para alunos e ex-alunos (exemplares a partir de 2010*).<br \/>Acervo: ECA-USP (impresso) &#8211; 1996-2011 (com falhas); MLS (incompleto)(RM\/2018.12.18)<\/p>\n<p><strong>Photographica<\/strong><br \/>(Fran\u00e7a, semestral, 2020-corrente)<br \/><a href=\"https:\/\/devisu.inha.fr\/photographica\/\" target=\"_blank\" rel=\"noopener noreferrer\">https:\/\/devisu.inha.fr\/photographica\/<\/a><br \/>Formatos impresso e online.<br \/>(RM\/2021.06.27)<\/p>\n<p><strong>Photographies<\/strong><br \/>(Inglaterra, quadrimestral, 2008-corrente)<br \/><a href=\"https:\/\/www.tandfonline.com\/loi\/rpho20\">https:\/\/www.tandfonline.com\/loi\/rpho20<\/a><br \/>Dispon\u00edvel online, parte da cole\u00e7\u00e3o sem custo.<br \/>(RM\/2019.12.06)<\/p>\n<p><strong>Photoresearcher<\/strong> &#8211; European Society for the History of Photography<br \/>(Europa, Viena, semestral, 1990-corrente)<br \/><a href=\"http:\/\/www.eshph.org\" target=\"_blank\" rel=\"noopener noreferrer\">http:\/\/www.eshph.org<\/a><br \/>Exemplares dispon\u00edveis online para download: n.1-11, 19 (as demais, pagas)<br \/>(RM\/2018.12.18)<\/p>\n<p>\u00a0<\/p>\n<hr \/>\n<p><strong>Les Cahiers de la Photographie<\/strong><br \/>(Fran\u00e7a, Paris, 1981-1994, 30 edi\u00e7\u00f5es)<br \/>Site n\u00e3o dispon\u00edvel<br \/>Acervo: <br \/>ECA-USP (parcial &#8211; 10 edi\u00e7\u00f5es) &#8211; 22-23, NE, 25-27, NE, 28-30<br \/>IMS Paulista (parcial &#8211; 10 edi\u00e7\u00f5es): 2-3, 5-10, 11\/12 NE, 13-16, 18-23<br \/>(RM\/2019.01.02, 2019.03.14, 2019.09.19)<\/p>\n<p>\u00a0<\/p>\n<p><strong>La Recherche Photographique<\/strong><br \/>(Fran\u00e7a, Paris, semestral, 1986-1997, 20 edi\u00e7\u00f5es)<br \/>Site n\u00e3o dispon\u00edvel<br \/>Acervo: ECA-USP (parcial &#8211; 12 edi\u00e7\u00f5es) &#8211; 1987, 1989-1991, 1993-1995, 1997<br \/>(RM\/2019.03.05)<\/p>\n<p>\u00a0<\/p>\n<p><strong>Fotogeschichte:\u00a0Beitr\u00e4ge zur Geschichte und \u00c4sthetik der Fotografie<\/strong><br \/>(A\u00fastria, Viena, trimestral, 1981-corrente.)<br \/>Organizada por Anton Holzer; editada inicialmente em Frankfurt am Main por Timm Starl at\u00e9 2001.<br \/><a href=\"http:\/\/www.fotogeschichte.info\" target=\"_blank\" rel=\"noopener noreferrer\">http:\/\/www.fotogeschichte.info<\/a><br \/>Acesso pago online<br \/>(RM\/2019.01.01)<\/p>\n<p>\u00a0<\/p>\n<p><strong>Revue internationale de Photolitt\u00e9rature<\/strong><br \/>(Fran\u00e7a\/Canad\u00e1, anual, 2017-corrente)<br \/>Projeto acad\u00eamico abrigado no site<strong> PHLIT<\/strong><br \/><a href=\"http:\/\/phlit.org\/press\/?page_id=2570\">http:\/\/phlit.org\/press\/?page_id=2570<\/a><br \/>Dispon\u00edvel em PDF.<br \/>(RM\/2019.03.02)<\/p>\n<p>\u00a0<\/p>\n<p><strong>Rivista di studi di fotografia (RSF\/SISF)<\/strong>: Journal of Studies in Photography<br \/>(It\u00e1lia, Floren\u00e7a, semestral, 2015-corrente)<br \/><a href=\"http:\/\/www.fupress.net\" target=\"_blank\" rel=\"noopener noreferrer\">http:\/\/www.fupress.net<\/a><br \/>Exemplares dispon\u00edveis online para download.<br \/>(RM\/2019.01.01, 2019.08.11)<\/p>\n<p>\u00a0<\/p>\n<p><strong>Transbordeur photographie<\/strong>: histoire soci\u00e9t\u00e9<br \/>(Fran\u00e7a, Paris, anual, 2017-corrente)<br \/><a href=\"http:\/\/www.editionsmacula.com\/\">http:\/\/www.editionsmacula.com\/<\/a><br \/>Acervo: IMS Paulista<br \/>(RM\/2019.02.10)<\/p>\n<p>\u00a0<\/p>\n<hr \/>\n<h2>Revistas complementares<\/h2>\n<p><strong>October<\/strong><br \/>(EUA, Nova York, trimestal, 1976-corrente)<br \/><a href=\"https:\/\/www.mitpressjournals.org\/loi\/octo\">https:\/\/www.mitpressjournals.org\/loi\/octo\u00a0<\/a>&#8211; site da revista (pago)<br \/><a href=\"https:\/\/www.jstor.org\/journal\/october\" target=\"_blank\" rel=\"noopener noreferrer\">https:\/\/www.jstor.org\/journal\/october<\/a> &#8211; n\u00ba 1-146 &#8211; 1976-2013\u00a0 (leitura online gratuita)<br \/>(RM\/2019.02.20)<\/p>\n<p>\u00a0<\/p>\n<p><strong>Tasveer Journal<\/strong><br \/>(\u00cdndia, Bangalore, periodicidade ignorada, [2013]- corrente)<br \/>Editada pela galeria Tasveer, com enfoque na produ\u00e7\u00e3o contempor\u00e2nea da \u00cdndia e sul da \u00c1sia, incluindo artigos sobre hist\u00f3ria da fotografia da regi\u00e3o.<br \/><a href=\"http:\/\/tasveerjournal.com\">http:\/\/tasveerjournal.com<\/a><br \/>(RM\/2019.03.05)<\/p>\n<p>\u00a0<\/p>\n\n\n<p><\/p>\n","protected":false},"excerpt":{"rendered":"<p>Veja tamb\u00e9mRevistas acad\u00eamicas relacionadas (Brasil) \u00a0 \u00c9tudes Photographiques &#8211;\u00a0 Soci\u00e9t\u00e9 Fran\u00e7aise de Photographie\u00a0(Europa, Paris, 1996-2017)https:\/\/journals.openedition.org\/etudesphotographiquesEditor-chefe: 2007-2013 &#8211; Thierry GervaisExemplares dispon\u00edveis online para leitura (sem imagens); completas, em PDF, mediante OpenEdition(RM\/2018.12.11) \u00a0History of Photography (EUA, Inglaterra, trimestral, 1977-corrente)https:\/\/www.tandfonline.com\/toc\/thph20\/currentApenas abstracts, com acesso online pago.Dispon\u00edvel no portal acad\u00eamico da USP para alunos e ex-alunos (exemplares a partir de &hellip; <a href=\"https:\/\/www.fotoplus.com\/duas\/?page_id=23\" class=\"more-link\">Continue lendo<span class=\"screen-reader-text\"> &#8220;Revistas (HdF)&#8221;<\/span><\/a><\/p>\n","protected":false},"author":1,"featured_media":0,"parent":30,"menu_order":0,"comment_status":"closed","ping_status":"closed","template":"","meta":{"footnotes":""},"class_list":["post-23","page","type-page","status-publish","hentry"],"_links":{"self":[{"href":"https:\/\/www.fotoplus.com\/duas\/index.php?rest_route=\/wp\/v2\/pages\/23","targetHints":{"allow":["GET"]}}],"collection":[{"href":"https:\/\/www.fotoplus.com\/duas\/index.php?rest_route=\/wp\/v2\/pages"}],"about":[{"href":"https:\/\/www.fotoplus.com\/duas\/index.php?rest_route=\/wp\/v2\/types\/page"}],"author":[{"embeddable":true,"href":"https:\/\/www.fotoplus.com\/duas\/index.php?rest_route=\/wp\/v2\/users\/1"}],"replies":[{"embeddable":true,"href":"https:\/\/www.fotoplus.com\/duas\/index.php?rest_route=%2Fwp%2Fv2%2Fcomments&post=23"}],"version-history":[{"count":45,"href":"https:\/\/www.fotoplus.com\/duas\/index.php?rest_route=\/wp\/v2\/pages\/23\/revisions"}],"predecessor-version":[{"id":980,"href":"https:\/\/www.fotoplus.com\/duas\/index.php?rest_route=\/wp\/v2\/pages\/23\/revisions\/980"}],"up":[{"embeddable":true,"href":"https:\/\/www.fotoplus.com\/duas\/index.php?rest_route=\/wp\/v2\/pages\/30"}],"wp:attachment":[{"href":"https:\/\/www.fotoplus.com\/duas\/index.php?rest_route=%2Fwp%2Fv2%2Fmedia&parent=23"}],"curies":[{"name":"wp","href":"https:\/\/api.w.org\/{rel}","templated":true}]}}