{"id":30,"date":"2018-12-12T03:43:53","date_gmt":"2018-12-12T03:43:53","guid":{"rendered":"http:\/\/www.fotoplus.com\/duas\/?page_id=30"},"modified":"2018-12-26T07:00:25","modified_gmt":"2018-12-26T07:00:25","slug":"referencias","status":"publish","type":"page","link":"https:\/\/www.fotoplus.com\/duas\/?page_id=30","title":{"rendered":"Refer\u00eancias (HdF)"},"content":{"rendered":"<p>Uma rela\u00e7\u00e3o em constru\u00e7\u00e3o sobre fontes, refer\u00eancias, textos online etc, sobre hist\u00f3ria da fotografia (HdF), suas historiografias, nos mais diversos recortes<\/p>\n<p><a href=\"http:\/\/www.fotoplus.com\/duas\/?page_id=43\">Portais<\/a> | <a href=\"http:\/\/www.fotoplus.com\/duas\/?page_id=23\">Revistas<\/a> | <a href=\"http:\/\/www.fotoplus.com\/duas\/?page_id=36\">Blogs<\/a> | <a href=\"http:\/\/www.fotoplus.com\/duas\/?page_id=124\">Ensino<\/a> | <a href=\"http:\/\/www.fotoplus.com\/duas\/?page_id=40\">Perfis<\/a><\/p>\n<p>&nbsp;<\/p>\n","protected":false},"excerpt":{"rendered":"<p>Uma rela\u00e7\u00e3o em constru\u00e7\u00e3o sobre fontes, refer\u00eancias, textos online etc, sobre hist\u00f3ria da fotografia (HdF), suas historiografias, nos mais diversos recortes Portais | Revistas | Blogs | Ensino | Perfis &nbsp;<\/p>\n","protected":false},"author":1,"featured_media":0,"parent":0,"menu_order":0,"comment_status":"closed","ping_status":"closed","template":"","meta":{"footnotes":""},"class_list":["post-30","page","type-page","status-publish","hentry"],"_links":{"self":[{"href":"https:\/\/www.fotoplus.com\/duas\/index.php?rest_route=\/wp\/v2\/pages\/30","targetHints":{"allow":["GET"]}}],"collection":[{"href":"https:\/\/www.fotoplus.com\/duas\/index.php?rest_route=\/wp\/v2\/pages"}],"about":[{"href":"https:\/\/www.fotoplus.com\/duas\/index.php?rest_route=\/wp\/v2\/types\/page"}],"author":[{"embeddable":true,"href":"https:\/\/www.fotoplus.com\/duas\/index.php?rest_route=\/wp\/v2\/users\/1"}],"replies":[{"embeddable":true,"href":"https:\/\/www.fotoplus.com\/duas\/index.php?rest_route=%2Fwp%2Fv2%2Fcomments&post=30"}],"version-history":[{"count":10,"href":"https:\/\/www.fotoplus.com\/duas\/index.php?rest_route=\/wp\/v2\/pages\/30\/revisions"}],"predecessor-version":[{"id":174,"href":"https:\/\/www.fotoplus.com\/duas\/index.php?rest_route=\/wp\/v2\/pages\/30\/revisions\/174"}],"wp:attachment":[{"href":"https:\/\/www.fotoplus.com\/duas\/index.php?rest_route=%2Fwp%2Fv2%2Fmedia&parent=30"}],"curies":[{"name":"wp","href":"https:\/\/api.w.org\/{rel}","templated":true}]}}