{"id":383,"date":"2019-05-08T05:46:31","date_gmt":"2019-05-08T05:46:31","guid":{"rendered":"http:\/\/www.fotoplus.com\/duas\/?page_id=383"},"modified":"2019-05-08T05:49:42","modified_gmt":"2019-05-08T05:49:42","slug":"martin-w-sandler","status":"publish","type":"page","link":"https:\/\/www.fotoplus.com\/duas\/?page_id=383","title":{"rendered":"Martin W. Sandler"},"content":{"rendered":"\n<p>Escritor, produtor de televis\u00e3o. Autor de extensa rela\u00e7\u00e3o de livros sobre hist\u00f3ria dos Estados Unidos e hist\u00f3ria da fotografia.<\/p>\n\n\n\n<p><\/p>\n\n\n\n<p><strong>Perfil<\/strong><br><strong>Biography.jrank.org<\/strong><br><a href=\"https:\/\/biography.jrank.org\/pages\/1629\/Sandler-Martin-W.html \" target=\"_blank\" rel=\"noreferrer noopener\" aria-label=\"https:\/\/biography.jrank.org\/pages\/1629\/Sandler-Martin-W.html  (abre em uma nova aba)\">https:\/\/biography.jrank.org\/pages\/1629\/Sandler-Martin-W.html <\/a><br>(RM\/2018.01.01)<\/p>\n","protected":false},"excerpt":{"rendered":"<p>Escritor, produtor de televis\u00e3o. Autor de extensa rela\u00e7\u00e3o de livros sobre hist\u00f3ria dos Estados Unidos e hist\u00f3ria da fotografia. PerfilBiography.jrank.orghttps:\/\/biography.jrank.org\/pages\/1629\/Sandler-Martin-W.html (RM\/2018.01.01)<\/p>\n","protected":false},"author":1,"featured_media":0,"parent":40,"menu_order":0,"comment_status":"closed","ping_status":"closed","template":"","meta":{"footnotes":""},"class_list":["post-383","page","type-page","status-publish","hentry"],"_links":{"self":[{"href":"https:\/\/www.fotoplus.com\/duas\/index.php?rest_route=\/wp\/v2\/pages\/383","targetHints":{"allow":["GET"]}}],"collection":[{"href":"https:\/\/www.fotoplus.com\/duas\/index.php?rest_route=\/wp\/v2\/pages"}],"about":[{"href":"https:\/\/www.fotoplus.com\/duas\/index.php?rest_route=\/wp\/v2\/types\/page"}],"author":[{"embeddable":true,"href":"https:\/\/www.fotoplus.com\/duas\/index.php?rest_route=\/wp\/v2\/users\/1"}],"replies":[{"embeddable":true,"href":"https:\/\/www.fotoplus.com\/duas\/index.php?rest_route=%2Fwp%2Fv2%2Fcomments&post=383"}],"version-history":[{"count":2,"href":"https:\/\/www.fotoplus.com\/duas\/index.php?rest_route=\/wp\/v2\/pages\/383\/revisions"}],"predecessor-version":[{"id":387,"href":"https:\/\/www.fotoplus.com\/duas\/index.php?rest_route=\/wp\/v2\/pages\/383\/revisions\/387"}],"up":[{"embeddable":true,"href":"https:\/\/www.fotoplus.com\/duas\/index.php?rest_route=\/wp\/v2\/pages\/40"}],"wp:attachment":[{"href":"https:\/\/www.fotoplus.com\/duas\/index.php?rest_route=%2Fwp%2Fv2%2Fmedia&parent=383"}],"curies":[{"name":"wp","href":"https:\/\/api.w.org\/{rel}","templated":true}]}}