{"id":1001,"date":"2025-02-14T03:12:18","date_gmt":"2025-02-14T03:12:18","guid":{"rendered":"https:\/\/fotoplus.com\/idart50\/?page_id=1001"},"modified":"2025-04-18T03:53:32","modified_gmt":"2025-04-18T03:53:32","slug":"publicacoes-idart-divisao-de-pesquisas-por-area","status":"publish","type":"page","link":"https:\/\/www.fotoplus.com\/idart50\/?page_id=1001","title":{"rendered":"Publica\u00e7\u00f5es: por \u00c1rea \/ ETP"},"content":{"rendered":"\n<p class=\"has-text-align-right has-small-font-size\"><strong>Ordenado por equipe t\u00e9cnica de pesquisa<\/strong><br>distribui\u00e7\u00e3o gratuita, salvo quando indicado<br><\/p>\n\n\n\n<p><strong>Peri\u00f3dicos<\/strong>:<br><em>Revista D&#8217;Art<\/em>. S\u00e3o Paulo: Divis\u00e3o de Pesquisas\/CCSP, 1997-2005. 12 n\u00fameros<\/p>\n\n\n\n<p><br><br><strong>Arquivo Multimeios<\/strong><br><em>Listagem do acervo do Arquivo Multimeios<\/em> (1985)<br><em>Listagem do acervo do Arquivo Multimeios<\/em> (1993)<\/p>\n\n\n\n<p><strong>ETP Arquitetura<\/strong><br><em>Anu\u00e1rio de arquitetura 1991<\/em> (1992)<br><em>Casa das Retortas Br\u00e1s-Espa\u00e7o e uso<\/em> (1981)<br><em>100 anos da Casa das Retortas<\/em> (cat\u00e1logo) (1989)<br><em>Circo Paulistano\/Arquitetura N\u00f4made<\/em> (1980)<br><em>S\u00e3o Paulo Hoje<\/em> (1984)<br><em>Trajet\u00f3rias da arquitetura modernista<\/em> (1982)<br><em>Vilanova Artigas<\/em> (1985)<\/p>\n\n\n\n<p><strong>ETP Artes C\u00eanicas<\/strong><br><em>Anu\u00e1rio de Artes C\u00eanicas<\/em> <em>1977 <\/em>(1977)<br><em>Anu\u00e1rio de Artes C\u00eanicas 1980<\/em> (1980)<br><em>Anu\u00e1rio de Artes C\u00eanicas 1981<\/em> (1981)<br><em>Bolero &#8211; Bal\u00e9 da Cidade<\/em> de S\u00e3o Paulo (Mem\u00f3ria Ativa, 1) (1983) (download, <a href=\"https:\/\/centrocultural.sp.gov.br\/wp-content\/uploads\/2023\/09\/bolero-Centro-Cultural-Sao-Paulo.pdf\" target=\"_blank\" rel=\"noreferrer noopener\">CCSP<\/a>)<br>Caderno <em>Dan\u00e7a<\/em> (s\u00e9rie Cultura e cidade) (1993)<br><em>Cat\u00e1logo EAD &#8211; 1948-1970<\/em> (cat\u00e1logo) (1985)<br><em>Circo &#8211; espet\u00e1culos de periferia <\/em>(1981)<br><em>Corpo de Baile do Municipal<\/em> (1980)<br><em>Da rua ao palco<\/em> (1982)<br><em>Fredi Kleemann &#8211; Foto em cena<\/em> (1991)<br><em>Imagens da dan\u00e7a em S\u00e3o Paulo <\/em>(coedi\u00e7\u00e3o IMESP) (1987)<br><em>Imagens do teatro paulista<\/em> (coedi\u00e7\u00e3o IMESP) (1985)<br><em>Teatro de revista<\/em> (cat\u00e1logo) (1992)<br><em>Teatro oper\u00e1rio na cidade de S. Paulo<\/em> (1980)<br><br><strong>ETP Artes Gr\u00e1ficas<\/strong><br><em>Bal\u00e3o &#8211; a arte do ar e do fogo<\/em> (1981)<br><em>O cartaz em S\u00e3o Paulo <\/em>(1980) (download,<a href=\"https:\/\/centrocultural.sp.gov.br\/wp-content\/uploads\/2023\/09\/o-cartaz-em-Sao-Paulo-pesquisa-3-Centro-Cultural-Sao-Paulo.pdf\" target=\"_blank\" rel=\"noreferrer noopener\"> CCSP<\/a>)<br><em>A gr\u00e1fica urbana<\/em> (1982)<br><em>A vinheta: da ilumin\u00e1ria \u00e0 carro\u00e7aria de caminh\u00e3o<\/em> (1980)<\/p>\n\n\n\n<p><strong>ETP Artes Pl\u00e1sticas<\/strong><br><em>Anu\u00e1rio de Artes Pl\u00e1sticas: 1977<\/em> (1977)<br><em>Arnaldo Pedroso D&#8217;Horta &#8211; desenhos, xilogravuras<\/em> (cat\u00e1logo) (1983)<br><em>Cole\u00e7\u00e3o Biblioteca de Arte &#8211; desenhos, aquarelas e gravuras<\/em> (1981)<br><em>Dossi\u00ea Jovens artistas paulistas<\/em> (1987) (coedi\u00e7\u00e3o MAC-USP)<br><em>Grupo Guanabara<\/em> (cat\u00e1logo) (1992)<br><em>Linguagens experimentais em S\u00e3o Paulo <\/em>(1980)<br><em>Os mestres da fachada<\/em> (1985)<br><em>Situa\u00e7\u00e3o atual da escultura na cidade de S\u00e3o Paulo<\/em> (1980)<\/p>\n\n\n\n<p><strong>ETP Cinema<\/strong><br><em>Anu\u00e1rio de cinema \/ 198?<\/em> (1985)<br><em>Aron Feldman <\/em>(cat\u00e1logo) (1988)<br><em>Carlos Ortiz e o cinema brasileiro na d\u00e9cada de 50<\/em> (1981)<br><em>O Cinema Marginal<\/em> (coedi\u00e7\u00e3o Editora Brasiliense e Embrafilme) (1987)<br><em>Da rua ao palco<\/em> (1982)<br><em>O filme curto I <\/em>(1978)<br><em>O filme curto II<\/em> (198o)<br><em>O imagin\u00e1rio da Boca <\/em>(1981)<br>Os oper\u00e1rios e a f\u00e1brica de Lumi\u00e8re. <em>Filme e cultura<\/em>,Embrafilme, n\u00ba46, abr. 1986.<br><em>Roberto Santos: vinte e tr\u00eas anos ap\u00f3s<strong> <\/strong>O Grande Momento e Os amantes da chuva <\/em>(1982)<br><em>Salas de cinema de S\u00e3o Paulo<\/em> (1990) (download, <a href=\"https:\/\/centrocultural.sp.gov.br\/wp-content\/uploads\/2023\/09\/salas-de-cinema-Centro-Cultural-Sao-Paulo.pdf\" target=\"_blank\" rel=\"noreferrer noopener\">CCSP<\/a>)<\/p>\n\n\n\n<p><strong>ETP Comunica\u00e7\u00e3o de Massa<\/strong><br><em>Cronologia do r\u00e1dio paulistano: vol. anos 20 e 30<\/em> (1993)<br><em>Os jornais de bairro na cidade de S\u00e3o Paulo<\/em> (1985)<br><em>O r\u00e1dio paulista no Centen\u00e1rio de Roquette Pinto<\/em> (1984)<br><em>R\u00e1dio &#8216;Show da Manh\u00e3&#8217; e &#8216;Z\u00e9 Bettio&#8217; <\/em>(1980)<br><em>O teleteatro paulista nas d\u00e9cadas de 50 e 60 <\/em>(1981)<br><em>O televis\u00e3o brasileira<\/em> (1988)<br><em>TV anos 40 &#8211; 1950-1990<\/em> (cat\u00e1logo) (1990)<\/p>\n\n\n\n<p><strong>ETP Fotografia<\/strong><br>Caderno <em>Fotografia<\/em> (s\u00e9rie Cultura e cidade) (1993)<br><em>Notici\u00e1rio geral da photographia paulistana: 1839-1900<\/em> (coedi\u00e7\u00e3o IMESP) (2007)<\/p>\n\n\n\n<p><strong>ETP Literatura<\/strong><br><em>Da Literatura \u00e0 Tev\u00ea<\/em> (1981)<br><em>O escritor brasileiro \/ 1981<\/em> (1982)<\/p>\n\n\n\n<p><strong>ETP M\u00fasica<\/strong><br><em>Bibliografia da m\u00fasica brasileira 77\/84<\/em> (1988)<br><em>Disco em S\u00e3o Paulo <\/em>(1980)<br><em>M\u00e1rio de Andrade e Villa Lobos<\/em> (1987)<br><em>Miss\u00e3o de Pesquisas Folcl\u00f3ricas<\/em> (1985)<br><em>Projeto Ir e ouvir <\/em>(5 volumes) <\/p>\n\n\n\n<p><\/p>\n","protected":false},"excerpt":{"rendered":"<p>Ordenado por equipe t\u00e9cnica de pesquisadistribui\u00e7\u00e3o gratuita, salvo quando indicado Peri\u00f3dicos:Revista D&#8217;Art. S\u00e3o Paulo: Divis\u00e3o de Pesquisas\/CCSP, 1997-2005. 12 n\u00fameros Arquivo MultimeiosListagem do acervo do Arquivo Multimeios (1985)Listagem do acervo do Arquivo Multimeios (1993) ETP ArquiteturaAnu\u00e1rio de arquitetura 1991 (1992)Casa das Retortas Br\u00e1s-Espa\u00e7o e uso (1981)100 anos da Casa das Retortas (cat\u00e1logo) (1989)Circo Paulistano\/Arquitetura N\u00f4made &hellip; <a href=\"https:\/\/www.fotoplus.com\/idart50\/?page_id=1001\" class=\"more-link\">Continue lendo<span class=\"screen-reader-text\"> &#8220;Publica\u00e7\u00f5es: por \u00c1rea \/ ETP&#8221;<\/span><\/a><\/p>\n","protected":false},"author":2,"featured_media":0,"parent":0,"menu_order":0,"comment_status":"closed","ping_status":"closed","template":"","meta":{"footnotes":""},"class_list":["post-1001","page","type-page","status-publish","hentry"],"_links":{"self":[{"href":"https:\/\/www.fotoplus.com\/idart50\/index.php?rest_route=\/wp\/v2\/pages\/1001","targetHints":{"allow":["GET"]}}],"collection":[{"href":"https:\/\/www.fotoplus.com\/idart50\/index.php?rest_route=\/wp\/v2\/pages"}],"about":[{"href":"https:\/\/www.fotoplus.com\/idart50\/index.php?rest_route=\/wp\/v2\/types\/page"}],"author":[{"embeddable":true,"href":"https:\/\/www.fotoplus.com\/idart50\/index.php?rest_route=\/wp\/v2\/users\/2"}],"replies":[{"embeddable":true,"href":"https:\/\/www.fotoplus.com\/idart50\/index.php?rest_route=%2Fwp%2Fv2%2Fcomments&post=1001"}],"version-history":[{"count":28,"href":"https:\/\/www.fotoplus.com\/idart50\/index.php?rest_route=\/wp\/v2\/pages\/1001\/revisions"}],"predecessor-version":[{"id":1521,"href":"https:\/\/www.fotoplus.com\/idart50\/index.php?rest_route=\/wp\/v2\/pages\/1001\/revisions\/1521"}],"wp:attachment":[{"href":"https:\/\/www.fotoplus.com\/idart50\/index.php?rest_route=%2Fwp%2Fv2%2Fmedia&parent=1001"}],"curies":[{"name":"wp","href":"https:\/\/api.w.org\/{rel}","templated":true}]}}