{"id":1008,"date":"2025-02-14T03:19:21","date_gmt":"2025-02-14T03:19:21","guid":{"rendered":"https:\/\/fotoplus.com\/idart50\/?page_id=1008"},"modified":"2025-04-27T09:01:45","modified_gmt":"2025-04-27T09:01:45","slug":"publicacoes-por-ano-resumo","status":"publish","type":"page","link":"https:\/\/www.fotoplus.com\/idart50\/?page_id=1008","title":{"rendered":"Publica\u00e7\u00f5es: por ano (resumo)"},"content":{"rendered":"\n<p class=\"has-text-align-right has-small-font-size\">Distribui\u00e7\u00e3o gratuita, salvo quando indicado.<br><br><\/p>\n\n\n\n<p><strong>1978<\/strong><br><em>O filme curto I<\/em><br><em>O filme curto II<\/em><br><br><strong>1980<\/strong><br><em>Anu\u00e1rio artes c\u00eanicas 1977<br>Anu\u00e1rio artes pl\u00e1sticas 1977<\/em><br><em>Aspectos da cenografia e do figurino \u2013 teatro paulista do in\u00edcio do s\u00e9culo \u00e0 d\u00e9cada de 40<\/em> (cat\u00e1logo)<br><em>O cartaz em S\u00e3o Paulo<\/em><br><em>Casa das Retortas \/ Br\u00e1s &#8211; Espa\u00e7o e uso<br>Circo paulistano \/ Arquitetura n\u00f4made<br>Corpo de Baile do Municipal<br>Disco em S\u00e3o Paulo<br>Linguagens experimentais em S\u00e3o Paulo<br>R\u00e1dio &#8216;Show da Manh\u00e3&#8217; e &#8216;Z\u00e9 Bettio&#8217;<br>Situa\u00e7\u00e3o atual da escultura na cidade de S\u00e3o Paulo<br>Teatro oper\u00e1rio na cidade de S\u00e3o Paulo<\/em><br><em>A telenovela 1951\/1978 \u2013 Entre a ilus\u00e3o e a realidade<\/em> (cat\u00e1logo)<em><br>A vinheta: da ilumin\u00e1ria \u00e0 carro\u00e7aria de caminh\u00e3o<\/em><\/p>\n\n\n\n<p><strong>1981<\/strong><br><em>Anu\u00e1rio Artes C\u00eanicas, 198<\/em>0<em><br>Bal\u00e3o &#8211; A arte do ar e do fogo<br>Carlos Ortiz e o cinema brasileiro na d\u00e9cada de 1950<br>Circo &#8211; Espet\u00e1culo de periferia<br>Cole\u00e7\u00e3o Biblioteca de Arte &#8211; desenhos, aquarelas e gravuras <\/em> (com Divis\u00e3o de Biblioteca de Arte) (cat\u00e1logo)<br><em>Da literatura \u00e0 tev\u00ea<br>O imagin\u00e1rio da Boca<br>O teleteatro paulista nas d\u00e9cadas de 50 e 60<\/em><br><br><strong>1982<\/strong><br><em>Da rua ao palco: notas sobre a forma\u00e7\u00e3o do teatro na cidade de S\u00e3o Paulo<br>Escritor brasileiro 81<\/em><br><em>A gr\u00e1fica urbana<\/em><br><em>Roberto Santos, vinte e tr\u00eas anos ap\u00f3s O Grande Momento e Os Amantes da Chuva<br>Trajet\u00f3rias da arquitetura modernista<\/em><br><br><strong>1983<\/strong><br><em>Anu\u00e1rio Artes C\u00eanicas dan\u00e7a\/teatro, 198<\/em>1<br><em>Arnaldo Pedroso D&#8217;Horta &#8211; desenhos, xilogravuras <\/em>(cat\u00e1logo)<br><em>Bolero &#8211; Bal\u00e9 da Cidade de S\u00e3o Paulo<\/em> (Mem\u00f3ria ativa, 1)<br>CCSP Ano I (Mem\u00f3ria ativa, 2)<br><br><br><strong>1984<\/strong><br><em>O r\u00e1dio paulista no Centen\u00e1rio de Roquette Pinto<br>S\u00e3o Paulo hoje<\/em><br><br><strong>1985<\/strong><br><em>Arquivo Multimeios: listagem do acervo<\/em><br><em>Anu\u00e1rio de cinema \/ 198x<\/em><br><em>Cat\u00e1logo EAD &#8211; 1948-1968<\/em> (cat\u00e1logo) <br><em>Imagens do teatro paulista<\/em> (coedi\u00e7\u00e3o IMESP, publica\u00e7\u00e3o \u00e0 venda)<br><em>Os jornais de bairro na cidade de S\u00e3o Paulo<\/em><br><em>Os mestres da fachada<br>Vilanova Artigas<\/em><br><br><strong>1986<\/strong><br><em>\u00c1lbum de figurinhas<\/em> (cat\u00e1logo)<br>Os oper\u00e1rios e a f\u00e1brica de Lumi\u00e8re. <em>Filme e cultura<\/em>, Embrafilme, n\u00ba46, abril 1986. 80p. <br><em>A Miss\u00e3o de Pesquisas Folcl\u00f3ricas do Departamento de Cultura<\/em><\/p>\n\n\n\n<p><strong>1987<\/strong><br><em>C<em>inema marginal (1968-1973): a representa\u00e7\u00e3o em seu limite<\/em><\/em> (coedi\u00e7\u00e3o Editora Brasiliense e Embrafilme, publica\u00e7\u00e3o \u00e0 venda)<br><em>Dossi\u00ea Jovens artistas paulistas<\/em> (em conjunto com MAC-USP)<br><em>Imagens da dan\u00e7a em S\u00e3o Paulo<\/em> (coedi\u00e7\u00e3o IMESP, publica\u00e7\u00e3o \u00e0 venda)<br><em>M\u00e1rio de Andrade e Villa Lobos<\/em><br><br>GATI, Catherine. Perfil do arquiteto \u2013 Franz Heep. <em>Projeto<\/em>, n. 97, p. 97-104, mar. 1987<\/p>\n\n\n\n<p><strong>1988<\/strong><br><em>Aron Feldman <\/em>(cat\u00e1logo)<br><em>Bibliografia da m\u00fasica brasileira 77\/84<\/em><br><em>A televis\u00e3o brasileira<\/em> (cat\u00e1logo)<br><br><strong>1989<\/strong><br><em>100 anos da Casa das Retortas<\/em> (cat\u00e1logo)<br><br><strong>1990<\/strong><br><em>Salas de cinema em S\u00e3o Paulo<\/em> (coedi\u00e7\u00e3o SEC e PW\/Projeto, publica\u00e7\u00e3o \u00e0 venda)<br><em>TV Anos 40<\/em><strong><em>:<\/em><\/strong><em> quadro cronol\u00f3gico da televis\u00e3o brasileira: 1950-1990<\/em> (cat\u00e1logo)<br><br><strong>1991<\/strong><br><em>Fredi Kleemann &#8211; foto em cena<\/em> (coedi\u00e7\u00e3o IMESP, publica\u00e7\u00e3o \u00e0 venda)<br><em>S\u00e3o Paulo em revista: uma viagem ao umbigo da cidade<\/em> (cat\u00e1logo)<\/p>\n\n\n\n<p><strong>1992<\/strong><br><em>Anu\u00e1rio de arquitetura 1991<\/em> (A CONFIRMAR)<br><em>Arquivo Multimeios: listagem do acervo<\/em> (2\u00aa vers\u00e3o)<br><em>Dan\u00e7a<\/em> moderna (S\u00e3o Paulo: a cidade e a cultura)<br><em>Fotografia<\/em>: <em>cultura e fotografia paulistana no s\u00e9culo XX<\/em> (S\u00e3o Paulo: a cidade e a cultura)<br><em>Grupo Guanabara<\/em><strong> <\/strong>(cat\u00e1logo)<br>Projeto Ir e ouvir (5 volumes) (ano a confirmar)<\/p>\n\n\n\n<p><strong>1993<\/strong><br><em>Cronologia do R\u00e1dio Paulistano: anos 20 e 30<\/em><br><\/p>\n\n\n\n<p><strong>1996<\/strong><br><em>Anos 50 revisitados<\/em> (cat\u00e1logo)<br><em>Anu\u00e1rio de teatro \u2013 1994<\/em><br><em>Arquivo Multimeios: levantamento indicativo do acervo<\/em><br><em>Cronologia das artes em S\u00e3o Paulo 1975-1995<\/em> <br>(6 v.: Quadro Brasil, arquitetura, artes c\u00eanicas &#8211; teatro, cinema, comunica\u00e7\u00e3o de massa,literatura)<br><em>Mercosul Cultural. Encontros com a cr\u00edtica: dan\u00e7a, teatro, artes pl\u00e1sticas<\/em><br><br><strong>2004<\/strong><br><em>Cole\u00e7\u00e3o Dramaturgia<\/em> (5v.)<br><br><strong>2007<\/strong><br><em>Notici\u00e1rio geral da photographia paulistana: 1839-1900<\/em><\/p>\n\n\n\n<p><br>Veja tamb\u00e9m\u00a0<a href=\"https:\/\/fotoplus.com\/idart50\/?page_id=1321\"><em>Revista D\u2019Art<\/em><strong><em>\u00a0<\/em><\/strong><\/a>(1997-2004)<br><br>Veja tamb\u00e9m <em><a href=\"https:\/\/fotoplus.com\/idart50\/?page_id=361\">Cadernos de pesquisa<\/a><\/em> (2008)<br><br><br><\/p>\n\n\n\n<p><\/p>\n\n\n\n<p><br><br><\/p>\n\n\n\n<p><br><\/p>\n","protected":false},"excerpt":{"rendered":"<p>Distribui\u00e7\u00e3o gratuita, salvo quando indicado. 1978O filme curto IO filme curto II 1980Anu\u00e1rio artes c\u00eanicas 1977Anu\u00e1rio artes pl\u00e1sticas 1977Aspectos da cenografia e do figurino \u2013 teatro paulista do in\u00edcio do s\u00e9culo \u00e0 d\u00e9cada de 40 (cat\u00e1logo)O cartaz em S\u00e3o PauloCasa das Retortas \/ Br\u00e1s &#8211; Espa\u00e7o e usoCirco paulistano \/ Arquitetura n\u00f4madeCorpo de Baile do &hellip; <a href=\"https:\/\/www.fotoplus.com\/idart50\/?page_id=1008\" class=\"more-link\">Continue lendo<span class=\"screen-reader-text\"> &#8220;Publica\u00e7\u00f5es: por ano (resumo)&#8221;<\/span><\/a><\/p>\n","protected":false},"author":2,"featured_media":0,"parent":0,"menu_order":0,"comment_status":"closed","ping_status":"closed","template":"","meta":{"footnotes":""},"class_list":["post-1008","page","type-page","status-publish","hentry"],"_links":{"self":[{"href":"https:\/\/www.fotoplus.com\/idart50\/index.php?rest_route=\/wp\/v2\/pages\/1008","targetHints":{"allow":["GET"]}}],"collection":[{"href":"https:\/\/www.fotoplus.com\/idart50\/index.php?rest_route=\/wp\/v2\/pages"}],"about":[{"href":"https:\/\/www.fotoplus.com\/idart50\/index.php?rest_route=\/wp\/v2\/types\/page"}],"author":[{"embeddable":true,"href":"https:\/\/www.fotoplus.com\/idart50\/index.php?rest_route=\/wp\/v2\/users\/2"}],"replies":[{"embeddable":true,"href":"https:\/\/www.fotoplus.com\/idart50\/index.php?rest_route=%2Fwp%2Fv2%2Fcomments&post=1008"}],"version-history":[{"count":29,"href":"https:\/\/www.fotoplus.com\/idart50\/index.php?rest_route=\/wp\/v2\/pages\/1008\/revisions"}],"predecessor-version":[{"id":1619,"href":"https:\/\/www.fotoplus.com\/idart50\/index.php?rest_route=\/wp\/v2\/pages\/1008\/revisions\/1619"}],"wp:attachment":[{"href":"https:\/\/www.fotoplus.com\/idart50\/index.php?rest_route=%2Fwp%2Fv2%2Fmedia&parent=1008"}],"curies":[{"name":"wp","href":"https:\/\/api.w.org\/{rel}","templated":true}]}}