{"id":1186,"date":"2025-03-06T05:12:14","date_gmt":"2025-03-06T05:12:14","guid":{"rendered":"https:\/\/fotoplus.com\/idart50\/?page_id=1186"},"modified":"2025-03-06T05:48:12","modified_gmt":"2025-03-06T05:48:12","slug":"publicacoes-catalogos","status":"publish","type":"page","link":"https:\/\/www.fotoplus.com\/idart50\/?page_id=1186","title":{"rendered":"Publica\u00e7\u00f5es: cat\u00e1logos"},"content":{"rendered":"\n<p class=\"has-text-align-right has-small-font-size\"><strong>Veja tamb\u00e9m a p\u00e1gina <a href=\"https:\/\/fotoplus.com\/idart50\/?p=442\">Exposi\u00e7\u00f5es<\/a><\/strong><\/p>\n\n\n\n<p><em>\u00c1lbum de figurinhas<\/em> (CCSP, [04 a 19.10.1986], como F<em>igurinhas: hist\u00f3rias para colecionar<\/em>)<br><br><em>Anos 50 revisitados<\/em> (CCSP, 14.07 a 14.08.1994)<br><br><em>Aron Feldman <\/em>(CCSP, 03 a 28.02.1988, exposi\u00e7\u00e3o, palestra e ciclo de filmes)<br><br><em>Aspectos da cenografia e do figurino &#8211; teatro paulista do in\u00edcio do s\u00e9culo \u00e0 d\u00e9cada de 1940<\/em> (Casa das Retortas, 06.07 a 05.10.1980)<br><br><em>Casa das Retortas: Br\u00e1s &#8211; espa\u00e7o e uso<\/em> (Casa das Retortas, 25.01 a 12.04.1981)<br><br><em>100 anos da Casa das Retortas<\/em> (-, 1989)<br><br><em>Cole\u00e7\u00e3o Biblioteca de Arte &#8211; desenhos\/aquarelas e guaches<\/em> (Casa das Retortas, 05.07 a 04.10.1981)<br><br><em>O r\u00e1dio paulista no centen\u00e1rio de Roquette Pinto: 1884-1984<\/em> (CCSP, ?)<br><br><em>Rever espa\u00e7o: o espa\u00e7o c\u00eanico segundo Fl\u00e1vio Imp\u00e9rio <\/em>(CCSP, 07.1983)<br><br><em>S\u00e3o Paulo em revista: uma viagem ao umbigo da cidade<\/em> (XXI Bienal Internacional de S\u00e3o Paulo, 21.09 a 10.12.1991)<br><br><em>A telenovela 1951-1978 &#8211; Entre a ilus\u00e3o e a realidade<\/em> (Casa das Retortas, 05.10 a 31.12.1980)<br><br><em>A televis\u00e3o brasileira<\/em> (CCSP, 1988)<br><br><em>A trama do gosto: um outro olhar sobre o cotidiano<\/em> (Pavilh\u00e3o da Bienal, 25.01 a 22.02.1987)<br><br><em>TV ano 1940: quadro cronol\u00f3gico da televis\u00e3o brasileira: 1950-1990<\/em> (CCSP, 1990)<br><br><br><br><\/p>\n","protected":false},"excerpt":{"rendered":"<p>Veja tamb\u00e9m a p\u00e1gina Exposi\u00e7\u00f5es \u00c1lbum de figurinhas (CCSP, [04 a 19.10.1986], como Figurinhas: hist\u00f3rias para colecionar) Anos 50 revisitados (CCSP, 14.07 a 14.08.1994) Aron Feldman (CCSP, 03 a 28.02.1988, exposi\u00e7\u00e3o, palestra e ciclo de filmes) Aspectos da cenografia e do figurino &#8211; teatro paulista do in\u00edcio do s\u00e9culo \u00e0 d\u00e9cada de 1940 (Casa das &hellip; <a href=\"https:\/\/www.fotoplus.com\/idart50\/?page_id=1186\" class=\"more-link\">Continue lendo<span class=\"screen-reader-text\"> &#8220;Publica\u00e7\u00f5es: cat\u00e1logos&#8221;<\/span><\/a><\/p>\n","protected":false},"author":2,"featured_media":0,"parent":0,"menu_order":0,"comment_status":"closed","ping_status":"closed","template":"","meta":{"footnotes":""},"class_list":["post-1186","page","type-page","status-publish","hentry"],"_links":{"self":[{"href":"https:\/\/www.fotoplus.com\/idart50\/index.php?rest_route=\/wp\/v2\/pages\/1186","targetHints":{"allow":["GET"]}}],"collection":[{"href":"https:\/\/www.fotoplus.com\/idart50\/index.php?rest_route=\/wp\/v2\/pages"}],"about":[{"href":"https:\/\/www.fotoplus.com\/idart50\/index.php?rest_route=\/wp\/v2\/types\/page"}],"author":[{"embeddable":true,"href":"https:\/\/www.fotoplus.com\/idart50\/index.php?rest_route=\/wp\/v2\/users\/2"}],"replies":[{"embeddable":true,"href":"https:\/\/www.fotoplus.com\/idart50\/index.php?rest_route=%2Fwp%2Fv2%2Fcomments&post=1186"}],"version-history":[{"count":9,"href":"https:\/\/www.fotoplus.com\/idart50\/index.php?rest_route=\/wp\/v2\/pages\/1186\/revisions"}],"predecessor-version":[{"id":1204,"href":"https:\/\/www.fotoplus.com\/idart50\/index.php?rest_route=\/wp\/v2\/pages\/1186\/revisions\/1204"}],"wp:attachment":[{"href":"https:\/\/www.fotoplus.com\/idart50\/index.php?rest_route=%2Fwp%2Fv2%2Fmedia&parent=1186"}],"curies":[{"name":"wp","href":"https:\/\/api.w.org\/{rel}","templated":true}]}}