{"id":1321,"date":"2025-03-20T07:11:53","date_gmt":"2025-03-20T07:11:53","guid":{"rendered":"https:\/\/fotoplus.com\/idart50\/?page_id=1321"},"modified":"2025-03-20T07:24:22","modified_gmt":"2025-03-20T07:24:22","slug":"publicacoes-revista-dart","status":"publish","type":"page","link":"https:\/\/www.fotoplus.com\/idart50\/?page_id=1321","title":{"rendered":"Publica\u00e7\u00f5es: Revista D&#8217;ART"},"content":{"rendered":"\n<p><br>Publica\u00e7\u00e3o semestral, publicada entre 1997 e 2005, com capas por artistas visuais e fot\u00f3grafos convidados e artigos por membros das equipes.<br><br><br><em><strong>Revista D&#8217;ART<\/strong><\/em><br>projeto: Maria Helena Beauchamp<br>editor e jornalista respons\u00e1vel: Edgar Ribeiro de Amorim<br><\/p>\n\n\n\n<p><strong>Revista D\u2019ART n\u00ba 1<\/strong><br>agosto 1997<br>capa: Carlos Fajardo<\/p>\n\n\n\n<p><br><strong>Revista D\u2019ART n\u00ba 2<\/strong><br>1998<br>capa: Carmela Gross<br><br><strong>Revista D\u2019ART n\u00ba 3<\/strong><br>1998<br>capa: Fernando Lemos<br>Edi\u00e7\u00e3o especial para o evento <em>Navegar \u00e9 Preciso\u2026<\/em>, realizado pelo CCSP.<br><br><strong>Revista D\u2019ART n\u00ba 4<\/strong><br>Julho 1999<br>capa: Rico Lins<br><br><strong>Revista D\u2019ART n\u00ba 5<\/strong><br>1999<br>capa: Alexandre Wollner<br><br><strong>Revista D&#8217;ART n\u00ba 6<\/strong><br>maio 2000<br>capa: Oscar Niemeyer<br><br><strong>Revista D&#8217;ART n\u00ba 7<\/strong><br>Setembro\/2000<br>capa: Hans D\u00f6nner<br><br><strong>Revista D&#8217;ART n\u00ba 8<\/strong><br>Capa: [C\u00e9lia Euvaldo]<br><br><strong>Revista D&#8217;ART n\u00ba especial<\/strong><br>novembro\/2002<br>capa: Ricardo Ohtake<br>Publica\u00e7\u00e3o da s\u00e9rie dos semin\u00e1rios<em> Delineando Nortes<\/em>, realizados pela Divis\u00e3o de Pesquisas, em agosto de 2001.<br><br><strong>Revista D&#8217;ART n\u00ba 9\/10<\/strong><br>novembro 2002<br>A partir de 2002 a revista passa por uma reformula\u00e7\u00e3o editorial, torna-se tem\u00e1tica e \u00e9 acrescido o <em>Projeto Capas<\/em> de Ricardo Mendes.<br>tema: Arte e Cultura: a Cidade como Lugar<br>curadoria: Equipe T\u00e9cnica de Pesquisas de Arquitetura: Dalva Thomaz, M\u00f4nica Junqueira de Camargo e Valdir Arruda.<br>Projeto Capas: edi\u00e7\u00e3o com 4 capas distintas com ensaios fotogr\u00e1ficos de: Antonio Saggese, Caio Reisewitz, Jos\u00e9 Jujocka, Raul Garcez<br><br><strong>Revista D&#8217;ART n\u00ba 11<\/strong><br>abril 2004<br>tema: Homem Comum<br>curadoria: Ana Rebou\u00e7as, M\u00e1rcia Denser e Maria Ol\u00edmpia Vass\u00e3o<br>capa: Cristina Guerra<br><br><strong>Revista D&#8217;ART n\u00ba 12<\/strong><br>[s.d.]<br>tema: Mercado<br>capa: Guto Lacaz<\/p>\n\n\n\n<p><br><\/p>\n","protected":false},"excerpt":{"rendered":"<p>Publica\u00e7\u00e3o semestral, publicada entre 1997 e 2005, com capas por artistas visuais e fot\u00f3grafos convidados e artigos por membros das equipes. Revista D&#8217;ARTprojeto: Maria Helena Beauchampeditor e jornalista respons\u00e1vel: Edgar Ribeiro de Amorim Revista D\u2019ART n\u00ba 1agosto 1997capa: Carlos Fajardo Revista D\u2019ART n\u00ba 21998capa: Carmela Gross Revista D\u2019ART n\u00ba 31998capa: Fernando LemosEdi\u00e7\u00e3o especial para o &hellip; <a href=\"https:\/\/www.fotoplus.com\/idart50\/?page_id=1321\" class=\"more-link\">Continue lendo<span class=\"screen-reader-text\"> &#8220;Publica\u00e7\u00f5es: Revista D&#8217;ART&#8221;<\/span><\/a><\/p>\n","protected":false},"author":2,"featured_media":0,"parent":0,"menu_order":0,"comment_status":"closed","ping_status":"closed","template":"","meta":{"footnotes":""},"class_list":["post-1321","page","type-page","status-publish","hentry"],"_links":{"self":[{"href":"https:\/\/www.fotoplus.com\/idart50\/index.php?rest_route=\/wp\/v2\/pages\/1321","targetHints":{"allow":["GET"]}}],"collection":[{"href":"https:\/\/www.fotoplus.com\/idart50\/index.php?rest_route=\/wp\/v2\/pages"}],"about":[{"href":"https:\/\/www.fotoplus.com\/idart50\/index.php?rest_route=\/wp\/v2\/types\/page"}],"author":[{"embeddable":true,"href":"https:\/\/www.fotoplus.com\/idart50\/index.php?rest_route=\/wp\/v2\/users\/2"}],"replies":[{"embeddable":true,"href":"https:\/\/www.fotoplus.com\/idart50\/index.php?rest_route=%2Fwp%2Fv2%2Fcomments&post=1321"}],"version-history":[{"count":3,"href":"https:\/\/www.fotoplus.com\/idart50\/index.php?rest_route=\/wp\/v2\/pages\/1321\/revisions"}],"predecessor-version":[{"id":1327,"href":"https:\/\/www.fotoplus.com\/idart50\/index.php?rest_route=\/wp\/v2\/pages\/1321\/revisions\/1327"}],"wp:attachment":[{"href":"https:\/\/www.fotoplus.com\/idart50\/index.php?rest_route=%2Fwp%2Fv2%2Fmedia&parent=1321"}],"curies":[{"name":"wp","href":"https:\/\/api.w.org\/{rel}","templated":true}]}}