{"id":1331,"date":"2025-03-21T09:45:20","date_gmt":"2025-03-21T09:45:20","guid":{"rendered":"https:\/\/fotoplus.com\/idart50\/?page_id=1331"},"modified":"2025-04-26T07:00:41","modified_gmt":"2025-04-26T07:00:41","slug":"publicacoes-por-ano-notacao-completa","status":"publish","type":"page","link":"https:\/\/www.fotoplus.com\/idart50\/?page_id=1331","title":{"rendered":"Publica\u00e7\u00f5es: por ano (nota\u00e7\u00e3o completa)"},"content":{"rendered":"\n<p class=\"has-text-align-right has-small-font-size\">Ordenado por <strong>ano <\/strong>primeiro, e depois por <strong>t\u00edtulo<\/strong>.<\/p>\n\n\n\n<p class=\"has-medium-font-size\"><br><strong>1978<\/strong><\/p>\n\n\n\n<hr class=\"wp-block-separator has-alpha-channel-opacity is-style-wide\"\/>\n\n\n\n<p class=\"has-text-align-left\">SOUZA, Carlos Rodrigues de Souza (coord.) <br><em><strong>O filme curto. <\/strong><\/em>S\u00e3o Paulo: IDART, 1978. v.1 e 2. Cole\u00e7\u00e3o Pesquisa.<br><\/p>\n\n\n\n<p class=\"has-medium-font-size\"><strong>1980<\/strong><\/p>\n\n\n\n<hr class=\"wp-block-separator has-alpha-channel-opacity is-style-wide\"\/>\n\n\n\n<p>VARGAS, Maria Thereza (coord.)<br><em><strong>Anu\u00e1rio artes c\u00eanicas<\/strong> <strong>1977<\/strong>.<\/em> S\u00e3o Paulo: IDART, 1980.<br><em><br><\/em>ABRAMO, Radha (coord). <br><em><strong>Anu\u00e1rio artes pl\u00e1sticas 1977<\/strong><\/em>. S\u00e3o Paulo: IDART, 1980.<br><br><strong><em>Aspectos da cenografia e do figurino &#8211; teatro paulista do in\u00edcio do s\u00e9culo \u00e0 d\u00e9cada de 40<\/em><\/strong>. S\u00e3o Paulo: CCSP\/Divis\u00e3o de Pesquisas, 1984. (cat\u00e1logo)<br><br>Rodrigues, Eduardo de Jesus. <br><em><strong>O cartaz em S\u00e3o Paulo<\/strong><\/em><strong>.<\/strong> S\u00e3o Paulo: IDART, 1980. Cole\u00e7\u00e3o Pesquisa.<br><br>ARTIGAS, Rosa Camargo (coord.)<br><em><strong>Casa das Retortas \/ Br\u00e1s &#8211; Espa\u00e7o e uso<\/strong><\/em>. S\u00e3o Paulo: IDART, 1980. Cadernos, 2. (cat\u00e1logo, 1981)<\/p>\n\n\n\n<p>NOVELLI J\u00fanior. Jo\u00e3o Baptista (coord.)<br><em><strong>Circo paulistano \/ Arquitetura n\u00f4made<\/strong><\/em>. S\u00e3o Paulo: IDART, 1980. Cole\u00e7\u00e3o Pesquisa.<\/p>\n\n\n\n<p>Dias, Linneu Moreira.<br><em><strong>Corpo de Baile do Municipal<\/strong><\/em>. S\u00e3o Paulo: IDART, 1980. 167p. Cole\u00e7\u00e3o Pesquisa.<\/p>\n\n\n\n<p>COZZELLA, Damiano (coord.)<br><em><strong>Disco em S\u00e3o Paulo<\/strong><\/em>. S\u00e3o Paulo: IDART, 1980. Cole\u00e7\u00e3o Pesquisa.<\/p>\n\n\n\n<p>Buongermino Netto, Raphael (coord.)<br><em><strong>Linguagens experimentais em S\u00e3o Paulo<\/strong><\/em>. S\u00e3o Paulo: IDART, 1980. Cole\u00e7\u00e3o Pesquisa.<br>(publicado em volume integrado a <em>Situa\u00e7\u00e3o atual da escultura na cidade de S\u00e3o Paulo<\/em>)<br><em><br><\/em>JORGE, Eliana Lobo de Andrade (coord.)<br><em><strong>R\u00e1dio &#8216;Show da Manh\u00e3&#8217; e &#8216;Z\u00e9 Bettio&#8217;<\/strong><\/em>. S\u00e3o Paulo: IDART, 1980. Cole\u00e7\u00e3o Pesquisa.<br><em><br><\/em>PRIETO, S\u00f4nia. <br><em><strong>Situa\u00e7\u00e3o atual da escultura na cidade de S\u00e3o Paulo<\/strong><\/em>. S\u00e3o Paulo: IDART, 1980. Cole\u00e7\u00e3o Pesquisa<br>(publicado em volume integrado a <em>Linguagens experimentais em S\u00e3o Paulo)<\/em><br><em><br><\/em>VARGAS, Maria Thereza.<br><em><strong>Teatro oper\u00e1rio na cidade de S\u00e3o Paulo<\/strong><\/em>. S\u00e3o Paulo: IDART, 1980. Cole\u00e7\u00e3o Pesquisa.<br><br><strong><em>A telenovela 1951\/1978 &#8211; Entre a ilus\u00e3o e a realidade<\/em><\/strong>. S\u00e3o Paulo: CCSP\/Divis\u00e3o de Pesquisas, 1980. (cat\u00e1logo)<br><br>LEMOS, Fernando. <br><em><strong>A vinheta: da ilumin\u00e1ria \u00e0 carro\u00e7aria de caminh\u00e3o<\/strong><\/em>. S\u00e3o Paulo: IDART, 1980 Cadernos, 1.<br><\/p>\n\n\n\n<p class=\"has-medium-font-size\"><strong>1981<\/strong><\/p>\n\n\n\n<hr class=\"wp-block-separator has-alpha-channel-opacity is-style-wide\"\/>\n\n\n\n<p>TELESI, Silvia Fernandes (coord.), DIAS, Linneu Moreira (coord). <br><strong><em>Anu\u00e1rio Artes C\u00eanicas dan\u00e7a\/teatro 198<\/em>0<\/strong>. S\u00e3o Paulo: IDART, 1981.<br><em><br><\/em>FELICIANO, T\u00falio.<em>  <\/em><br><strong><em>Bal\u00e3o &#8211; A arte do ar e do fogo<\/em><\/strong>. S\u00e3o Paulo: IDART, 1981. Cadernos, 3.<br><br>BERRIEL, Carlos Eduardo Ornellas.<br><strong><em>Carlos Ortiz e o cinema brasileiro na d\u00e9cada de 1950<\/em><\/strong>. S\u00e3o Paulo: IDART, 1981. Cadernos, 8. <br><em><br><\/em>VARGAS, Maria Thereza<em>.<\/em><br><em><strong>Circo &#8211; Espet\u00e1culo de periferia<\/strong><\/em>. S\u00e3o Paulo: IDART, 1981. Cole\u00e7\u00e3o Pesquisa.<br><br><em><strong>Cole\u00e7\u00e3o Biblioteca de Arte &#8211; desenhos, aquarelas e gravuras<\/strong> <\/em>. S\u00e3o Paulo: IDART \/ Divis\u00e3o de Biblioteca de Arte, 1981. Cadernos, 5. (cat\u00e1logo)<\/p>\n\n\n\n<p>FERRARA, Lucr\u00e9cia D&#8217;Al\u00e9ssio (coord.)<em><br><\/em><strong><em>Da literatura \u00e0 tev\u00ea<\/em>.<\/strong> S\u00e3o Paulo: IDART, 1981. Cole\u00e7\u00e3o Pesquisa.<br><br>SIM\u00d5ES, Inim\u00e1 Ferreira.<br><em><strong>O imagin\u00e1rio da Boca<\/strong><\/em>. S\u00e3o Paulo: IDART, 1981. Cadernos, 6.<\/p>\n\n\n\n<p><em>SILVA, Fl\u00e1vio Porto e. <\/em><br><em><strong>O teleteatro paulista nas d\u00e9cadas de 50 e 60<\/strong><\/em>. S\u00e3o Paulo: IDART, 1981. Cadernos, 4.<br><\/p>\n\n\n\n<p class=\"has-medium-font-size\"><strong>1982<\/strong><\/p>\n\n\n\n<hr class=\"wp-block-separator has-alpha-channel-opacity is-style-wide\"\/>\n\n\n\n<p>VARGAS. Maria Thereza (coord.)<br><em><strong>Da rua ao palco: notas sobre a forma\u00e7\u00e3o do teatro na cidade de S\u00e3o Paulo<\/strong><\/em>. S\u00e3o Paulo: CCSP\/Divis\u00e3o de Pesquisas, 1982. Cadernos, 12.<\/p>\n\n\n\n<p>PAIX\u00c3O, Neuza Maria Cardoso. <br><em><strong>Escritor brasileiro 81<\/strong><\/em>.  S\u00e3o Paulo: IDART, 1982. Cadernos, 9.<\/p>\n\n\n\n<p>OHTAKE, Ricardo (coord.) <br><em><strong>A gr\u00e1fica urbana<\/strong><\/em>. S\u00e3o Paulo: IDART, 1982. Cadernos, 7.<br><br>FUTEMA, Olga T.<br><strong><em>Roberto Santos, vinte e tr\u00eas anos ap\u00f3s O Grande Momento e Os Amantes da Chuva<\/em>.<\/strong> S\u00e3o Paulo: CCSP\/Divis\u00e3o de Pesquisas, 1982. Cadernos, 11.<\/p>\n\n\n\n<p>SOUZA, Ricardo Forjaz Christiano de.<em><br><strong>Trajet\u00f3rias da arquitetura modernista<\/strong><\/em>. S\u00e3o Paulo: IDART, 1982, Caderno, 10.<br><\/p>\n\n\n\n<p class=\"has-medium-font-size\"><strong>1983<\/strong><\/p>\n\n\n\n<hr class=\"wp-block-separator has-alpha-channel-opacity is-style-wide\"\/>\n\n\n\n<p>TELESI, Silvia Fernandes (coord.), DIAS, Linneu Moreira (coord.).<br><strong><em>Anu\u00e1rio Artes C\u00eanicas dan\u00e7a\/teatro, 198<\/em>1<\/strong>. S\u00e3o Paulo: IDART, 1983.<br><br><em>Arnaldo Pedroso D&#8217;Horta &#8211; desenhos, xilogravuras<\/em>. S\u00e3o Paulo: CCSP, 1983. (cat\u00e1logo) (A CONFIRMAR)<br><br>DIAS, Linneu Moreira (coord.)<br><em><strong>Bolero &#8211; Bal\u00e9 da Cidade de S\u00e3o Paulo<\/strong>. <\/em>S\u00e3o Paulo: CCSP\/Divis\u00e3o de Pesquisas, 1983. (Mem\u00f3ria ativa, 1)<br><br>OHTAKE, Ricadro (coord.)<br><em><strong>CCSP Ano <\/strong><\/em>I. S\u00e3o Paulo: CCSP\/Divis\u00e3o de Pesquisas, 1983. (Mem\u00f3ria ativa, 2)<br><br><strong><em>Rever espa\u00e7os: o espa\u00e7o c\u00eanico segundo Fl\u00e1vio Imp\u00e9rio<\/em><\/strong>. S\u00e3o Paulo: CCSP\/Divis\u00e3o de Pesquisas, 1983. (cat\u00e1logo)<br><\/p>\n\n\n\n<p class=\"has-medium-font-size\"><strong>1984<\/strong><\/p>\n\n\n\n<hr class=\"wp-block-separator has-alpha-channel-opacity is-style-wide\"\/>\n\n\n\n<p>CARMONA, Elyzabeth; ALBUQUERQUE, Maria Elisa Vercesi de.<br><strong><em>O r\u00e1dio paulista no Centen\u00e1rio de Roquette Pinto: 1884-1984<\/em><\/strong>. S\u00e3o Paulo: CCSP\/Divis\u00e3o de Pesquisas, 1984. 57p. [cat\u00e1logo]<br><br>ROCHA, \u00c2ngela Maria.<em><br><strong>S\u00e3o Paulo hoje<\/strong><\/em>. S\u00e3o Paulo: CCSP\/Divis\u00e3o de Pesquisas, 1984. 63p.<br><\/p>\n\n\n\n<p class=\"has-medium-font-size\"><strong>1985<\/strong><\/p>\n\n\n\n<hr class=\"wp-block-separator has-alpha-channel-opacity is-style-wide\"\/>\n\n\n\n<p>KHOURI, C\u00e9lia Cristina Marcos (org.), OLIVEIRA, F\u00e1tima Colacite Pessoa de (org.), STERN, Guita (org.)<br><em><strong>Arquivo Multimeios: listagem do acervo<\/strong><\/em>. S\u00e3o Paulo: CCSP\/Divis\u00e3o de Pesquisas, 1985.<br><br><strong><em>Anu\u00e1rio de cinema \/ 198x<\/em> <\/strong>(?). S\u00e3o Paulo: CCSP\/Divis\u00e3o de Pesquisas, 1985.<br><br><em><strong>Cat\u00e1logo EAD &#8211; 1948-1968<\/strong><\/em>. S\u00e3o Paulo: CCSP\/Divis\u00e3o de Pesquisas\/ Funda\u00e7\u00e3o Padre Anchieta, 1985. (cat\u00e1logo) (Escola de Arte Dram\u00e1tica)<br><br>LIMA, Mari\u00e2ngela Muraro Alves de.<br><em><strong>Imagens do teatro paulista<\/strong><\/em>. S\u00e3o Paulo: CCSP\/IMESP, 1985. 288p. (coedi\u00e7\u00e3o)<br><br>ALBUQUERQUE, Maria Elisa Vercesi de (coord.).<br><em><strong>Os jornais de bairro na cidade de S\u00e3o Paulo<\/strong><\/em>. S\u00e3o Paulo: CCSP\/ IMESP, 1985. 165p. (coedi\u00e7\u00e3o)<br><br>MACAMBIRA, Yvoty de Macedo Pereira. <br><em><strong>Os mestres da fachada<\/strong>.<\/em> S\u00e3o Paulo: CCSP\/Construtora NTR, 1985. 103p. (coedi\u00e7\u00e3o)<br><em><br><strong>Vilanova Artigas<\/strong><\/em>. S\u00e3o Paulo: CCSP\/Divis\u00e3ode Pesquisas, 1985.<br><\/p>\n\n\n\n<p class=\"has-medium-font-size\"><strong>1986<\/strong><\/p>\n\n\n\n<hr class=\"wp-block-separator has-alpha-channel-opacity is-style-wide\"\/>\n\n\n\n<p>Os oper\u00e1rios e a f\u00e1brica de Lumi\u00e8re. <em><strong>Filme e cultura<\/strong><\/em>, Embrafilme, n\u00ba46, abril 1986. 80p. Edi\u00e7\u00e3o tem\u00e1tica a partir de pesquisa da ETP Cinema. <br>Veja <a href=\"https:\/\/fotoplus.com\/idart50\/?p=1509\">post <\/a>com apresenta\u00e7\u00e3o e link para download.<br><br>GOULART, Paulo C\u00e9sar Alves.<br><strong><em>\u00c1lbum de figurinhas<\/em><\/strong>. S\u00e3o Paulo: CCSP\/Divis\u00e3o de Pesquisas, 1986. 27p. (cat\u00e1logo)<br><br>TONI, Fl\u00e1via Camargo.<br><em><strong>A Miss\u00e3o de Pesquisas Folcl\u00f3ricas do Departamento de Cultura<\/strong><\/em>. S\u00e3o Paulo: CCSP\/Divis\u00e3o de Pesquisas, 1986. 51p.<\/p>\n\n\n\n<p class=\"has-medium-font-size\"><strong>1987<\/strong><\/p>\n\n\n\n<hr class=\"wp-block-separator has-alpha-channel-opacity is-style-wide\"\/>\n\n\n\n<p>RAMOS, Fern\u00e3o.<br><strong>C<em>inema marginal (1968-1973): a representa\u00e7\u00e3o em seu limite.<\/em><\/strong><em> <\/em>S\u00e3o Paulo: SMC\/CCSP \/ Embrafilme \/ Editora Brasiliense, 1987. <br>*edi\u00e7\u00e3o recolhida devido a falta de logotipo de SMC na capa<br><br><strong><em>Dossi\u00ea Jovens artistas paulistas<\/em><\/strong> (em conjunto com MAC-USP) (A CONFIRMAR)<br><br>CASTRO, C\u00e1ssia Navas Alves de (coord.)<br><em><strong>Imagens da dan\u00e7a em S\u00e3o Paulo<\/strong>. <\/em>S\u00e3o Paulo: CCSP\/IMESP, 1987. 287p. (coedi\u00e7\u00e3o)<br><br>TONI, Fl\u00e1via Camargo. <br><em><strong>M\u00e1rio de Andrade e Villa Lobos<\/strong><\/em>. S\u00e3o Paulo: CCSP\/Divis\u00e3o de Pesquisas, 1987. 120p.<br><br>GATI, Catherine. <br>Perfil do arquiteto \u2013 Franz Heep. <em>Projeto<\/em>, n. 97, p. 97-104, mar. 1987<br><br><strong><em>A trama do gosto: um outro olhar sobre o cotidiano.<\/em><\/strong> S\u00e3o Paulo: CCSP\/Divis\u00e3o de Pesquisas, 1987 (cat\u00e1logo)<\/p>\n\n\n\n<p class=\"has-medium-font-size\"><strong>1988<\/strong><\/p>\n\n\n\n<hr class=\"wp-block-separator has-alpha-channel-opacity is-style-wide\"\/>\n\n\n\n<p>HEMSI, Alber Roger.<br><em><strong>Aron Feldman<\/strong><\/em>. S\u00e3o Paulo: CCSP\/Div.Pesquisas, 1988. 12p. (cat\u00e1logo)<br><br>ANTONIO, Irati (org.). <br><em><strong>Bibliografia da m\u00fasica brasileira 1977-1984.<\/strong><\/em> S\u00e3o Paulo: CCSP\/ECA-USP, 1988. 275p. (coedi\u00e7\u00e3o)<\/p>\n\n\n\n<p>AMORIM, Edgar Ribeiro.<br><em><strong>A televis\u00e3o brasileira<\/strong><\/em>. S\u00e3o Paulo: CCSP\/Divis\u00e3o de Pesquisas, 1988. 107p. (cat\u00e1logo)<br><\/p>\n\n\n\n<p class=\"has-medium-font-size\"><strong>1989<\/strong><\/p>\n\n\n\n<hr class=\"wp-block-separator has-alpha-channel-opacity is-style-wide\"\/>\n\n\n\n<p>ARTIGAS, Rosa Camargo, BAYEUX, Gl\u00f3ria Maria, THOMAZ, Dalva Elias. <br><em><strong>100 anos da Casa das Retortas<\/strong><\/em>. S\u00e3o Paulo: CCSP\/Divis\u00e3o de Pesquisas, 1989. 25p. (cat\u00e1logo)<br><\/p>\n\n\n\n<p class=\"has-medium-font-size\"><strong>1990<\/strong><\/p>\n\n\n\n<hr class=\"wp-block-separator has-alpha-channel-opacity is-style-wide\"\/>\n\n\n\n<p>SIM\u00d5ES, Inim\u00e1 Ferreira. <br><em><strong>Salas de cinema em S\u00e3o Paulo<\/strong>. <\/em>S\u00e3o Paulo: SMC\/SEC\/PW\/Projeto, 1990. 168p. (coedi\u00e7\u00e3o)<br><br>AMORIM, Edgar Ribeiro de.<br><strong><em>TV Anos 40: quadro cronol\u00f3gico da televis\u00e3o brasileira: 1950-1990<\/em><\/strong>. S\u00e3o Paulo: CCSP\/Divis\u00e3o de Pesquisas, 1990. 84p. (cat\u00e1logo)<br><\/p>\n\n\n\n<p class=\"has-medium-font-size\"><strong>1991<\/strong><\/p>\n\n\n\n<hr class=\"wp-block-separator has-alpha-channel-opacity is-style-wide\"\/>\n\n\n\n<p>MARCONDES, T\u00e2nia (coord.), VARGAS, Maria Theresa (coord). <br><em><strong>Fredi Kleemann &#8211; foto em cena<\/strong><\/em>. S\u00e3o Paulo: SMC\/CCSP\/Divis\u00e3o de Pesquisas, IMESP, 1991. 158p. (publica\u00e7\u00e3o \u00e0 venda)<br><br>FERNANDES, Silvia (coord.)<br><em><strong>S\u00e3o Paulo em revista: uma viagem ao umbigo da cidade<\/strong><\/em>. S\u00e3o Paulo: CCSP\/Divis\u00e3o de Pesquisas, 1991. 8p. (XXI Bienal Internacional de S\u00e3o Paulo, 21.09 a 10.12.1991) (cat\u00e1logo)<\/p>\n\n\n\n<p class=\"has-medium-font-size\"><strong>1992<\/strong><\/p>\n\n\n\n<hr class=\"wp-block-separator has-alpha-channel-opacity is-style-wide\"\/>\n\n\n\n<p>[<em>Anu\u00e1rio de arquitetura 1991<\/em>.] (n\u00e3o confirmado)<br><br>BARBOSA, Elza Maria d&#8217;Avila (org.), JESUS, Zilah Cris\u00f3stomo de (org.), MORELATTO, Andr\u00e9a Bruscagin (org.), NUNES, Marisa (org.), PAOLICCI, Marta Regina (org.), POZZOLI, Marina de Siqueira (org.), STERN, Guita (org.)<br><em>A<strong>rquivo Multimeios: listagem do acervo<\/strong><\/em> (2\u00aa vers\u00e3o). S\u00e3o Paulo: CCSP\/Divis\u00e3o de Pesquisas, 1992. 89p.<\/p>\n\n\n\n<p>DIAS, Linneu; NAVAS, C\u00e1ssia.<br><strong><em>Dan\u00e7a moderna<\/em><\/strong>. S\u00e3o Paulo: CCSP\/Divis\u00e3o de Pesquisas, 1992. (S\u00e3o Paulo: a cidade e a cultura)<br><br>CAMARGO, M\u00f4nica Junqueira de; MENDES, Ricardo.<br><strong><em>Fotografia: cultura e fotografia paulistana no s\u00e9culo XX<\/em><\/strong>. S\u00e3o Paulo: CCSP\/Divis\u00e3o de Pesquisas, 1992. 176p. (S\u00e3o Paulo: a cidade e a cultura)<br><br><em>Grupo Guanabara<\/em><strong> <\/strong>(cat\u00e1logo)<br><br>Projeto Ir e ouvir (5 volumes) (ano a confirmar)<br><\/p>\n\n\n\n<p class=\"has-medium-font-size\"><strong>1993<\/strong><\/p>\n\n\n\n<hr class=\"wp-block-separator has-alpha-channel-opacity is-style-wide\"\/>\n\n\n\n<p>ROCHA, Vera L\u00facia, VILA, Nanci Valen\u00e7a Hernandes. <br><strong><em>Cronologia do r\u00e1dio paulistano: anos 20 e 30<\/em>.<\/strong> S\u00e3o Paulo: CCSP\/Divis\u00e3o de Pesquisas, 1993. 177p.<br><br><\/p>\n\n\n\n<p class=\"has-medium-font-size\"><strong>1996<\/strong><\/p>\n\n\n\n<hr class=\"wp-block-separator has-alpha-channel-opacity is-style-wide\"\/>\n\n\n\n<p><strong><em>Anos 50 revisitados<\/em><\/strong>. S\u00e3o Paulo: CCSP\/Divis\u00e3o de Pesquisas, 1994. (cat\u00e1logo)<br><br>REBOU\u00c7AS, Ana Maria (org.)<br><em><strong>Anu\u00e1rio de teatro &#8211; 1994<\/strong>. <\/em>S\u00e3o Paulo: CCSP\/Divis\u00e3o de Pesquisas, 1996. <br><br>BARBOSA, Elza Maria d&#8217;Avila (coord.)<br><em><strong>Arquivo Multimeios: levantamento indicativo do acervo<\/strong>.<\/em> S\u00e3o Paulo: CCSP\/Divis\u00e3o de Pesquisas, 1996. 419p.<br><br>BOSSOY, Boris (coord.)<br><em><strong>Cronologia das artes em S\u00e3o Paulo 1975-1995<\/strong><\/em>. S\u00e3o Paulo: CCSP\/Divis\u00e3o de Pesquisas, 1995. 6v.<br><br>BARROS, Liliane Schrank Lehmann de, GARCIA, Maria Isabel, SIQUEIRA, Walter Tadeu Hardt de.<br><strong><em>Cronologia das artes em S\u00e3o Paulo 1975-1995: quadro Brasil<\/em><\/strong>. S\u00e3o Paulo: CCSP\/Div.Pesquisas, 1996. v.1.<br><br>ARRUDA, Valdir, GATI, Catharine, SOUZA, Ricardo Forjaz Christiano, THOMAZ, Dalva.<br><strong><em>Cronologia das artes em S\u00e3o Paulo 1975-1995: arquitetura<\/em><\/strong>. S\u00e3o Paulo: CCSP\/Div.Pesquisas, 1996. v.2.<br><br>REBOU\u00c7AS, Ana Maria, SALES, Heloisa Margarido, VARGAS, Maria Thereza.<br><strong><em>Cronologia das artes em S\u00e3o Paulo 1975-1995: artes c\u00eanicas &#8211; teatro<\/em><\/strong>. S\u00e3o Paulo: CCSP\/Div.Pesquisas, 1996. v.3.<br><br>SANDRI, Thais, GATTI, Andr\u00e9 Piero, HEMSI, Albert Roger, MIRANDA, Luiz Felipe, PEDROSO, Regina C\u00e9lia.<br><strong><em>Cronologia das artes em S\u00e3o Paulo 1975-1995: cinema<\/em><\/strong>. S\u00e3o Paulo: CCSP\/Div.Pesquisas, 1996. v.4.<br><br>ALBUQUERQUE, Maria Elisa Vercesi de; AMORIM, Edgar Ribeiro; SILVA, Fl\u00e1vio Luiz Porto e; KAUFMANN, Selma de Carvalho Padron.<br><strong><em>Cronologia das artes em S\u00e3o Paulo 1975-1995: comunica\u00e7\u00e3o de massa &#8211; r\u00e1dio e televis\u00e3o<\/em><\/strong>. S\u00e3o Paulo: CCSP\/Div.Pesquisas, 1996. v.5.<br><br>BEAUCHAMP, Maria Helena, DENSER, M\u00e1rcia.<br><strong><em>Cronologia das artes em S\u00e3o Paulo 1975-1995: literatura<\/em><\/strong>. S\u00e3o Paulo: CCSP\/Div.Pesquisas, 1996. v.6.<br><br><br>KOSSOY, Boris (coord.) <br><em><strong>Mercosul Cultural. Encontros com a cr\u00edtica: dan\u00e7a, teatro, artes pl\u00e1sticas<\/strong><\/em>. S\u00e3o Paulo: CCSP\/Divis\u00e3o de Pesquisas, 1996. 246p.<br><br><\/p>\n\n\n\n<p class=\"has-medium-font-size\"><strong>2004<\/strong><\/p>\n\n\n\n<hr class=\"wp-block-separator has-alpha-channel-opacity is-style-wide\"\/>\n\n\n\n<p>GARCIA, Silvana (coord.)<br><strong><em>Cole\u00e7\u00e3o Dramaturgia.<\/em><\/strong> S\u00e3o Paulo: CCSP\/Divis\u00e3o de Pesquisas, 2004. 5v.<br><br>BONASSI, Fernando.<br><strong><em>Preso entre ferrage<\/em><\/strong><em><strong>ns &#8211; Fernando Bonassi<\/strong><\/em>. S\u00e3o Paulo: CCSP, 2004. (Cole\u00e7\u00e3o Dramaturgia, 1)<br><br>BORTOLOTTO, M\u00e1rio.<br><strong><em>Nossa vida n\u00e3o vale um Chevrolet<\/em><\/strong> <strong><em>&#8211; M\u00e1rio Bortolotto<\/em><\/strong>. S\u00e3o Paulo: CCSP, 2004. (Cole\u00e7\u00e3o Dramaturgia, 2)<br><br>LABAKI, Aimar.<br><strong><em>Vermouth \/ Aimar Labaki<\/em><\/strong>. S\u00e3o Paulo: CCSP, 2004. (Cole\u00e7\u00e3o Dramaturgia, 3)<br><br>SCHAPIRA, Cl\u00e1udia.<br><strong><em>Bartolomeu, que ser\u00e1 deu nele?<\/em><\/strong> &#8211; <em>Cl\u00e1udia Schapira<\/em>. S\u00e3o Paulo: CCSP, 2004. (Cole\u00e7\u00e3o Dramaturgia, 4)<br><br>YAZBEK, Samir.<br><strong><em>A terra prometida &#8211; Samir Yazbek<\/em><\/strong>. S\u00e3o Paulo: CCSP, 2004. (Cole\u00e7\u00e3o Dramaturgia, 5)<br><br><\/p>\n\n\n\n<p class=\"has-medium-font-size\"><strong>200<\/strong>7<\/p>\n\n\n\n<hr class=\"wp-block-separator has-alpha-channel-opacity is-style-wide\"\/>\n\n\n\n<p>GOULART, Paulo Cezar Alves; MENDES, Ricardo.&nbsp;&nbsp;<br><strong><em>Notici\u00e1rio geral da photographia paulistana: 1839-1900<\/em><\/strong>.&nbsp;&nbsp;S\u00e3o Paulo: CCSP\/Imprensa Oficial do Estado, 2007.&nbsp;&nbsp;340p.&nbsp;reimpress\u00e3o: 2011.<br><br><br><br><br><\/p>\n\n\n\n<hr class=\"wp-block-separator has-alpha-channel-opacity is-style-wide\"\/>\n\n\n\n<p><br>Veja tamb\u00e9m <a href=\"https:\/\/fotoplus.com\/idart50\/?page_id=1321\"><strong><em>Revista D&#8217;Art <\/em><\/strong><\/a>(1997-2004)<\/p>\n\n\n\n<p><br>Veja tamb\u00e9m <strong><em><a href=\"https:\/\/fotoplus.com\/idart50\/?page_id=361\">Cadernos de pesquisa<\/a><\/em> <\/strong>(2008)<br><br><\/p>\n\n\n\n<p><\/p>\n","protected":false},"excerpt":{"rendered":"<p>Ordenado por ano primeiro, e depois por t\u00edtulo. 1978 SOUZA, Carlos Rodrigues de Souza (coord.) O filme curto. S\u00e3o Paulo: IDART, 1978. v.1 e 2. Cole\u00e7\u00e3o Pesquisa. 1980 VARGAS, Maria Thereza (coord.)Anu\u00e1rio artes c\u00eanicas 1977. S\u00e3o Paulo: IDART, 1980.ABRAMO, Radha (coord). Anu\u00e1rio artes pl\u00e1sticas 1977. S\u00e3o Paulo: IDART, 1980. Aspectos da cenografia e do figurino &hellip; <a href=\"https:\/\/www.fotoplus.com\/idart50\/?page_id=1331\" class=\"more-link\">Continue lendo<span class=\"screen-reader-text\"> &#8220;Publica\u00e7\u00f5es: por ano (nota\u00e7\u00e3o completa)&#8221;<\/span><\/a><\/p>\n","protected":false},"author":2,"featured_media":0,"parent":0,"menu_order":0,"comment_status":"closed","ping_status":"closed","template":"","meta":{"footnotes":""},"class_list":["post-1331","page","type-page","status-publish","hentry"],"_links":{"self":[{"href":"https:\/\/www.fotoplus.com\/idart50\/index.php?rest_route=\/wp\/v2\/pages\/1331","targetHints":{"allow":["GET"]}}],"collection":[{"href":"https:\/\/www.fotoplus.com\/idart50\/index.php?rest_route=\/wp\/v2\/pages"}],"about":[{"href":"https:\/\/www.fotoplus.com\/idart50\/index.php?rest_route=\/wp\/v2\/types\/page"}],"author":[{"embeddable":true,"href":"https:\/\/www.fotoplus.com\/idart50\/index.php?rest_route=\/wp\/v2\/users\/2"}],"replies":[{"embeddable":true,"href":"https:\/\/www.fotoplus.com\/idart50\/index.php?rest_route=%2Fwp%2Fv2%2Fcomments&post=1331"}],"version-history":[{"count":96,"href":"https:\/\/www.fotoplus.com\/idart50\/index.php?rest_route=\/wp\/v2\/pages\/1331\/revisions"}],"predecessor-version":[{"id":1612,"href":"https:\/\/www.fotoplus.com\/idart50\/index.php?rest_route=\/wp\/v2\/pages\/1331\/revisions\/1612"}],"wp:attachment":[{"href":"https:\/\/www.fotoplus.com\/idart50\/index.php?rest_route=%2Fwp%2Fv2%2Fmedia&parent=1331"}],"curies":[{"name":"wp","href":"https:\/\/api.w.org\/{rel}","templated":true}]}}