{"id":145,"date":"2024-12-12T22:36:43","date_gmt":"2024-12-12T22:36:43","guid":{"rendered":"http:\/\/fotoplus.com\/idart50\/?page_id=145"},"modified":"2025-02-12T20:32:43","modified_gmt":"2025-02-12T20:32:43","slug":"legislacao-relativa-ao-idart-e-divisao-de-pesquisas","status":"publish","type":"page","link":"https:\/\/www.fotoplus.com\/idart50\/?page_id=145","title":{"rendered":"Legisla\u00e7\u00e3o: resumo"},"content":{"rendered":"\n<p><br>Quadro geral de leis e outras disposi\u00e7\u00f5es de cria\u00e7\u00e3o e reorienta\u00e7\u00e3o sobre o Departamento de Informa\u00e7\u00e3o e Documenta\u00e7\u00e3o Art\u00edstica e seus sucessores &#8211; Divis\u00e3o de Pesquisas, do Centro Cultural S\u00e3o Paulo (CCSP).<\/p>\n\n\n\n<p><br><a href=\"https:\/\/fotoplus.com\/idart50\/?page_id=982\"><strong>Lei  N\u00ba 8.204<\/strong><\/a><br>de 13 de Janeiro de 1975 &#8211; cria\u00e7\u00e3o da Secretaria Municipal de Cultura, com novos departamentos entre eles o Departamento do Patrim\u00f4nio Art\u00edstico-Cultural.<br><br><a href=\"https:\/\/www.fotoplus.com\/idart50\/?page_id=136\"><strong>Lei N\u00ba 8.252<\/strong><\/a><br>de 20 de maio de <strong>1975<\/strong> &#8211; cria\u00e7\u00e3o do IDART como departamento de SMC<br><br><a href=\"https:\/\/www.fotoplus.com\/idart50\/?page_id=457\"><strong>LEI N\u00ba 9.467<\/strong><\/a><br>de 6 de Maio de <strong>1982<\/strong> &#8211; cria\u00e7\u00e3o do CCSP, novo departamento, que traz a Divis\u00e3o de Pesquisas como sucessora do IDART<br><br><strong><a href=\"https:\/\/www.fotoplus.com\/idart50\/?page_id=627\">DECRETO N\u00ba 49.492<\/a><\/strong><br>de 15 de Maio de <strong>2008<\/strong> &#8211; reorganiza\u00e7\u00e3o do CCSP, extinguindo a Divis\u00e3o de Pesquisas e subordinado o Arquivo Multimeios \u00e0 Divis\u00e3o de Acervo, Documenta\u00e7\u00e3o e Conserva\u00e7\u00e3o<br><br><\/p>\n\n\n\n<p><\/p>\n","protected":false},"excerpt":{"rendered":"<p>Quadro geral de leis e outras disposi\u00e7\u00f5es de cria\u00e7\u00e3o e reorienta\u00e7\u00e3o sobre o Departamento de Informa\u00e7\u00e3o e Documenta\u00e7\u00e3o Art\u00edstica e seus sucessores &#8211; Divis\u00e3o de Pesquisas, do Centro Cultural S\u00e3o Paulo (CCSP). Lei N\u00ba 8.204de 13 de Janeiro de 1975 &#8211; cria\u00e7\u00e3o da Secretaria Municipal de Cultura, com novos departamentos entre eles o Departamento do &hellip; <a href=\"https:\/\/www.fotoplus.com\/idart50\/?page_id=145\" class=\"more-link\">Continue lendo<span class=\"screen-reader-text\"> &#8220;Legisla\u00e7\u00e3o: resumo&#8221;<\/span><\/a><\/p>\n","protected":false},"author":2,"featured_media":0,"parent":0,"menu_order":0,"comment_status":"closed","ping_status":"closed","template":"","meta":{"footnotes":""},"class_list":["post-145","page","type-page","status-publish","hentry"],"_links":{"self":[{"href":"https:\/\/www.fotoplus.com\/idart50\/index.php?rest_route=\/wp\/v2\/pages\/145","targetHints":{"allow":["GET"]}}],"collection":[{"href":"https:\/\/www.fotoplus.com\/idart50\/index.php?rest_route=\/wp\/v2\/pages"}],"about":[{"href":"https:\/\/www.fotoplus.com\/idart50\/index.php?rest_route=\/wp\/v2\/types\/page"}],"author":[{"embeddable":true,"href":"https:\/\/www.fotoplus.com\/idart50\/index.php?rest_route=\/wp\/v2\/users\/2"}],"replies":[{"embeddable":true,"href":"https:\/\/www.fotoplus.com\/idart50\/index.php?rest_route=%2Fwp%2Fv2%2Fcomments&post=145"}],"version-history":[{"count":14,"href":"https:\/\/www.fotoplus.com\/idart50\/index.php?rest_route=\/wp\/v2\/pages\/145\/revisions"}],"predecessor-version":[{"id":993,"href":"https:\/\/www.fotoplus.com\/idart50\/index.php?rest_route=\/wp\/v2\/pages\/145\/revisions\/993"}],"wp:attachment":[{"href":"https:\/\/www.fotoplus.com\/idart50\/index.php?rest_route=%2Fwp%2Fv2%2Fmedia&parent=145"}],"curies":[{"name":"wp","href":"https:\/\/api.w.org\/{rel}","templated":true}]}}