{"id":16,"date":"2020-08-16T05:05:31","date_gmt":"2020-08-16T05:05:31","guid":{"rendered":"http:\/\/fotoplus.com\/idart50\/?page_id=16"},"modified":"2025-04-19T22:49:21","modified_gmt":"2025-04-19T22:49:21","slug":"referencias-bibliograficas","status":"publish","type":"page","link":"https:\/\/www.fotoplus.com\/idart50\/?page_id=16","title":{"rendered":"Refer\u00eancias bibliogr\u00e1ficas e documentais"},"content":{"rendered":"\n<hr class=\"wp-block-separator has-alpha-channel-opacity is-style-wide\"\/>\n\n\n\n<div class=\"wp-block-group\"><div class=\"wp-block-group__inner-container is-layout-constrained wp-block-group-is-layout-constrained\">\n<p><strong>Fundo documental<\/strong><br><br><strong>Arquivo Multimeios: pacote P 1956\/AMM<\/strong><br>Pesquisado: F\u00e1tima Colacite Pessoa de Oliveira<br>termo de compromisso: 05.07.2016<br><br>&#8220;Conjunto documental referente as atividades da institui\u00e7\u00e3o desde sua cria\u00e7\u00e3o em 1976 at\u00e9 o encerramento de suas atividades em 2006.<br>Referenciado coo P 1956\/AMM &#8211; Acervo IDART, este pacote foi produzido a partir da jun\u00e7\u00e3o de documentos que se encontravam dispersos nas depend\u00eancias do Arquivo Multimeios e em documenta\u00e7\u00e3o remanescente das Equipes T\u00e9cnicas da Divis\u00e3o de Pesquisas.&#8221; (<a href=\"https:\/\/www.fotoplus.com\/idart50\/?p=772\">veja mais<\/a>)<br>(sem data de tombamento)<br><br><strong>Quantidades <\/strong>de documentos reunidos:<br><br>cartazes: 3; cat\u00e1logos: 4; convites: 6; documentos textuais: 257; fitas cassetes: 4; folhetos: 23; fotografias: 157; mat\u00e9rias jornal\u00edsticas: 35; fitas de v\u00eddeo VT: 4; DVD-R: 42; objeto tridimensional: 1; press releases: 4; revistas: 1<br><br><\/p>\n\n\n\n<hr class=\"wp-block-separator has-alpha-channel-opacity is-style-wide\"\/>\n\n\n\n<p><strong>Teses<\/strong> <strong>e disserta\u00e7\u00f5es<\/strong> <br>(ordem cronol\u00f3gica decrescente)<br><br><strong>PONTES, Maria Adelaide Nascimento<\/strong>. <em>D\u00e9cio Pignatari: designer da linguagem e da mem\u00f3ria<\/em>. S\u00e3o Paulo: PGEHA-USP, 2023. tese de doutorado (Est\u00e9tica e Hist\u00f3ria da Arte). orienta\u00e7\u00e3o: Maria Cristina Machado Freire.<br>(n\u00e3o dispon\u00edvel online)<br><br><strong>LEITE, Andrea Andira<\/strong>. <em>A experi\u00eancia do Departamento de Informa\u00e7\u00e3o e Documenta\u00e7\u00e3o Art\u00edstica (IDART)<\/em>: uma revis\u00e3o cr\u00edtica. S\u00e3o Paulo: PGEHA-USP, 2017. disserta\u00e7\u00e3o (Mestrado em Museologia). orienta\u00e7\u00e3o: Helouise Lima Costa.<br><a href=\"http:\/\/doi.org\/10.11606\/D.103.2017.tde-30112017-095100\" target=\"_blank\" rel=\"noreferrer noopener\">http:\/\/doi.org\/10.11606\/D.103.2017.tde-30112017-095100<\/a><\/p>\n\n\n\n<p><strong>XAVIER, Renata Ferreir<\/strong>a. <em>O (n\u00e3o) lugar da dan\u00e7a na imprensa e nos acervos p\u00fablicos da cidade de S\u00e3o Paulo: um estudo sobre as ambival\u00eancias da mem\u00f3ria e da documenta\u00e7\u00e3o<\/em>. S\u00e3o Paulo: PUC-SP, 2009. tese de doutorado. (PPG Comunica\u00e7\u00e3o e semi\u00f3tica). orienta\u00e7\u00e3o: Christine Greiner<br><a href=\"https:\/\/tede2.pucsp.br\/handle\/handle\/5245\" target=\"_blank\" rel=\"noreferrer noopener\">https:\/\/tede2.pucsp.br\/handle\/handle\/5245<\/a><br><br><strong>ALMEIDA, Maria Christina Barbosa de<\/strong>. <em>Por uma arquitetura dos servi\u00e7os de informa\u00e7\u00e3o em arte na cidade de S\u00e3o Paulo. <\/em> S\u00e3o Paulo: ECA-USP, 1998. 364p. <br>tese de doutorado. orienta\u00e7\u00e3o: Jos\u00e9 Teixeira Coelho Neto. Veja p.61-64.<br><br><\/p>\n<\/div><\/div>\n\n\n\n<hr class=\"wp-block-separator has-alpha-channel-opacity is-style-wide\"\/>\n\n\n\n<p><br><strong>Temas relacionados<\/strong><br><br><strong>LEITE, Andrea Andira.<\/strong> Revisando a trajet\u00f3ria da curadora e cr\u00edtica de arte Maria Eug\u00eania Franco: estudos iniciais. <strong>Encontro de Hist\u00f3ria da Arte<\/strong>, Campinas, SP, n. 13, p. 167\u2013175, 2018. <a href=\"https:\/\/doi.org\/10.20396\/eha.13.2018.4336\" target=\"_blank\" rel=\"noreferrer noopener\">https:\/\/doi.org\/10.20396\/eha.13.2018.4336<\/a>. <br><br><strong>TRIZOLI, Talita<\/strong>. A I Bienal de S\u00e3o e a cr\u00edtica de Maria Eug\u00eania Franco.\u00a0<strong><em>Anais do 42\u00ba Col\u00f3quio do Comit\u00ea Brasileiro de Hist\u00f3ria da Arte \u2013 CBHA<\/em><\/strong>\u00a0\u2013 Futuros da hist\u00f3ria da arte: 50 anos do CBHA (Rio de Janeiro, 7-12 nov.2022). Porto Alegre: CBHA, 2023.<br><a href=\"https:\/\/dx.doi.org\/10.54575\/cbha.42.034\" target=\"_blank\" rel=\"noreferrer noopener\">https:\/\/dx.doi.org\/10.54575\/cbha.42.034<\/a>\u00a0(ensaio)<br><a href=\"https:\/\/doi.org\/10.54575\/cbha.42\" target=\"_blank\" rel=\"noreferrer noopener\">https:\/\/doi.org\/10.54575\/cbha.42<\/a>\u00a0(anais, completo)<br><\/p>\n\n\n\n<hr class=\"wp-block-separator has-alpha-channel-opacity is-style-wide\"\/>\n\n\n\n<p><strong>Artigos<\/strong><br>(ordem cronol\u00f3gica decrescente)<br><br><br><strong>ALBUQUERQUE, Maria Elisa Vercesi de<\/strong>. Pesquisa e mem\u00f3ria da arte. <em>Comunica\u00e7\u00e3o &amp; Educa\u00e7\u00e3o<\/em>, ECA-USP, n.24, p.103-108, maio\/ago. 2002 (<a href=\"https:\/\/revistas.usp.br\/comueduc\/article\/view\/37444\" target=\"_blank\" rel=\"noreferrer noopener\">leia<\/a>)<br><br><strong>ALBUQUERQUE, Maria Elisa Vercesi de<\/strong>. Mem\u00f3rias do Idart. <em>Revista D&#8217;Art<\/em>, Divis\u00e3o de Pesquisas\/CCSP, n.6, p.29-36, maio 2000. (<a href=\"https:\/\/archive.org\/details\/albuquerque-2000-memoriasdoidart\" target=\"_blank\" rel=\"noreferrer noopener\">leia<\/a>)<br><\/p>\n\n\n\n<p>Artes visuais. <em>Folha de S. Paulo, <\/em>s\u00e9rie de 5 artigos, 31.10.1976 \/ 09.01.1977 (<a href=\"https:\/\/fotoplus.com\/idart50\/?p=758\">leia<\/a>)<\/p>\n\n\n\n<p><\/p>\n\n\n\n<hr class=\"wp-block-separator has-alpha-channel-opacity is-style-wide\"\/>\n","protected":false},"excerpt":{"rendered":"<p>Fundo documental Arquivo Multimeios: pacote P 1956\/AMMPesquisado: F\u00e1tima Colacite Pessoa de Oliveiratermo de compromisso: 05.07.2016 &#8220;Conjunto documental referente as atividades da institui\u00e7\u00e3o desde sua cria\u00e7\u00e3o em 1976 at\u00e9 o encerramento de suas atividades em 2006.Referenciado coo P 1956\/AMM &#8211; Acervo IDART, este pacote foi produzido a partir da jun\u00e7\u00e3o de documentos que se encontravam dispersos &hellip; <a href=\"https:\/\/www.fotoplus.com\/idart50\/?page_id=16\" class=\"more-link\">Continue lendo<span class=\"screen-reader-text\"> &#8220;Refer\u00eancias bibliogr\u00e1ficas e documentais&#8221;<\/span><\/a><\/p>\n","protected":false},"author":1,"featured_media":0,"parent":0,"menu_order":0,"comment_status":"closed","ping_status":"closed","template":"","meta":{"footnotes":""},"class_list":["post-16","page","type-page","status-publish","hentry"],"_links":{"self":[{"href":"https:\/\/www.fotoplus.com\/idart50\/index.php?rest_route=\/wp\/v2\/pages\/16","targetHints":{"allow":["GET"]}}],"collection":[{"href":"https:\/\/www.fotoplus.com\/idart50\/index.php?rest_route=\/wp\/v2\/pages"}],"about":[{"href":"https:\/\/www.fotoplus.com\/idart50\/index.php?rest_route=\/wp\/v2\/types\/page"}],"author":[{"embeddable":true,"href":"https:\/\/www.fotoplus.com\/idart50\/index.php?rest_route=\/wp\/v2\/users\/1"}],"replies":[{"embeddable":true,"href":"https:\/\/www.fotoplus.com\/idart50\/index.php?rest_route=%2Fwp%2Fv2%2Fcomments&post=16"}],"version-history":[{"count":20,"href":"https:\/\/www.fotoplus.com\/idart50\/index.php?rest_route=\/wp\/v2\/pages\/16\/revisions"}],"predecessor-version":[{"id":1553,"href":"https:\/\/www.fotoplus.com\/idart50\/index.php?rest_route=\/wp\/v2\/pages\/16\/revisions\/1553"}],"wp:attachment":[{"href":"https:\/\/www.fotoplus.com\/idart50\/index.php?rest_route=%2Fwp%2Fv2%2Fmedia&parent=16"}],"curies":[{"name":"wp","href":"https:\/\/api.w.org\/{rel}","templated":true}]}}