{"id":191,"date":"2024-12-14T05:06:08","date_gmt":"2024-12-14T05:06:08","guid":{"rendered":"http:\/\/fotoplus.com\/idart50\/?page_id=191"},"modified":"2025-04-19T22:03:55","modified_gmt":"2025-04-19T22:03:55","slug":"uma-abertura-provisoria","status":"publish","type":"page","link":"https:\/\/www.fotoplus.com\/idart50\/","title":{"rendered":"Uma abertura provis\u00f3ria"},"content":{"rendered":"\n<p>A inten\u00e7\u00e3o deste site \u00e9 colaborar para a constitui\u00e7\u00e3o de uma <strong>mem\u00f3ria p\u00fablica<\/strong> ao redor do projeto IDART \u2013 <strong>Departamento de<\/strong> <strong>Informa\u00e7\u00e3o e Documenta\u00e7\u00e3o Art\u00edstica<\/strong>, criado em 1975 no \u00e2mbito da Secretaria Municipal de Cultura\/PMSP. A trajet\u00f3ria do IDART, e seu suced\u00e2neo a Divis\u00e3o de Pesquisas, tem como recorte um n\u00facleo duro a partir do <strong>Centro de Pesquisa de Arte Brasileira<\/strong> inicial, que d\u00e1 origem \u00e0 Divis\u00e3o de Pesquisas. \u00c9 sobre este conjunto formado pelas Equipes T\u00e9cnicas de Pesquisa e o Arquivo Multimeios que este projeto se volta.<\/p>\n\n\n\n<p>Estruturado como centro de pesquisa e documenta\u00e7\u00e3o sobre artes e comunica\u00e7\u00e3o, sua cria\u00e7\u00e3o antecede mesmo parte significativa dos programas de p\u00f3s-gradua\u00e7\u00e3o do segmento. Em atividade at\u00e9 2008, sua produ\u00e7\u00e3o integra hoje o <strong>Arquivo Multimeios<\/strong>, \u00fanico n\u00facleo remanescente, ligado ao Centro Cultural S\u00e3o Paulo (CCSP). Al\u00e9m de conjuntos documentais relativos \u00e0s diversas \u00e1reas de arte, cultura e comunica\u00e7\u00e3o que foram objeto de estudos, o IDART produziu um grande n\u00famero de <a href=\"https:\/\/www.fotoplus.com\/idart50\/?page_id=57\">publica\u00e7\u00f5es<\/a>, exposi\u00e7\u00f5es, encontros etc.<br><br>Outros n\u00facleos importantes como a Discoteca Municipal &#8211; concebida na d\u00e9cada de 1930 no Departamento de Cultura, primeiro setor p\u00fablico municipal voltado para a cultura tendo a frente o escritor M\u00e1rio de Andrade &#8211; incorporados em 1975 ao IDART, passam sete anos depois a integrar um conjunto maior de acervos diversos e espa\u00e7os de evento sob a gest\u00e3o do novo Centro Cultural de S\u00e3o Paulo. O projeto IDART 50 reconhece a import\u00e2ncia desses setores, mas enfoca aqui a trajet\u00f3ria do Centro de Informa\u00e7\u00e3o e Documenta\u00e7\u00e3o Art\u00edstica, em um primeiro momento, por sete anos, enquanto departamento, e por 25 anos como divis\u00e3o, unidade subordinada ao CCSP.<br><br>Apesar da preced\u00eancia no campo da documenta\u00e7\u00e3o em artes e comunica\u00e7\u00e3o, o legado documental e a contribui\u00e7\u00e3o do IDART e da Divis\u00e3o de Pesquisas para as historiografias regionais nos diversos campos abordados, esta presen\u00e7a n\u00e3o est\u00e1 registrada ou acess\u00edvel. A\u00ed nossa \u00eanfase na constitui\u00e7\u00e3o de uma <strong>mem\u00f3ria p\u00fablica<\/strong> sobre essas a\u00e7\u00f5es. E estimular assim o debate cr\u00edtico e promover sua preserva\u00e7\u00e3o.<br><br>Necess\u00e1rio apontar que nesse longo per\u00edodo de meio s\u00e9culo houve a\u00e7\u00f5es nesse sentido, gestos que nos trouxeram at\u00e9 aqui e a este projeto. Desde 2009, foram apresentadas tr\u00eas produ\u00e7\u00f5es acad\u00eamicas nesse sentido em mestrado e doutorados (veja a aba <em><a href=\"https:\/\/www.fotoplus.com\/idart50\/?page_id=16\">refer\u00eancias<\/a><\/em>). Igualmente a\u00e7\u00f5es relevantes, s\u00e3o a exposi\u00e7\u00e3o realizada em 2008 que marca os 30 anos do IDART ou a s\u00e9rie de depoimentos p\u00fablicos realizada em 2015 como <strong><em>Idart 40 anos<\/em><\/strong>, ambas no Centro Cultural S\u00e3o Paulo. E, a\u00e7\u00f5es fundamentais, os debates cr\u00edticos que os funcion\u00e1rios envolvidos promoveram em momentos de crise institucional, quando realizaram diagn\u00f3sticos e semin\u00e1rios como contribui\u00e7\u00f5es aos gestores, em 1989 e outros momentos, por exemplo.<br><\/p>\n\n\n\n<hr class=\"wp-block-separator has-alpha-channel-opacity is-style-wide\"\/>\n\n\n\n<p>As colabora\u00e7\u00f5es futuras neste site devem tra\u00e7ar um quadro de projetos realizados, mapeamento de pesquisadores e t\u00e9cnicos, pol\u00edticas de pesquisa e documenta\u00e7\u00e3o, e pol\u00edticas editorial e difus\u00e3o, sempre visando discutir o formato de centro de documenta\u00e7\u00e3o associado \u00e0 administra\u00e7\u00e3o p\u00fablica e suas especificidades no panorama cultural nacional do s\u00e9culo XX.<\/p>\n\n\n\n<p>O IDART, em conjunto com o Centro de Documenta\u00e7\u00e3o da FUNARTE e o CNRC \u2013 Centro Nacional de Refer\u00eancia Cultural, criado em 1975 pelo designer e gestor Alo\u00edsio Magalh\u00e3es (n.1927-1982), constitui um grupo de iniciativas p\u00fablicas sobre mem\u00f3ria em arte e cultura muito pr\u00f3ximas, criadas na d\u00e9cada final da ditadura militar.<\/p>\n\n\n\n<p><br><\/p>\n\n\n\n<p><\/p>\n\n\n\n<p class=\"has-small-font-size\">CCSP-Centro Cultural S\u00e3o Paulo<br><a href=\"http:\/\/www.centrocultural.sp.gov.br\" target=\"_blank\" rel=\"noreferrer noopener\">http:\/\/www.centrocultural.sp.gov.br<\/a><\/p>\n\n\n\n<p class=\"has-small-font-size\">Arquivo Multimeios<br><a href=\"https:\/\/acervoccsp.art.br\/arquivo-multimeios\" target=\"_blank\" rel=\"noreferrer noopener\">https:\/\/acervoccsp.art.br\/arquivo-multimeios<\/a><br>(o material relativo ao IDART n\u00e3o \u00e9 rastre\u00e1vel pelo site)<\/p>\n\n\n\n<p><\/p>\n","protected":false},"excerpt":{"rendered":"<p>A inten\u00e7\u00e3o deste site \u00e9 colaborar para a constitui\u00e7\u00e3o de uma mem\u00f3ria p\u00fablica ao redor do projeto IDART \u2013 Departamento de Informa\u00e7\u00e3o e Documenta\u00e7\u00e3o Art\u00edstica, criado em 1975 no \u00e2mbito da Secretaria Municipal de Cultura\/PMSP. A trajet\u00f3ria do IDART, e seu suced\u00e2neo a Divis\u00e3o de Pesquisas, tem como recorte um n\u00facleo duro a partir do &hellip; <a href=\"https:\/\/www.fotoplus.com\/idart50\/\" class=\"more-link\">Continue lendo<span class=\"screen-reader-text\"> &#8220;Uma abertura provis\u00f3ria&#8221;<\/span><\/a><\/p>\n","protected":false},"author":2,"featured_media":0,"parent":0,"menu_order":0,"comment_status":"closed","ping_status":"closed","template":"","meta":{"footnotes":""},"class_list":["post-191","page","type-page","status-publish","hentry"],"_links":{"self":[{"href":"https:\/\/www.fotoplus.com\/idart50\/index.php?rest_route=\/wp\/v2\/pages\/191","targetHints":{"allow":["GET"]}}],"collection":[{"href":"https:\/\/www.fotoplus.com\/idart50\/index.php?rest_route=\/wp\/v2\/pages"}],"about":[{"href":"https:\/\/www.fotoplus.com\/idart50\/index.php?rest_route=\/wp\/v2\/types\/page"}],"author":[{"embeddable":true,"href":"https:\/\/www.fotoplus.com\/idart50\/index.php?rest_route=\/wp\/v2\/users\/2"}],"replies":[{"embeddable":true,"href":"https:\/\/www.fotoplus.com\/idart50\/index.php?rest_route=%2Fwp%2Fv2%2Fcomments&post=191"}],"version-history":[{"count":17,"href":"https:\/\/www.fotoplus.com\/idart50\/index.php?rest_route=\/wp\/v2\/pages\/191\/revisions"}],"predecessor-version":[{"id":1534,"href":"https:\/\/www.fotoplus.com\/idart50\/index.php?rest_route=\/wp\/v2\/pages\/191\/revisions\/1534"}],"wp:attachment":[{"href":"https:\/\/www.fotoplus.com\/idart50\/index.php?rest_route=%2Fwp%2Fv2%2Fmedia&parent=191"}],"curies":[{"name":"wp","href":"https:\/\/api.w.org\/{rel}","templated":true}]}}