{"id":32,"date":"2020-08-16T06:34:57","date_gmt":"2020-08-16T06:34:57","guid":{"rendered":"http:\/\/fotoplus.com\/idart50\/?page_id=32"},"modified":"2025-04-21T07:12:36","modified_gmt":"2025-04-21T07:12:36","slug":"membros-ordem-alfabetica","status":"publish","type":"page","link":"https:\/\/www.fotoplus.com\/idart50\/?page_id=32","title":{"rendered":"Membros: ordem alfab\u00e9tica"},"content":{"rendered":"\n<p class=\"has-text-align-right has-small-font-size\">a partir de rela\u00e7\u00e3o elaborada em 2007 para <br>a exposi\u00e7\u00e3o <em>IDART  30 ANOS<\/em>,<br> enviada por Maria Adelaide Pontes<br>(em revis\u00e3o)<br><br>Quando conhecido, s\u00e3o indicados: <br>nome completo, anos de nascimento e morte, <br>participa\u00e7\u00e3o nas fases IDART ou Divis\u00e3o de Pesquisas, <br>seguido pelas \u00e1reas de atua\u00e7\u00e3o em ordem cronol\u00f3gica.<br><br>Veja o post <em><strong><a href=\"https:\/\/www.fotoplus.com\/idart50\/?p=511\">Fot\u00f3grafos do Idart<\/a><\/strong><\/em><\/p>\n\n\n\n<p class=\"has-small-font-size\"><br><br><br><br><strong>Adriana Gomes Consorte McCrea<br>Afr\u00e2nio Mendes Catani <\/strong>(Div.Pesquisas, ETP Cinema)<strong><br>Agn\u00e8s Zuliani&nbsp;<br>Albert Roger Hemsi <\/strong>(Div.Pesquisas, ETP Cinema)<strong><br>Alexandre Wollner<br>Ana Maria Campanh\u00e3<\/strong><br><strong>Ana Maria de Moraes Belluzzo <a href=\"http:\/\/lattes.cnpq.br\/2830357584384192\" target=\"_blank\" rel=\"noreferrer noopener\">(lattes<\/a>)<br>Ana Maria Rebou\u00e7as <\/strong> (Div.Pesquisas, ETP Artes c\u00eanicas)<strong><br>Andr\u00e9 Barbosa Filho<br>Andr\u00e9 Piero Gatti<\/strong> (Div.Pesquisas, ETP Cinema)<br><strong>Andrea Andira Leite <\/strong>(Div.Pesquisas, ETP Artes Pl\u00e1sticas)<br><strong>Andr\u00e9a Bruscagin Morelatto <\/strong>(Div.Pesquisas,(Arquivo Multimeios)<br><strong>Andr\u00e9a Camargo<br>\u00c2ngela Maria Rocha<br>Antonio Corso<br>Aparecida Cris\u00f3stomo<br>Arlenice Juliani de Oliveira&nbsp;&nbsp;<\/strong><\/p>\n\n\n\n<hr class=\"wp-block-separator has-css-opacity\"\/>\n\n\n\n<p class=\"has-small-font-size\"><strong>Berenice Raulino<\/strong><br><strong>Bernardo Issler<\/strong> (n.1933) (diretor) (Div.Pesquisas)<br><strong>Bluette Fortes Santa Clara<\/strong> (IDART, 1976, \u00c1rea Arquitetura e Desenho industrial)<br><strong>Boris Kossoy<\/strong> (n.1941) (diretor) (Div.Pesquisas)<br><\/p>\n\n\n\n<hr class=\"wp-block-separator has-css-opacity\"\/>\n\n\n\n<p class=\"has-small-font-size\"><strong>Carla Milani Dami\u00e3o <\/strong>(CCSP, ETP Cinema)<strong><br>Carlos Alberto Bonetti Moreno <\/strong>(ETP Artes gr\u00e1ficas)<strong> (<a href=\"https:\/\/pt.wikipedia.org\/wiki\/Carlos_Moreno\" target=\"_blank\" rel=\"noreferrer noopener\">wiki<\/a>)<\/strong><br><strong>Carlos Alberto Valero de Figueiredo<\/strong> (n.1948) (IDART, 1976, \u00c1rea Cinema)<strong><br>Carlos Bueno<br>Carlos Eduardo Ornelles Berriel<br>Carlos Eug\u00eanio Marcondes de Moura <\/strong>(IDART, 1976, \u00c1rea Artes c\u00eanicas; Div.Pesquisas, ETP Artes c\u00eanicas)<strong><br>Carlos Gon\u00e7alves Arado<br>Carlos Queiroz Telles<br>Carlos Roberto Rodrigues de Souza<\/strong> (IDART, \u00c1rea Cinema)<strong><br>Carmita Muylaert<br>C\u00e1ssia Navas<\/strong> (CCSP, ETP Artes c\u00eanicas &#8211; dan\u00e7a)<strong><br>Catherine Gati<br>C\u00e9lia Maria Khoury <\/strong>([C\u00e9lia Cristina Marcos Khoury] ?)<strong><br>Celso Felix<br>Celso Luiz Marzulli<br>Celso Ohno <\/strong>(CCSP, ETP Artes c\u00eanicas)<strong><br>Cid Campos<br>Cl\u00e1udia de Alencar Bittencourt<\/strong> (IDART, 1976, \u00c1rea Artes c\u00eanicas)<strong><br>Cl\u00e1udia de Brito Lameirinha Bianchi<\/strong> (Div.Pesquisas, (ETP Artes pl\u00e1sticas)<br><strong>Claudio Augusto da Rosa Ferlauto<\/strong> (n.?-2023) (IDART, 1976; \u00c1rea Arquitetura e Desenho industrial)<strong><br>Cristina Galhardo<\/strong><br><strong>Cristine Marie Tedeschi Conforti Serroni <\/strong>(IDART, 1976, \u00c1rea Literatura e som)<strong><br>Cristina Gomide<\/strong><\/p>\n\n\n\n<hr class=\"wp-block-separator has-css-opacity\"\/>\n\n\n\n<p class=\"has-small-font-size\"><strong>Dalva Elias Thomaz <\/strong>(Div.Pesquisas, ETP Arquitetura)<strong><br>Damiano Cozzela <\/strong>(IDART, 1976, \u00c1rea M\u00fasica e som)<strong><br>Darwin Pavan Filho <\/strong>(IDART, Div.Pesquisas) (Arquivo multimeios)<strong><br>Daisy Valle Machado Peccinini <\/strong>(IDART, 1976, \u00c1rea Artes pl\u00e1sticas)<strong><br>D\u00e9cio Pignatari&nbsp;<\/strong>&nbsp;(n.1927-2012) (IDART, 1976 \u00c1rea Comunica\u00e7\u00e3o de massa)<strong><br>Deise Yared<\/strong><br><strong>Din\u00e1 Yoshizaki <\/strong>(IDART, 1976, \u00c1rea Literatura e som)<strong><br>Dinah de Abreu Azevedo<br>Dion\u00edsio Jacob<br>Djemile de Castro Andrade<\/strong> <br><strong>Domingos Tadeu Chiarelli <\/strong>(Div.Pesquisas, ETP Artes pl\u00e1sticas) <strong><br>Dorileo Eug\u00eanio Gabriel <\/strong>(Div.Pesquisas, Arquivo Multimeios)<strong><br>Dorot\u00e9a Machado Kerr<\/strong> (IDART, 1975-1981, \u00c1rea M\u00fasica; Div.Pesquisas, ETP M\u00fasica, 1981-1990) (<a href=\"http:\/\/lattes.cnpq.br\/6082633521601522\" target=\"_blank\" rel=\"noreferrer noopener\">lattes<\/a>)<\/p>\n\n\n\n<hr class=\"wp-block-separator has-css-opacity\"\/>\n\n\n\n<p class=\"has-small-font-size\"><strong>Edgard Ribeiro de Amorim<\/strong> (ETP Comunica\u00e7\u00e3o de massa)<strong><br>Edla Van Steen<\/strong> (n.1936-2018) (ETP Literatura) (<a href=\"https:\/\/pt.wikipedia.org\/wiki\/Edla_van_Steen\" target=\"_blank\" rel=\"noreferrer noopener\">wiki<\/a>)<strong><br>Edmilson de Castro<br>Edsel Almeida<br>Eduardo de Jesus Rodrigues <\/strong>(IDART, 1976, \u00c1rea Artes gr\u00e1ficas)<strong><br>Egle Alonso<br>Elaine Meirelles<br>Elaine Silva Telles<br>Eliana Lobo de Andrade Jorge <\/strong>(IDART, 1976, \u00c1rea Comunica\u00e7\u00e3o de massa)<strong><br>Eliana de Oliveira Queiroz<\/strong> (IDART, 1976, \u00c1rea Cinema)<strong><br>Elisabete Geraldini<br>Elizabeth Antunes<\/strong><br><strong>Elyzabeth Carmona (<\/strong>Div.Pesquisas\/ETP Comunica\u00e7\u00e3o de massa<strong>) <\/strong>(SESC, <a href=\"https:\/\/www.sescsp.org.br\/editorial\/para-beth-carmona-a-educacao-midiatica-na-sociedade-e-primordial\/\" target=\"_blank\" rel=\"noreferrer noopener\">entrevista<\/a>, 2024)<strong><br>Elza Maria D\u00b4\u00c1vila Barbosa <strong> <\/strong><\/strong>(n.?-2024) (Div. Pesquisas, Arquivo Multimeios)<strong><br>Emilie Sugai<\/strong><br><strong>Erson de Martins de Oliveira<\/strong> (IDART, 1976, \u00c1rea Literatura e som)<strong><br>Espedita Silva dos Santos<br>Eunice Sumi<\/strong><\/p>\n\n\n\n<hr class=\"wp-block-separator has-css-opacity\"\/>\n\n\n\n<p class=\"has-small-font-size\"><strong>F\u00e1bio Michel Machado<br>F\u00e1tima Colacite Pessoa de Oliveira <\/strong>(ETP Fotografia) (Idart, 1978; Div.Pesquisas)<br><strong>Fernando C. Duarte<\/strong> (IDART, 1976, \u00c1rea M\u00fasica e som)<strong><br>Fernando de Andrade<br>Fernando Frank Cabral <\/strong>(IDART, \u00c1rea Arquitetura)<strong><br><strong>Fernando Lemos<\/strong> <\/strong>(Jos\u00e9 Fernandes de Lemos, n.1926-2019) (IDART, 1976; Div.Pesquisas, ETP Artes gr\u00e1ficas)<strong><br>Fernando Pires<br>Fern\u00e3o Pessoa Ramos (ETP Cinema)<br>Filomena Aparecida De Rosa<\/strong> (ETP Fotografia) (Div.Pesquisas)<strong><br>Fl\u00e1via Camargo Toni <\/strong>(ETP M\u00fasica)<strong><br>Fl\u00e1vio Luiz Porto e Silva&nbsp;<\/strong>(IDART, 1976, \u00c1rea Cinema, \u00c1rea Comunica\u00e7\u00e3o de massa; Div. Pesquisas, ETP Comunica\u00e7\u00e3o de massa)<strong><br>Francisco Achcar <\/strong>(Div.Pesquisas, ETP Literatura)<strong><br>Francisco Carlos Coelho<\/strong> (ETP M\u00fasica)<strong><br>Francisco Martorano Magaldi Netto <\/strong>(IDART, \u00c1rea Cinema)<\/p>\n\n\n\n<hr class=\"wp-block-separator has-css-opacity\"\/>\n\n\n\n<p class=\"has-small-font-size\"><strong>Gilbert Zarmati<br>Gileida Arnoso Costa<br>Gina Gomes Machado<br>Gl\u00f3ria Maria Bayeux<br>Gl\u00f3ria Motta<br>Gl\u00f3ria Nogueira Lima<br>Gra\u00e7a Berman<br>Guinter Parschalk<br>Guita Stern<\/strong> (Arquivo Multimeios)<\/p>\n\n\n\n<hr class=\"wp-block-separator has-css-opacity\"\/>\n\n\n\n<p class=\"has-small-font-size\"><strong>Harumi Hiroshima<br>Helena Maria Maletta<br>Helenice Dias Bueno<br>H\u00e9lio Ziskind\u00a0<br>Helo\u00edsa Bauab<br>Helo\u00edsa de Lucca<br>Helo\u00edsa Margarido Salles<\/strong> (Div. Pesquisas, ETP Artes c\u00eanicas)<strong><br>Helo\u00edsa Maria Pinheiro de Abreu Meirelles <\/strong>(Div.Pesquisas, ETP Artes pl\u00e1sticas)<strong><br>Hermelindo Fiaminghi<\/strong> (IDART, 1976, \u00c1rea Artes gr\u00e1ficas)<\/p>\n\n\n\n<hr class=\"wp-block-separator has-css-opacity\"\/>\n\n\n\n<p class=\"has-small-font-size\"><strong>Ilza Kawall Leal Ferreira <\/strong>(ETP Artes gr\u00e1ficas)<strong><br><strong>Inim\u00e1 Ferreira Sim\u00f5es<\/strong> <\/strong>(ETP Cinema) (Idart; Div.Pesquisas)<strong><br>Isaias Alves de Almeida Netto<br>Ivani Maturani<br>Ivo Costa Mesquita <\/strong>(IDART, \u00c1rea Artes pl\u00e1sticas, 1979)<strong><br>Ivoneide Rosa Barreto<\/strong><\/p>\n\n\n\n<hr class=\"wp-block-separator has-alpha-channel-opacity\"\/>\n\n\n\n<p class=\"has-small-font-size\"><strong>Janeta Zaidmam Charatz <\/strong>(Arquivo Multimeios) (Div.Pesquisas)<strong><br>Jean-Claude Bernardet<\/strong> (IDART, \u00c1rea Cinema)<br><strong>Jo\u00e3o Baptista Novelli&nbsp;Junior <\/strong>(IDART, 1976, \u00c1rea Arquitetura e Desenho Industrial)<strong><br>Jo\u00e3o Mussolin<\/strong><br><strong><strong>Jo\u00e3o Saad Abdalla <\/strong>(ETP Cinema)<br>Jo\u00e3o S\u00f3crates de Oliveira<br>Joel La Laina Senni<br>Jorge da Cunha Lima<br>Jos\u00e9 Alcides Ribeiro<br>Jos\u00e9 Ant\u00f4nio Pasta<br>Jos\u00e9 Augusto Costa Avancini<br>Jos\u00e9 Bueno<br>Jos\u00e9 Carvalho Motta <\/strong>(IDART, 1976, \u00c1rea Cinema)<strong><br>Jos\u00e9 Francisco da Silveira<br>Jos\u00e9 Geraldo Martins de Oliveira <\/strong>(\u00c1rea Artes gr\u00e1ficas)<strong><br>Jos\u00e9 Luiz Leite<br>Jos\u00e9 Luiz Telles dos Santos&nbsp;&nbsp;&nbsp;&nbsp;&nbsp;&nbsp;&nbsp;&nbsp;&nbsp;&nbsp;&nbsp;&nbsp;&nbsp;&nbsp;&nbsp;&nbsp;&nbsp;&nbsp;&nbsp;&nbsp;&nbsp;&nbsp;<br>Jos\u00e9 Teixeira Coelho Netto&nbsp;<\/strong>(n.1944-2022) (diretor, Div.Pesquisas)<strong>&nbsp;<\/strong>(<strong><a href=\"http:\/\/lattes.cnpq.br\/0856465527112284\" target=\"_blank\" rel=\"noreferrer noopener\">lattes<\/a><\/strong>)<strong>&nbsp;&nbsp;&nbsp;&nbsp;&nbsp;&nbsp;&nbsp;&nbsp;&nbsp;&nbsp;&nbsp;<br>Jota de Moraes<br>Joyce Teixeira Porto<br>J\u00falio Plaza<\/strong> (n.1938-2003) (IDART, 1976, \u00c1rea Artes gr\u00e1ficas (<a href=\"https:\/\/pt.wikipedia.org\/wiki\/Julio_Plaza\" target=\"_blank\" rel=\"noreferrer noopener\">wiki<\/a>)<\/p>\n\n\n\n<hr class=\"wp-block-separator has-css-opacity\"\/>\n\n\n\n<p class=\"has-small-font-size\"><br><strong>La\u00e9rcio de Almeida Lamana<\/strong><br><strong>La\u00eds Moura<\/strong> (assistente t\u00e9cnico) (IDART, 1976)<strong><br>Laura Dafre Darr\u00e9<br>Lea Valquiria Moraes Silvestre<br>Leda C\u00e1ssia Costa da Silva Timoteo<\/strong><br><strong>L\u00e9lia Coelho Frota<\/strong> (IDART, 1976, \u00c1rea Arte popular)<strong><br><strong>Lenora de Barros<\/strong> <\/strong>(n. 1953) (Div.Pesquisas, ETP Literatura) (<a href=\"https:\/\/pt.wikipedia.org\/wiki\/Lenora_de_Barros\" target=\"_blank\" rel=\"noreferrer noopener\">wiki<\/a>)<strong><br><\/strong><strong><strong>Liliane Schrank Lehmann<\/strong> de Barros <\/strong>(n.?-2024) (Div.Pesquisas, ETP Literatura)<strong><br>Linneu Moreira Dias<\/strong> (n.1927-2002) (IDART, 1976, \u00c1rea Artes c\u00eanicas; Div. Pesquisas, ETP Artes C\u00eanicas &#8211; dan\u00e7a) (<a href=\"https:\/\/pt.wikipedia.org\/wiki\/Lineu_Dias\" target=\"_blank\" rel=\"noreferrer noopener\">wiki<\/a>)<strong><br>Lisbeth Ruth Rebollo Gon\u00e7alves&nbsp;&nbsp;&nbsp;&nbsp;&nbsp;&nbsp;&nbsp;&nbsp;&nbsp;&nbsp;&nbsp;&nbsp;&nbsp;&nbsp;<br>Lothair Americano<br>L\u00facia Helena de Deus<br>Lucia Junqueira Caldas<br>Lucrecia D\u00b4Alessio Ferrara <\/strong>(IDART, 1976, \u00c1rea Literatura e som)<strong><br>Lucy Godinho<br>Luiz Carlos Carybe<br>Luiz Felipe Alves de Miranda <\/strong>(n.1955) (ETP Cinema)<strong><br>Luiz Fernando Ramos<\/strong><br><strong>Luiz Nagib Amary<\/strong> (IDART) (diretoria)<br><strong>Luiz Otavio Zamarioli<\/strong> (IDART, 1976, ETP Arquitetura e Desenho industrial)<strong><br>Luiz Vicente Soares Oliveira<br>Luzia Haruko Shimabokuro<br>Lygia Arcuri Eluf<\/strong> (<a href=\"https:\/\/www.lygiaeluf.com\/\" target=\"_blank\" rel=\"noreferrer noopener\">site<\/a>)<\/p>\n\n\n\n<hr class=\"wp-block-separator has-css-opacity\"\/>\n\n\n\n<p class=\"has-small-font-size\"><strong>Marcelo Morato Brissac <\/strong>(ETP M\u00fasica)<strong><br>Marcelo Coelho<br>Marcelo Fl\u00f3rio <\/strong>(Div.Pesquisas, ETP Literatura)<strong><br>Marcelo Nitsche <\/strong>(n.1942-2017)<br><strong>Marcos Cartum<\/strong> (n.1960) (Div.Pesquisas) (ETP Artes gr\u00e1ficas)<strong><br>Maira Fagiolli<br>M\u00e1rcia Augusta Ribeiro<br><strong>M\u00e1rcia Denser<\/strong> <\/strong>(n.[1954]-2024) (ETP Literatura)<strong><br>M\u00e1rcia Fernandes dos Santos <\/strong>(ETP M\u00fasica)<strong><br>M\u00e1rcia Kawall<br>M\u00e1rcia Marani <\/strong>(Div.Pesquisas) <strong><br>M\u00e1rcia Suely Tambasco Rovai<br>M\u00e1rcia Viscani Fortunato<\/strong><br><strong>M\u00e1rcio Airello Pires de Almeid<\/strong>a (IDART)<strong><br>Marco Antonio Mancini<br>Marcos Aidar<br>Marcos Celso da Costa<br>Marcos Vinicius Moror\u00f3 de Andrade&nbsp;&nbsp;&nbsp;&nbsp;&nbsp;&nbsp;<br>Maria Adelaide do Nascimento Pontes <\/strong>(ETP Artes pl\u00e1sticas)<strong><br>Maria Alice Gouveia&nbsp;&nbsp;<\/strong>(diretoria)&nbsp;&nbsp;&nbsp;&nbsp;&nbsp;&nbsp;<strong>&nbsp;&nbsp;&nbsp;&nbsp;&nbsp;&nbsp;&nbsp;&nbsp;&nbsp;&nbsp;&nbsp;&nbsp;&nbsp;&nbsp;&nbsp;&nbsp;&nbsp;&nbsp;&nbsp;&nbsp;&nbsp;&nbsp;&nbsp;<br>Maria Aline Noronha<br>Maria Aparecida Godinho<br>Maria Beatriz de Souza<\/strong><br><strong>Maria Camila Duprat Ferreira Martins <\/strong>(Div.Pesquisas) (ETP Artes pl\u00e1sticas)<strong><br>Maria Cec\u00edlia Coelho<br>Maria Cristina Barbosa Lopes Coelho<br>Maria Cristina Frota<br>Maria de F\u00e1tima da Silva<br>Maria de F\u00e1tima Arcoverde da Silva <\/strong>(n.1954) (IDART, 1978-1981, \u00c1rea Arquitetura; Div. Pesquisas,1982-2007, ETP Literatura, ETP Fotografia)<strong><br>Maria de Lourdes Ferreira <\/strong>(procuradora, assistente jur\u00eddica) (IDART, 1976)<strong><br>Maria Elisa Vercesi de Albuquerque <\/strong>(IDART, 1976, \u00c1rea Comunica\u00e7\u00e3o de massa; Div.Pesquisas, ETP Comunica\u00e7\u00e3o de Massa)<strong><br>Maria Eug\u00eania de Almeida Franco&nbsp;<\/strong>(n.1915-1999) (diretora) (IDART) (post, <a href=\"https:\/\/fotoplus.com\/idart50\/?p=1535\">perfil<\/a>)<strong><br>Maria Helena Beauchamp<br>Maria Helena Cury<br>Maria Isabel Garcia<br>Maria Jos\u00e9 Almeida Battaglia<\/strong><br><strong>Maria Jos\u00e9 Camargo de Carvalho<\/strong> (IDART, 1976, Arquivo Multimeios)<strong><br>Maria Ligia Valdrighi<br>Maria L\u00facia Pereira <\/strong>(n.1949-2001)<strong><br>Maria Luiza Garavelli<br>Maria Olimpia de Mello Vass\u00e3o <\/strong>(ETP Artes c\u00eanicas)<strong><br>Maria Regina Davidoff<br>Maria Thereza Vargas<\/strong> (IDART, 1976, \u00c1rea Artes c\u00eanicas; Div.Pesquisas, ETP Artes c\u00eanicas)<strong><br>Maria Val\u00e9ria Pellegrino Gianotti<br>Maria Vanessa Rego de Barros Cavalcanti <\/strong>(IDART, 1976, Artes pl\u00e1sticas)<strong><br>Mari\u00e2ngela Muraro Alves de Lima <\/strong>(IDART, 1976, \u00c1rea Artes c\u00eanicas; Div.Pesquisas, ETP Artes c\u00eanicas)&nbsp;<strong><br>Mar\u00edlia de Moraes<br>Marina de Siqueira Pozzoli <\/strong>(Arquivo Multimeios)<strong><br>Marina Mello Carioba <\/strong>(\u00c1rea Artes gr\u00e1ficas)<strong><br>M\u00e1rio Castelo<br>Marisa Nunes<br>Marisa Vitturi Ribeiro <\/strong>(Div.Pesquisas) (ETP Artes pl\u00e1sticas, ETP Fotografia)<strong><br>Marta Dafre Darr\u00e9<br>Marta Regina Paolicchi <\/strong>(Div.Pesquisas) (Arquivo Multimeios)<strong><br>Maur\u00edcio Moreira Leite<br>Mauro Pergaminik Meiches <\/strong>(ETP Artes c\u00eanicas)<strong><br>Mauro Sanches<br>May Khatouny<br>M\u00f4nica Junqueira de Camargo <\/strong>(Div.Pesquisas)<strong><br>Murilo Marcondes Moura<\/strong> (Div.Pesquisas) (ETP Literatura)<\/p>\n\n\n\n<hr class=\"wp-block-separator has-css-opacity\"\/>\n\n\n\n<p class=\"has-small-font-size\"><strong>Nancy Valen\u00e7a Hernandez<br>Neoclair Jo\u00e3o Vitto<br>Nilza da Silva Mantovani<br>Norma Fernandes Cardoso<br>Norval Baitello Jr.&nbsp;<\/strong>(IDART, 1976, \u00c1rea Literatura e som)<\/p>\n\n\n\n<hr class=\"wp-block-separator has-css-opacity\"\/>\n\n\n\n<p class=\"has-small-font-size\"><strong>Olga Toshiko Futema<\/strong>&nbsp;(IDART; Div. Pesquisas, ETP Cinema)<br><strong>Ot\u00e1vio Saito<\/strong> (IDART, 1976, \u00c1rea Arquitetura e Desenho industrial)<\/p>\n\n\n\n<hr class=\"wp-block-separator has-css-opacity\"\/>\n\n\n\n<p class=\"has-small-font-size\"><strong>Patr\u00edcia de Luca<br>Paula Motta<br>Paulo C\u00e9zar Alves Goulart <\/strong>(ETP Artes Gr\u00e1ficas;  Div.Pesquisas)<strong><br><strong>Paulo Em\u00edlo Salles Gomes<\/strong> <\/strong>(diretor) (n.1916-1977) (Idart, ?-1977) (<a href=\"https:\/\/pt.wikipedia.org\/wiki\/Paulo_Em%C3%ADlio_(cr%C3%ADtico_de_cinema)\" target=\"_blank\" rel=\"noreferrer noopener\">wiki<\/a>)&nbsp;&nbsp;<strong>&nbsp;&nbsp;&nbsp;&nbsp;&nbsp;&nbsp;&nbsp;&nbsp;&nbsp;&nbsp;&nbsp;&nbsp;&nbsp;&nbsp;&nbsp;&nbsp;&nbsp;&nbsp;&nbsp;<br>Paulo Mattoli<br>Paulo Pasta<br>Paulo S\u00e9rgio Bel\u00e9m <\/strong>(Div.Pesquisas)<strong><br>Paulo Tatit <\/strong>(Div.Pesquisas)<strong><br>Pergy Nelly Grassi Ramoska<br>P\u00e9rsio Pimentel<\/strong><\/p>\n\n\n\n<hr class=\"wp-block-separator has-css-opacity\"\/>\n\n\n\n<p class=\"has-small-font-size\"><strong>Radha Abramo\u00a0\u00a0<\/strong>(n.1928-2013) (IDART, 1976, \u00c1rea Artes pl\u00e1sticas)\u00a0\u00a0(<a href=\"https:\/\/enciclopedia.itaucultural.org.br\/pessoas\/5929-radha-abramo\">Ita\u00fa Cultural<\/a>)\u00a0\u00a0(post, <a href=\"https:\/\/fotoplus.com\/idart50\/?p=1384\">perfil<\/a>)\u00a0<strong>\u00a0\u00a0\u00a0\u00a0\u00a0\u00a0<br>Rafael Elia<br>Raphael Buongermino Netto <\/strong>(IDART, 1976, \u00c1rea Artes pl\u00e1sticas)<strong><br>Raquel Ferreira Bueno <\/strong>(Arquivo Multimeios) (Div.Pesquisas)<br><strong>Regina C\u00e9lia Pedroso<br>Regina Dutra <\/strong>(Regina Helena Dutra Rodrigues Ferreira da Silva, n.1942) (IDART, 1976, \u00c1rea Artes pl\u00e1sticas) (<a href=\"https:\/\/www.al.sp.gov.br\/noticia\/?id=266351\" target=\"_blank\" rel=\"noreferrer noopener\"><strong>Alesp<\/strong><\/a>)<strong><br><strong>Renata Ferreira Xavier<\/strong><\/strong> (Div.Pesquisas)<strong><br>Renata Lucas<br>Renato de Moraes<br>Reni Chaves Cardoso<br>Ricardo Duarte<br>Ricardo Forjaz Christiano de Souza<\/strong> (ETP Arquitetura)<br><strong>Ricardo Lobo de Andrade<\/strong> (IDART, 1976, \u00c1rea M\u00fasica e som)<strong><br><strong>Ricardo Mendes<\/strong> <\/strong>(n.1955) (Div. Pesquisas, ETP Cinema, ETP Fotografia)<strong><br>Ricardo Ohtake<\/strong> (IDART, \u00c1rea Artes gr\u00e1ficas)<strong><br>Rita Okamura<\/strong> (IDART, 1976, \u00c1rea Comunica\u00e7\u00e3o de massa)<strong><br>Roberto Diem<br>Roberto Dorta<br>Roberto Mitsuaki Kumagai<br>Rosa Camargo Artigas <\/strong>(Div.Pesquisas) ETP Cinema<strong><br>Rosana Dal Forno Braga<br>Roseli de Almeida<br>Roseli de C\u00e1ssia Borelli Carvalho<br><strong>Rubens Luis Ribeiro Machado Junior<\/strong> <\/strong>(ETP Cinema)<strong> (<a href=\"http:\/\/lattes.cnpq.br\/9003926620803169\" target=\"_blank\" rel=\"noreferrer noopener\">lattes<\/a>)<br>Rui Costa<br>Ruth Sprung Tarasantchi\u00a0<\/strong><br><\/p>\n\n\n\n<hr class=\"wp-block-separator has-css-opacity\"\/>\n\n\n\n<p class=\"has-small-font-size\"><strong>Sandra Maria Lovizio<\/strong> (Arquivo Multimeios)<strong><br>Sarah Yakhi<br>Selma de Carvalho Padron Kaufmann&nbsp;<\/strong> (ETP Comunica\u00e7\u00e3o de Massa)<strong><br>Senia Regina Bastos&nbsp;<\/strong>(diretoria) (Div.Pesquisas)&nbsp;&nbsp;<strong>&nbsp;&nbsp;&nbsp;&nbsp;&nbsp;&nbsp;&nbsp;&nbsp;&nbsp;&nbsp;&nbsp;&nbsp;&nbsp;&nbsp;&nbsp;&nbsp;&nbsp;&nbsp;&nbsp;&nbsp;&nbsp;&nbsp;&nbsp;&nbsp;&nbsp;&nbsp;&nbsp;&nbsp;<br>S\u00e9rgio Basbaum<br>S\u00e9rgio Kraselis<br>Silvana Garcia&nbsp;&nbsp;&nbsp;(diretoria) (Div.Pesquisas) <\/strong>(<a href=\"http:\/\/lattes.cnpq.br\/4148814607325223\" target=\"_blank\" rel=\"noreferrer noopener\">lattes<\/a>) &nbsp;<strong>&nbsp;&nbsp;&nbsp;&nbsp;&nbsp;&nbsp;&nbsp;&nbsp;&nbsp;&nbsp;&nbsp;&nbsp;&nbsp;&nbsp;&nbsp;&nbsp;&nbsp;&nbsp;&nbsp;&nbsp;&nbsp;&nbsp;&nbsp;&nbsp;&nbsp;&nbsp;&nbsp;&nbsp;&nbsp;&nbsp;&nbsp;&nbsp;&nbsp;&nbsp;&nbsp;&nbsp;&nbsp;<br>Silvana Lacreta<br>Silvia Fernandes da Silva Telesi <\/strong>(n.1953) (IDART, Div.Pesquisas, ETP Artes c\u00eanicas) (<a href=\"https:\/\/pt.wikipedia.org\/wiki\/S%C3%ADlvia_Fernandes\" target=\"_blank\" rel=\"noreferrer noopener\">wiki<\/a>)<strong><br>Silvia Neder<br>Silvia Raguzin<br><strong>Sonia Fontanezi<\/strong><\/strong> (supervisor) (IDART, \u00c1rea Artes gr\u00e1ficas; Div.Pesquisas, ETP Artes gr\u00e1ficas)<strong><br>Sonia Guimar\u00e3es<br>Sonia Gusm\u00e3o<br>Sonia Maria Lucas<br>Sonia Mindlin<br>Sonia Prieto <\/strong>(IDART, 1976, Artes pl\u00e1sticas)<strong><br>Sonia Salzstein Goldberg<\/strong><\/p>\n\n\n\n<hr class=\"wp-block-separator has-css-opacity\"\/>\n\n\n\n<p class=\"has-small-font-size\"><strong>Thais Sandri <\/strong>(ETP Cinema)<br><strong>T\u00e2nia Marcondes Bezerra<\/strong> (ETP Artes C\u00eanicas)<br><\/p>\n\n\n\n<hr class=\"wp-block-separator has-css-opacity\"\/>\n\n\n\n<p class=\"has-small-font-size\"><strong>Valderson Cuiabano Silverio de Souza<\/strong>  (n.1953) (Idart; Div.Pesquisas) (ETP Arquitetura) <br><strong>Valdir Arruda<\/strong> (n.1954) (ETP Arquitetura) (Idart; Div.Pesquisas)<br><strong>Valter Roberto de Souza&nbsp;<br>Vera Cec\u00edlia Achatkin&nbsp;&nbsp;&nbsp;&nbsp;&nbsp;&nbsp;&nbsp;&nbsp;&nbsp;&nbsp;&nbsp;&nbsp;&nbsp;&nbsp;&nbsp;&nbsp;&nbsp;&nbsp;&nbsp;&nbsp;&nbsp;&nbsp;&nbsp;&nbsp;&nbsp;&nbsp;&nbsp;&nbsp;&nbsp;&nbsp;&nbsp;<br>Vera Cordeiro<br>Vera d\u00b4Horta Beccari&nbsp;&nbsp;&nbsp;&nbsp;&nbsp;&nbsp;&nbsp;&nbsp;&nbsp;&nbsp;&nbsp;&nbsp;&nbsp;&nbsp;&nbsp;&nbsp;&nbsp;&nbsp;&nbsp;&nbsp;&nbsp;&nbsp;&nbsp;&nbsp;&nbsp;&nbsp;&nbsp;&nbsp;&nbsp;&nbsp;&nbsp;&nbsp;<br>Vera Lob\u00e3o<br>Vera L\u00facia Carneiro Feltrin<br>Vera L\u00facia Donadio<br>Vera L\u00facia Rocha<br>Vicente Alves de Souza Jr.<br>Virginia Borges&nbsp;<\/strong><\/p>\n\n\n\n<hr class=\"wp-block-separator has-alpha-channel-opacity\"\/>\n\n\n\n<p class=\"has-small-font-size\"><strong>Walter Pires <\/strong>(assistente de diretoria) (Div.Pesquisas)<br><strong>Walter Tadeu Hardt Siqueira<\/strong>&nbsp;&nbsp;&nbsp;&nbsp;&nbsp;&nbsp;&nbsp;&nbsp;&nbsp;&nbsp;&nbsp;&nbsp;&nbsp;&nbsp;&nbsp;&nbsp;&nbsp;&nbsp;&nbsp;<br><strong>Waltraud Weissmann<\/strong> (IDART, \u00c1rea Cinema)<br><strong>Wanda Falleiros<\/strong><br><strong>Wanda Jorge<\/strong><br><strong>Wilma Martins de Oliveira<\/strong>&nbsp;<br><strong>Wladir Nader<\/strong><\/p>\n\n\n\n<hr class=\"wp-block-separator has-alpha-channel-opacity\"\/>\n\n\n\n<p class=\"has-small-font-size\"><strong>Yara Nagel<\/strong><br><strong>Yvoty  de Macedo Pereira Macambira <\/strong>(ETP Artes Pl\u00e1sticas)<br><\/p>\n\n\n\n<hr class=\"wp-block-separator has-alpha-channel-opacity\"\/>\n\n\n\n<p class=\"has-small-font-size\"><strong>Z\u00e9lia Ramos Carneiro<br>Zilah Chrisostomo de Jesus<br>Zilah Vergueiro<br>Zulmira&nbsp;Ribeiro&nbsp;Tavares<\/strong> (IDART, 1976-[1980], \u00c1rea Cinema)<\/p>\n\n\n\n<hr class=\"wp-block-separator has-css-opacity\"\/>\n","protected":false},"excerpt":{"rendered":"<p>a partir de rela\u00e7\u00e3o elaborada em 2007 para a exposi\u00e7\u00e3o IDART 30 ANOS, enviada por Maria Adelaide Pontes(em revis\u00e3o) Quando conhecido, s\u00e3o indicados: nome completo, anos de nascimento e morte, participa\u00e7\u00e3o nas fases IDART ou Divis\u00e3o de Pesquisas, seguido pelas \u00e1reas de atua\u00e7\u00e3o em ordem cronol\u00f3gica. Veja o post Fot\u00f3grafos do Idart Adriana Gomes Consorte &hellip; <a href=\"https:\/\/www.fotoplus.com\/idart50\/?page_id=32\" class=\"more-link\">Continue lendo<span class=\"screen-reader-text\"> &#8220;Membros: ordem alfab\u00e9tica&#8221;<\/span><\/a><\/p>\n","protected":false},"author":1,"featured_media":0,"parent":4,"menu_order":0,"comment_status":"closed","ping_status":"closed","template":"","meta":{"footnotes":""},"class_list":["post-32","page","type-page","status-publish","hentry"],"_links":{"self":[{"href":"https:\/\/www.fotoplus.com\/idart50\/index.php?rest_route=\/wp\/v2\/pages\/32","targetHints":{"allow":["GET"]}}],"collection":[{"href":"https:\/\/www.fotoplus.com\/idart50\/index.php?rest_route=\/wp\/v2\/pages"}],"about":[{"href":"https:\/\/www.fotoplus.com\/idart50\/index.php?rest_route=\/wp\/v2\/types\/page"}],"author":[{"embeddable":true,"href":"https:\/\/www.fotoplus.com\/idart50\/index.php?rest_route=\/wp\/v2\/users\/1"}],"replies":[{"embeddable":true,"href":"https:\/\/www.fotoplus.com\/idart50\/index.php?rest_route=%2Fwp%2Fv2%2Fcomments&post=32"}],"version-history":[{"count":150,"href":"https:\/\/www.fotoplus.com\/idart50\/index.php?rest_route=\/wp\/v2\/pages\/32\/revisions"}],"predecessor-version":[{"id":1560,"href":"https:\/\/www.fotoplus.com\/idart50\/index.php?rest_route=\/wp\/v2\/pages\/32\/revisions\/1560"}],"up":[{"embeddable":true,"href":"https:\/\/www.fotoplus.com\/idart50\/index.php?rest_route=\/wp\/v2\/pages\/4"}],"wp:attachment":[{"href":"https:\/\/www.fotoplus.com\/idart50\/index.php?rest_route=%2Fwp%2Fv2%2Fmedia&parent=32"}],"curies":[{"name":"wp","href":"https:\/\/api.w.org\/{rel}","templated":true}]}}