{"id":361,"date":"2024-12-24T06:11:27","date_gmt":"2024-12-24T06:11:27","guid":{"rendered":"https:\/\/www.fotoplus.com\/idart50\/?page_id=361"},"modified":"2025-02-24T05:23:36","modified_gmt":"2025-02-24T05:23:36","slug":"publicacoes-cadernos-de-pesquisa-2008","status":"publish","type":"page","link":"https:\/\/www.fotoplus.com\/idart50\/?page_id=361","title":{"rendered":"Publica\u00e7\u00f5es: Cadernos de pesquisa (2008)"},"content":{"rendered":"\n<p class=\"has-text-align-left\">&#8220;A &#8216;Cole\u00e7\u00e3o cadernos de pesquisa&#8217; \u00e9 composta por fasc\u00edculos produzidos pelos pesquisadores da Divis\u00e3o de Pesquisas do Centro Cultural S\u00e3o Paulo, que sucedeu o Centro de Pesquisas sobre Arte Brasileira Contempor\u00e2nea do antigo Idart (Departamento de Informa\u00e7\u00e3o e Documenta\u00e7\u00e3o Art\u00edstica). Como<strong> parte das comemora\u00e7\u00f5es dos 30 anos do Idart<\/strong>, as Equipes T\u00e9cnicas de Pesquisa e o Arquivo Multimeios elaboraram vinte fasc\u00edculos, que agora s\u00e3o publicados no site do CCSP. A Cole\u00e7\u00e3o apresenta uma rica diversidade tem\u00e1tica, de acordo com a especificidade de cada Equipe em sua \u00e1rea de pesquisa \u2013 cinema, desenho industrial\/artes gr\u00e1ficas, teatro, televis\u00e3o, fotografia, m\u00fasica \u2013 e acaba por refletir a heterogeneidade das fontes documentais armazenadas no Arquivo Multimeios do Idart.&#8221; (grifo nosso)<\/p>\n\n\n\n<p class=\"has-text-align-right\">Do pref\u00e1cio, por Martin Grossman, diretor do CCSP (2008), <br>incluso no caderno <em>Mem\u00f3ria da Dan\u00e7a em S\u00e3o Paulo<\/em>, <strong>publica\u00e7\u00e3o eletr\u00f4nica<\/strong>.<br>Veja <a href=\"https:\/\/www.fotoplus.com\/idart50\/?p=365\">post <\/a>com texto completo.<\/p>\n\n\n\n<p class=\"has-text-align-right\"><br><strong>Cole\u00e7\u00e3o composta por 20 cadernos<\/strong>, editados entre 2007-2008, em formato PDF. 17 volumes dispon\u00edveis via site <a href=\"https:\/\/centrocultural.sp.gov.br\/publicacoes-online\/\" target=\"_blank\" rel=\"noreferrer noopener\">CCSP<\/a>; um, pelo Google Groups; parcialmente dispon\u00edveis tamb\u00e9m em: <a href=\"https:\/\/acervoccsp.art.br\/arquivo-multimeios\/?perpage=12&amp;view_mode=list&amp;paged=1&amp;order=ASC&amp;orderby=title&amp;fetch_only=status&amp;fetch_only_meta=100993%2C101002%2C101004%2C147840&amp;search=cadernos%20de%20pesquisa\" target=\"_blank\" rel=\"noreferrer noopener\">acervosccsp.art.br<\/a> (em 2025.02.24)<br><br><strong>Na ordem num\u00e9rica<\/strong>, sendo dois indicados como volume 7, <br>bem como volume 20 (Teatro de Arena)<br> apenas dispon\u00edvel <em>online<\/em> com acesso pago (Yump e Scribd).<br><br><br>.<br><\/p>\n\n\n\n<hr class=\"wp-block-separator has-alpha-channel-opacity is-style-wide\"\/>\n\n\n\n<p><\/p>\n\n\n\n<ul class=\"wp-block-list\">\n<li>DONADIO, Vera L\u00facia (org.). <strong><em>Tributos: m\u00fasica brasileira<\/em>.<\/strong> S\u00e3o Paulo: Centro Cultural S\u00e3o Paulo, 2007. 61p. (Cadernos de pesquisa, v.1) (<a href=\"https:\/\/centrocultural.sp.gov.br\/wp-content\/uploads\/2023\/09\/tributos-musica-brasileira-Centro-Cultural-Sao-Paulo.pdf\" target=\"_blank\" rel=\"noreferrer noopener\">download<\/a>)<br><br><\/li>\n\n\n\n<li>DONADIO, Vera L\u00facia (org.). <strong><em>M\u00fasica contempor\u00e2nea brasileira: Flo Menezes e Edson Zampronha<\/em>.<\/strong> S\u00e3o Paulo: Centro Cultural S\u00e3o Paulo, 2007. 88p. (Cadernos de pesquisa, v.2) (<a href=\"https:\/\/centrocultural.sp.gov.br\/wp-content\/uploads\/2023\/09\/musica-contemporanea-brasileira-flo-menezes-Centro-Cultural-Sao-Paulo.pdf\" target=\"_blank\" rel=\"noreferrer noopener\">download<\/a>)<br><br><\/li>\n\n\n\n<li>DONADIO, Vera L\u00facia (org.). <strong><em>M\u00fasica contempor\u00e2nea brasileira: Silvio Ferraz, M\u00e1rio Ficarelli e Marcos C\u00e2mara<\/em>.<\/strong> S\u00e3o Paulo: Centro Cultural S\u00e3o Paulo, 2007. 73p. (Cadernos de pesquisa, v.3) (<a href=\"https:\/\/centrocultural.sp.gov.br\/wp-content\/uploads\/2023\/09\/musica-contemporanea-brasileira-silvio-ferraz-Centro-Cultural-Sao-Paulo.pdf\" target=\"_blank\" rel=\"noreferrer noopener\">download<\/a>)<br><br><\/li>\n\n\n\n<li>COELHO, Maria Cristina Barbosa Lopes (org.), XAVIER, Renata Ferreira (org.). <em><strong>Mem\u00f3ria da Dan\u00e7a em S\u00e3o Paulo<\/strong><\/em>. S\u00e3o Paulo: Centro Cultural S\u00e3o Paulo, 2007. 92p. (Cadernos de pesquisa, v. 4) (<a href=\"https:\/\/centrocultural.sp.gov.br\/wp-content\/uploads\/2023\/09\/memoria-de-danca-em-Sao-Paulo-Centro-Cultural-Sao-Paulo.pdf\" target=\"_blank\" rel=\"noreferrer noopener\">download<\/a>)<br><br><\/li>\n\n\n\n<li>GATTI, Andr\u00e9 Piero (org.). <em><strong>O novo cinema paulista<\/strong><\/em>. S\u00e3o Paulo: Centro Cultural S\u00e3o Paulo, 2007. 80p. (Cadernos de pesquisa, v. 5) (<a href=\"https:\/\/centrocultural.sp.gov.br\/wp-content\/uploads\/2023\/09\/o-novo-cinema-Paulista-Centro-Cultural-Sao-Paulo.pdf\" target=\"_blank\" rel=\"noreferrer noopener\">download<\/a>)<br><br><\/li>\n\n\n\n<li>GATTI, Andr\u00e9 Piero. <strong><em>Embrafilme e o cinema brasileiro<\/em><\/strong><em>. <\/em> S\u00e3o Paulo: Centro Cultural S\u00e3o Paulo, 2007. 113p. (Cadernos de pesquisa, v. 6) (<a href=\"https:\/\/googlegroups.com\/group\/cinetvpr201201\/attach\/b943421b8a18eeaf\/Embrafilme%2520e%2520o%2520cinemabrasileiro.pdf\" target=\"_blank\" rel=\"noreferrer noopener\">download<\/a>, Google Groups)<br><br><\/li>\n\n\n\n<li>BATTAGLIA, Maria Jos\u00e9 de Almeida. <strong><em>Um pouquinho de teatro infantil<\/em><\/strong><em>. <\/em> S\u00e3o Paulo: Centro Cultural S\u00e3o Paulo, 2007. 84p. (Cadernos de pesquisa, v. 7) (<a href=\"https:\/\/centrocultural.sp.gov.br\/wp-content\/uploads\/2023\/09\/um-pouquinho-de-teatro-infantil-Centro-Cultural-Sao-Paulo.pdf\" target=\"_blank\" rel=\"noreferrer noopener\">download<\/a>)<br><br><\/li>\n\n\n\n<li>GATTI, Andr\u00e9 Piero. <em>A distribui\u00e7\u00e3o comercial cinematogr\u00e1fica.<\/em>S\u00e3o Paulo: Centro Cultural S\u00e3o Paulo, 2007. 107p. (Cadernos de pesquisa, v. <strong>7<\/strong>) (<a href=\"https:\/\/centrocultural.sp.gov.br\/wp-content\/uploads\/2023\/09\/distribuicao-comercial-cinematografica-Centro-Cultural-Sao-Paulo.pdf\" target=\"_blank\" rel=\"noreferrer noopener\">download<\/a>)<br><br><\/li>\n\n\n\n<li>GATTI, Andr\u00e9 Piero. <em>A exibi\u00e7\u00e3o cinematogr\u00e1fica: ontem, hoje e amanh\u00e3. <\/em> S\u00e3o Paulo: Centro Cultural S\u00e3o Paulo, 2007. 108p. (Cadernos de pesquisa, v. 8) (<a href=\"https:\/\/centrocultural.sp.gov.br\/wp-content\/uploads\/2023\/09\/a-exibicao-cenamatografica-ontem-hoje-e-amanha-Centro-Cultural-Sao-Paulo.pdf\" target=\"_blank\" rel=\"noreferrer noopener\">download<\/a>)<br><br><\/li>\n\n\n\n<li>POZZOLI, Marina Siqueira (org.). <em><strong>Teatro Uni\u00e3o e Olho Vivo<\/strong><\/em>. S\u00e3o Paulo: Centro Cultural S\u00e3o Paulo, 2007. 102p. (Cadernos de pesquisa, v. 9) (<a href=\"https:\/\/centrocultural.sp.gov.br\/wp-content\/uploads\/2023\/09\/teatro-uniao-e-olho-vivo-Centro-Cultural-Sao-Paulo.pdf\" target=\"_blank\" rel=\"noreferrer noopener\">download<\/a>)<br><br><\/li>\n\n\n\n<li>REBOU\u00c7AS, Ana Maria (org.).<strong> <em>Semin\u00e1rio Intera\u00e7\u00f5es, interfer\u00eancias e transforma\u00e7\u00f5es: a pr\u00e1tica da dramaturgia<\/em><\/strong>. S\u00e3o Paulo: Centro Cultural S\u00e3o Paulo, 2007. 171p. (Cadernos de pesquisa, v. 10) (<a href=\"https:\/\/centrocultural.sp.gov.br\/wp-content\/uploads\/2023\/09\/seminario-interacoes-interferencias-Centro-Cultural-Sao-Paulo.pdf\" target=\"_blank\" rel=\"noreferrer noopener\">download<\/a>)<br><br><\/li>\n\n\n\n<li>PAOLICCHI, Marta Regina. <em><strong>Fredi Kleemann<\/strong><\/em><strong>.<\/strong> S\u00e3o Paulo: Centro Cultural S\u00e3o Paulo, 2007. 97p. (Cadernos de pesquisa, v.11) (<a href=\"https:\/\/acervoccsp.art.br\/wp-content\/uploads\/tainacan-items\/100988\/364116\/Cadernos-de-Pesquisa-FREDI.pdf\" target=\"_blank\" rel=\"noreferrer noopener\">download<\/a>)<br><br><\/li>\n\n\n\n<li>AMORIM, Edgard Ribeiro. <em><strong>Hist\u00f3ria da TV brasileira<\/strong><\/em><strong>.<\/strong> S\u00e3o Paulo: Centro Cultural S\u00e3o Paulo, 2007. 123p. (Cadernos de pesquisa, v.12) (<a href=\"https:\/\/centrocultural.sp.gov.br\/wp-content\/uploads\/2023\/09\/historia-da-tv-brasileira-Centro-Cultural-Sao-Paulo.pdf\" target=\"_blank\" rel=\"noreferrer noopener\">download<\/a>)<br><br><\/li>\n\n\n\n<li>DENSER, M\u00e1rcia (org.), MARANI, M\u00e1rcia (org.).  <strong><em>Cria\u00e7\u00e3o gr\u00e1fica 70\/90: um olhar sobre tr\u00eas d\u00e9cadas<\/em><\/strong>. S\u00e3o Paulo: Centro Cultural S\u00e3o Paulo, 2007. 126p. (Cadernos de pesquisa, v.13) (<a href=\"https:\/\/centrocultural.sp.gov.br\/wp-content\/uploads\/2023\/09\/criacao-grafica-70-90-Centro-Cultural-Sao-Paulo.pdf\" target=\"_blank\" rel=\"noreferrer noopener\">download<\/a>)<br><br><\/li>\n\n\n\n<li>LOVIZIO, Sandra Maria (org.), MANTOVANI, Nilza da Silva (org.), MORELATTO, Andr\u00e9a Bruscagin (org.). <em><strong>Preserva\u00e7\u00e3o e conserva\u00e7\u00e3o<\/strong><\/em>. S\u00e3o Paulo: Centro Cultural S\u00e3o Paulo, 2007. 77p. (Cadernos de pesquisa, v. 14) (<a href=\"https:\/\/centrocultural.sp.gov.br\/wp-content\/uploads\/2023\/09\/preservacao-e-conservacao-Centro-Cultural-Sao-Paulo.pdf\" target=\"_blank\" rel=\"noreferrer noopener\">download<\/a>)<br><br><\/li>\n\n\n\n<li>BIANCHI, Claudia de Brito Lameirinha (org.). <em><strong>Mob\u00edlia brasileira contempor\u00e2nea<\/strong><\/em>. S\u00e3o Paulo: Centro Cultural S\u00e3o Paulo, 2007. 148p. (Cadernos de pesquisa, v. 15) (<a href=\"https:\/\/centrocultural.sp.gov.br\/wp-content\/uploads\/2023\/09\/mobilia-brasileira-contemporanea-Centro-Cultural-Sao-Paulo.pdf\" target=\"_blank\" rel=\"noreferrer noopener\">download<\/a>) (pesquisa de Marcos Cartum e Maria Lydia Fiamminghi)<br><br><\/li>\n\n\n\n<li>ALBUQUERQUE, Maria Elisa Vercesi de. <em><strong>Garotas de propaganda<\/strong>.<\/em> S\u00e3o Paulo: Centro Cultural S\u00e3o Paulo, 2007. 88p. (Cadernos de pesquisa, v.16) (<a href=\"https:\/\/centrocultural.sp.gov.br\/wp-content\/uploads\/2023\/09\/garotas-propaganda-Centro-Cultural-Sao-Paulo.pdf\" target=\"_blank\" rel=\"noreferrer noopener\">download<\/a>)<br><br><\/li>\n\n\n\n<li>LEITE, Andr\u00e9a Andura (org.). <em><strong>Novas linguagens, novas tecnologias<\/strong><\/em>. S\u00e3o Paulo: Centro Cultural S\u00e3o Paulo, 2007. 80p. (Cadernos de pesquisa, v. 18) (<a href=\"https:\/\/centrocultural.sp.gov.br\/wp-content\/uploads\/2023\/09\/novas-liguagens-novas-tecnologias-Centro-Cultural-Sao-Paulo.pdf\" target=\"_blank\" rel=\"noreferrer noopener\">download<\/a>)<br><br><\/li>\n\n\n\n<li> NUNES, Marisa, PORTO, Joyce Teixeira. <em><strong>Teatro de Arena<\/strong><\/em>. S\u00e3o Paulo: Centro Cultural S\u00e3o Paulo, 2007. 83p. (Cadernos de pesquisa, v. 20)<br><br><\/li>\n<\/ul>\n\n\n\n<p><\/p>\n","protected":false},"excerpt":{"rendered":"<p>&#8220;A &#8216;Cole\u00e7\u00e3o cadernos de pesquisa&#8217; \u00e9 composta por fasc\u00edculos produzidos pelos pesquisadores da Divis\u00e3o de Pesquisas do Centro Cultural S\u00e3o Paulo, que sucedeu o Centro de Pesquisas sobre Arte Brasileira Contempor\u00e2nea do antigo Idart (Departamento de Informa\u00e7\u00e3o e Documenta\u00e7\u00e3o Art\u00edstica). Como parte das comemora\u00e7\u00f5es dos 30 anos do Idart, as Equipes T\u00e9cnicas de Pesquisa e &hellip; <a href=\"https:\/\/www.fotoplus.com\/idart50\/?page_id=361\" class=\"more-link\">Continue lendo<span class=\"screen-reader-text\"> &#8220;Publica\u00e7\u00f5es: Cadernos de pesquisa (2008)&#8221;<\/span><\/a><\/p>\n","protected":false},"author":2,"featured_media":0,"parent":0,"menu_order":0,"comment_status":"closed","ping_status":"closed","template":"","meta":{"footnotes":""},"class_list":["post-361","page","type-page","status-publish","hentry"],"_links":{"self":[{"href":"https:\/\/www.fotoplus.com\/idart50\/index.php?rest_route=\/wp\/v2\/pages\/361","targetHints":{"allow":["GET"]}}],"collection":[{"href":"https:\/\/www.fotoplus.com\/idart50\/index.php?rest_route=\/wp\/v2\/pages"}],"about":[{"href":"https:\/\/www.fotoplus.com\/idart50\/index.php?rest_route=\/wp\/v2\/types\/page"}],"author":[{"embeddable":true,"href":"https:\/\/www.fotoplus.com\/idart50\/index.php?rest_route=\/wp\/v2\/users\/2"}],"replies":[{"embeddable":true,"href":"https:\/\/www.fotoplus.com\/idart50\/index.php?rest_route=%2Fwp%2Fv2%2Fcomments&post=361"}],"version-history":[{"count":37,"href":"https:\/\/www.fotoplus.com\/idart50\/index.php?rest_route=\/wp\/v2\/pages\/361\/revisions"}],"predecessor-version":[{"id":1148,"href":"https:\/\/www.fotoplus.com\/idart50\/index.php?rest_route=\/wp\/v2\/pages\/361\/revisions\/1148"}],"wp:attachment":[{"href":"https:\/\/www.fotoplus.com\/idart50\/index.php?rest_route=%2Fwp%2Fv2%2Fmedia&parent=361"}],"curies":[{"name":"wp","href":"https:\/\/api.w.org\/{rel}","templated":true}]}}