{"id":474,"date":"2025-01-01T09:29:08","date_gmt":"2025-01-01T09:29:08","guid":{"rendered":"https:\/\/www.fotoplus.com\/idart50\/?page_id=474"},"modified":"2025-10-03T02:02:57","modified_gmt":"2025-10-03T02:02:57","slug":"linha-do-tempo-um-breve-resumo","status":"publish","type":"page","link":"https:\/\/www.fotoplus.com\/idart50\/?page_id=474","title":{"rendered":"Linha do tempo: um breve resumo"},"content":{"rendered":"\n<hr class=\"wp-block-separator has-alpha-channel-opacity is-style-wide\"\/>\n\n\n\n<p class=\"has-medium-font-size\"><strong>d\u00e9cada 1970<\/strong><\/p>\n\n\n\n<div class=\"wp-block-group is-vertical is-layout-flex wp-container-core-group-is-layout-8cf370e7 wp-block-group-is-layout-flex\">\n<div class=\"wp-block-group is-vertical is-layout-flex wp-container-core-group-is-layout-8cf370e7 wp-block-group-is-layout-flex\">\n<div class=\"wp-block-group is-vertical is-layout-flex wp-container-core-group-is-layout-8cf370e7 wp-block-group-is-layout-flex\">\n<div class=\"wp-block-group is-vertical is-layout-flex wp-container-core-group-is-layout-8cf370e7 wp-block-group-is-layout-flex\">\n<figure class=\"wp-block-table is-style-stripes\"><table class=\"has-fixed-layout\"><tbody><tr><td><strong>20.05.1975<\/strong><\/td><td>cria\u00e7\u00e3o do Departamento de Informa\u00e7\u00e3o e Documenta\u00e7\u00e3o Art\u00edstica &#8211; IDART pela <a href=\"https:\/\/www.fotoplus.com\/idart50\/?page_id=136\">lei n.8.252<\/a>, de 20.05.1975<\/td><\/tr><tr><td><strong>1976<\/strong><\/td><td>Primeiro eixo de pesquisa entre \u00e1reas &#8211; <em>S\u00e3o Paulo, direito e avesso<\/em><\/td><\/tr><\/tbody><\/table><\/figure>\n\n\n\n<figure class=\"wp-block-table is-style-stripes\"><table class=\"has-fixed-layout\"><tbody><tr><td><strong>Out.1976<\/strong><\/td><td>Um problema ganha forma: a falta de espa\u00e7o para as \u00e1reas, o Arquivo e setores administrativos, que ocupam o piso t\u00e9rreo do Solar da Marquesa. Tr\u00eas anos depois, nota na imprensa qualifica as instala\u00e7\u00f5es como &#8220;cub\u00edculo inacess\u00edvel&#8221; (<a href=\"https:\/\/www.fotoplus.com\/idart50\/?p=560\">OESP, 16.09.1979<\/a>).<\/td><\/tr><tr><td><\/td><td><\/td><\/tr><\/tbody><\/table><\/figure>\n<\/div>\n\n\n\n<figure class=\"wp-block-table is-style-stripes\"><table class=\"has-fixed-layout\"><tbody><tr><td><strong>12.10.1976<\/strong><\/td><td>Prefeito Olavo Set\u00fabal visita as instala\u00e7\u00f5es do Idart na Casa da Marquesa, acompanhado do secret\u00e1rio S\u00e1bato Magaldi. Em funcionamento h\u00e1 cinco meses, o departamento contava com equipe de 30 &#8220;t\u00e9cnicos pesquisadores&#8221; (veja <a href=\"https:\/\/www.fotoplus.com\/idart50\/?p=464\">OESP, 13.10.1976, p.11<\/a>)<br><br>Veja a s\u00e9rie de cinco reportagens publicadas no jornal <em>Folha de S. Paulo, <\/em>sobre o IDART com depoimentos e rela\u00e7\u00f5es de projetos por equipe. Clique para ler os textos integrais:<br><a href=\"https:\/\/www.fotoplus.com\/idart50\/?p=726\">FSP, 31.10.1976<\/a>, p.56<br><a href=\"https:\/\/www.fotoplus.com\/idart50\/?p=730\">FSP, 14.11.1976<\/a>, p,72<br><a href=\"https:\/\/www.fotoplus.com\/idart50\/?p=637\">FSP, 05.12.1976<\/a>, p.104<br><a href=\"https:\/\/www.fotoplus.com\/idart50\/?p=678\">FSP, 19.12.1976<\/a>, p.96<br><a href=\"https:\/\/www.fotoplus.com\/idart50\/?p=732\">FSP, 09.01.1977<\/a>, p.62<\/td><\/tr><tr><td><strong>Dez.1976<\/strong><\/td><td>Outro problema surge de imediato, pr\u00e1tica recorrente em diversos \u00f3rg\u00e3os da municipalidade: o &#8220;desvio&#8221; de cargos. Criado com um quadro definido de funcion\u00e1rios: pesquisadores, auxiliares etc, em pouco mais de um ano esses cargos s\u00e3o desviados para outras unidades. (<a href=\"https:\/\/www.fotoplus.com\/idart50\/?p=678\">FSP, 19.12.1976<\/a>)<\/td><\/tr><tr><td><strong>Jun.1979<\/strong><\/td><td>Aberta ao p\u00fablico a consulta ao acervo documental reunido no <strong>Arquivo Multimeios<\/strong> (veja <a href=\"https:\/\/www.fotoplus.com\/idart50\/?p=495\">OESP, 13.06.1979, p.11<\/a>)<br><\/td><\/tr><\/tbody><\/table><\/figure>\n<\/div>\n<\/div>\n<\/div>\n\n\n\n<hr class=\"wp-block-separator has-alpha-channel-opacity is-style-wide\"\/>\n\n\n\n<p class=\"has-medium-font-size\"><strong>d\u00e9cada 1980<\/strong><\/p>\n\n\n\n<figure class=\"wp-block-table is-style-stripes\"><table class=\"has-fixed-layout\"><tbody><tr><td><strong>1980.01<\/strong><\/td><td>Inaugura\u00e7\u00e3o da nova sede do <strong>IDART <\/strong>na Casa das Retortas, \u00e0 Rua da Figueira n.77<br><br>MJ: Em S\u00e3o Paulo, a cultura ocupa espa\u00e7os ociosos da Prefeitura. OESP, 25.01.1980, p.25<\/td><\/tr><tr><td><strong>1982.05.13<\/strong><\/td><td>Inaugura\u00e7\u00e3o do <strong>Centro Cultural S\u00e3o Paulo<\/strong>, \u00e0 Rua Vergueiro n.1000, nova unidade da Secretaria Municipal de Cultural. <br>O CCSP absorve o IDART, do qual o <strong>Centro de Documenta\u00e7\u00e3o e Informa\u00e7\u00e3o sobre Arte Brasileira Contempor\u00e2nea e<\/strong> o <strong>Arquivo Multimeios<\/strong> s\u00e3o incorporados como Divis\u00e3o de Pesquisas.<br>Outras unidades do IDART como a Discoteca e parte da Biblioteca de Arte passam a integrar a estrutura do CCSP, perdendo o v\u00ednculo original com o IDART. <br>Veja o <a href=\"https:\/\/fotoplus.com\/idart50\/?page_id=457\">post <\/a>sobre a lei 9.467, de 06.05.1982, sobre a cria\u00e7\u00e3o do Centro Cultural S\u00e3o Paulo.<\/td><\/tr><\/tbody><\/table><\/figure>\n\n\n\n<hr class=\"wp-block-separator has-alpha-channel-opacity is-style-wide\"\/>\n\n\n\n<p class=\"has-medium-font-size\"><strong>d\u00e9cada 2000<\/strong><\/p>\n\n\n\n<figure class=\"wp-block-table is-style-stripes\"><table class=\"has-fixed-layout\"><tbody><tr><td><strong>2005<\/strong><\/td><td>Semin\u00e1rio <br><em>Intera\u00e7\u00f5es, interfer\u00eancias e transforma\u00e7\u00f5es: a pr\u00e1tica da dramaturgia<\/em><br><strong>ETP Artes c\u00eanicas<\/strong><br>(publicado em 2008, na Cole\u00e7\u00e3o Cadernos de pesquisa, v.10) (veja <a href=\"https:\/\/fotoplus.com\/idart50\/?page_id=361\">post<\/a>)<\/td><\/tr><\/tbody><\/table><\/figure>\n\n\n\n<figure class=\"wp-block-table is-style-stripes\"><table class=\"has-fixed-layout\"><tbody><tr><td><strong>31.10.2008<\/strong><\/td><td>A publica\u00e7\u00e3o <em>Notici\u00e1rio geral da photographia paulistana: 1839-1900 <\/em>(CCSP\/IMESP), de Paulo Cezar Alves Goulart e Ricardo Mendes, vers\u00e3o ampliada de pesquisa finalizada em 1993 pela ETP Artes gr\u00e1ficas, recebe o Pr\u00eamio Jabuti na categoria Arquitetura, Urbanismo. Fotografia. Comunica\u00e7\u00e3o e artes. (veja <a href=\"https:\/\/www.fotoplus.com\/idart50\/?p=501\">post<\/a>)<\/td><\/tr><tr><td><strong>12.11.2008<\/strong><\/td><td>Lan\u00e7amento da edi\u00e7\u00e3o digital dos Cadernos de Pesquisa do IDART, integrado com relan\u00e7amento dos Cadernos Compositores de M\u00fasica Contempor\u00e2nea.<br><br>Na abertura, conversa com M\u00e1rcia Denser (&#8220;publica\u00e7\u00e3o\/site do CCSP&#8221;) e Francisco Coelho (curador do N\u00facleo de M\u00fasica do CCSP).<br>(veja a <a href=\"https:\/\/fotoplus.com\/idart50\/?page_id=361\">cole\u00e7\u00e3o<\/a>)<\/td><\/tr><\/tbody><\/table><\/figure>\n\n\n\n<p><\/p>\n","protected":false},"excerpt":{"rendered":"<p>d\u00e9cada 1970 20.05.1975 cria\u00e7\u00e3o do Departamento de Informa\u00e7\u00e3o e Documenta\u00e7\u00e3o Art\u00edstica &#8211; IDART pela lei n.8.252, de 20.05.1975 1976 Primeiro eixo de pesquisa entre \u00e1reas &#8211; S\u00e3o Paulo, direito e avesso Out.1976 Um problema ganha forma: a falta de espa\u00e7o para as \u00e1reas, o Arquivo e setores administrativos, que ocupam o piso t\u00e9rreo do Solar &hellip; <a href=\"https:\/\/www.fotoplus.com\/idart50\/?page_id=474\" class=\"more-link\">Continue lendo<span class=\"screen-reader-text\"> &#8220;Linha do tempo: um breve resumo&#8221;<\/span><\/a><\/p>\n","protected":false},"author":2,"featured_media":0,"parent":0,"menu_order":0,"comment_status":"closed","ping_status":"closed","template":"","meta":{"footnotes":""},"class_list":["post-474","page","type-page","status-publish","hentry"],"_links":{"self":[{"href":"https:\/\/www.fotoplus.com\/idart50\/index.php?rest_route=\/wp\/v2\/pages\/474","targetHints":{"allow":["GET"]}}],"collection":[{"href":"https:\/\/www.fotoplus.com\/idart50\/index.php?rest_route=\/wp\/v2\/pages"}],"about":[{"href":"https:\/\/www.fotoplus.com\/idart50\/index.php?rest_route=\/wp\/v2\/types\/page"}],"author":[{"embeddable":true,"href":"https:\/\/www.fotoplus.com\/idart50\/index.php?rest_route=\/wp\/v2\/users\/2"}],"replies":[{"embeddable":true,"href":"https:\/\/www.fotoplus.com\/idart50\/index.php?rest_route=%2Fwp%2Fv2%2Fcomments&post=474"}],"version-history":[{"count":31,"href":"https:\/\/www.fotoplus.com\/idart50\/index.php?rest_route=\/wp\/v2\/pages\/474\/revisions"}],"predecessor-version":[{"id":1632,"href":"https:\/\/www.fotoplus.com\/idart50\/index.php?rest_route=\/wp\/v2\/pages\/474\/revisions\/1632"}],"wp:attachment":[{"href":"https:\/\/www.fotoplus.com\/idart50\/index.php?rest_route=%2Fwp%2Fv2%2Fmedia&parent=474"}],"curies":[{"name":"wp","href":"https:\/\/api.w.org\/{rel}","templated":true}]}}