{"id":57,"date":"2022-07-25T03:30:48","date_gmt":"2022-07-25T03:30:48","guid":{"rendered":"http:\/\/fotoplus.com\/idart50\/?page_id=57"},"modified":"2025-03-21T10:03:13","modified_gmt":"2025-03-21T10:03:13","slug":"publicacoes-idart-divisao-de-pesquisas","status":"publish","type":"page","link":"https:\/\/www.fotoplus.com\/idart50\/?page_id=57","title":{"rendered":"Publica\u00e7\u00f5es: Resumo"},"content":{"rendered":"\n<p class=\"has-text-align-right has-small-font-size\">Como link gen\u00e9rico para <strong>downloads<\/strong>, adote<br><a href=\"https:\/\/centrocultural.sp.gov.br\/publicacoes-online\/\" target=\"_blank\" rel=\"noreferrer noopener\">https:\/\/centrocultural.sp.gov.br\/publicacoes-online\/<\/a><br>(desde 2023.09)<br><\/p>\n\n\n\n<p>Consulte as rela\u00e7\u00f5es:<br><br><br><strong><a href=\"https:\/\/fotoplus.com\/idart50\/?page_id=1001\">Publica\u00e7\u00f5es por \u00c1rea \/ ETP<\/a><\/strong><br><br><strong><a href=\"https:\/\/fotoplus.com\/idart50\/?page_id=1008\">Publica\u00e7\u00f5es por ano: resumo<\/a><\/strong><br><br><strong><a href=\"https:\/\/fotoplus.com\/idart50\/?page_id=1331\">Publica\u00e7\u00f5es por ano: nota\u00e7\u00e3o completa<\/a><\/strong><br><br><strong><a href=\"https:\/\/fotoplus.com\/idart50\/?page_id=1158\">Publica\u00e7\u00f5es &#8211; cole\u00e7\u00f5es \/ s\u00e9ries &amp; cat\u00e1logos<\/a><\/strong><br><br><strong><a href=\"https:\/\/fotoplus.com\/idart50\/?page_id=1186\">Publica\u00e7\u00f5es &#8211; cat\u00e1logos<\/a><\/strong><br><br><strong><a href=\"https:\/\/fotoplus.com\/idart50\/?page_id=1321\">Publica\u00e7\u00f5es &#8211; <em>Revista D&#8217;ART<\/em><\/a><\/strong><\/p>\n\n\n\n<p><strong><a href=\"https:\/\/fotoplus.com\/idart50\/?page_id=361\">Publica\u00e7\u00f5es: Cadernos de pesquisa (2008)<\/a><\/strong><\/p>\n\n\n\n<p><\/p>\n\n\n\n<p class=\"has-text-align-right has-small-font-size\">A partir de texto b\u00e1sico enviado por <br>Maria Adelaide Pontes, em 12.12.2024.<\/p>\n","protected":false},"excerpt":{"rendered":"<p>Como link gen\u00e9rico para downloads, adotehttps:\/\/centrocultural.sp.gov.br\/publicacoes-online\/(desde 2023.09) Consulte as rela\u00e7\u00f5es: Publica\u00e7\u00f5es por \u00c1rea \/ ETP Publica\u00e7\u00f5es por ano: resumo Publica\u00e7\u00f5es por ano: nota\u00e7\u00e3o completa Publica\u00e7\u00f5es &#8211; cole\u00e7\u00f5es \/ s\u00e9ries &amp; cat\u00e1logos Publica\u00e7\u00f5es &#8211; cat\u00e1logos Publica\u00e7\u00f5es &#8211; Revista D&#8217;ART Publica\u00e7\u00f5es: Cadernos de pesquisa (2008) A partir de texto b\u00e1sico enviado por Maria Adelaide Pontes, em 12.12.2024.<\/p>\n","protected":false},"author":1,"featured_media":0,"parent":0,"menu_order":0,"comment_status":"closed","ping_status":"closed","template":"","meta":{"footnotes":""},"class_list":["post-57","page","type-page","status-publish","hentry"],"_links":{"self":[{"href":"https:\/\/www.fotoplus.com\/idart50\/index.php?rest_route=\/wp\/v2\/pages\/57","targetHints":{"allow":["GET"]}}],"collection":[{"href":"https:\/\/www.fotoplus.com\/idart50\/index.php?rest_route=\/wp\/v2\/pages"}],"about":[{"href":"https:\/\/www.fotoplus.com\/idart50\/index.php?rest_route=\/wp\/v2\/types\/page"}],"author":[{"embeddable":true,"href":"https:\/\/www.fotoplus.com\/idart50\/index.php?rest_route=\/wp\/v2\/users\/1"}],"replies":[{"embeddable":true,"href":"https:\/\/www.fotoplus.com\/idart50\/index.php?rest_route=%2Fwp%2Fv2%2Fcomments&post=57"}],"version-history":[{"count":18,"href":"https:\/\/www.fotoplus.com\/idart50\/index.php?rest_route=\/wp\/v2\/pages\/57\/revisions"}],"predecessor-version":[{"id":1344,"href":"https:\/\/www.fotoplus.com\/idart50\/index.php?rest_route=\/wp\/v2\/pages\/57\/revisions\/1344"}],"wp:attachment":[{"href":"https:\/\/www.fotoplus.com\/idart50\/index.php?rest_route=%2Fwp%2Fv2%2Fmedia&parent=57"}],"curies":[{"name":"wp","href":"https:\/\/api.w.org\/{rel}","templated":true}]}}